{"id":1968,"date":"2024-07-03T17:02:21","date_gmt":"2024-07-03T15:02:21","guid":{"rendered":"https:\/\/optimismus.es\/politique-de-confidentialite\/"},"modified":"2024-11-25T10:13:04","modified_gmt":"2024-11-25T09:13:04","slug":"politique-de-confidentialite","status":"publish","type":"page","link":"https:\/\/optimismus.es\/fr\/politique-de-confidentialite\/","title":{"rendered":"politique de confidentialit\u00e9"},"content":{"rendered":"\t\t<div data-elementor-type=\"wp-page\" data-elementor-id=\"1968\" class=\"elementor elementor-1968 elementor-3\" data-elementor-post-type=\"page\">\n\t\t\t\t<div class=\"elementor-element elementor-element-3c1cd896 e-flex e-con-boxed e-con e-parent\" data-id=\"3c1cd896\" data-element_type=\"container\" data-e-type=\"container\" data-settings=\"{&quot;background_background&quot;:&quot;classic&quot;}\">\n\t\t\t\t\t<div class=\"e-con-inner\">\n\t\t\t\t<div class=\"elementor-element elementor-element-1cef2f1a elementor-widget elementor-widget-heading\" data-id=\"1cef2f1a\" data-element_type=\"widget\" data-e-type=\"widget\" data-widget_type=\"heading.default\">\n\t\t\t\t<div class=\"elementor-widget-container\">\n\t\t\t\t\t<h1 class=\"elementor-heading-title elementor-size-default\">politique de confidentialit\u00e9<\/h1>\t\t\t\t<\/div>\n\t\t\t\t<\/div>\n\t\t\t\t\t<\/div>\n\t\t\t\t<\/div>\n\t\t<div class=\"elementor-element elementor-element-4801af91 e-flex e-con-boxed e-con e-parent\" data-id=\"4801af91\" data-element_type=\"container\" data-e-type=\"container\">\n\t\t\t\t\t<div class=\"e-con-inner\">\n\t\t\t\t<div class=\"elementor-element elementor-element-5a3e4563 elementor-widget__width-initial elementor-widget elementor-widget-text-editor\" data-id=\"5a3e4563\" data-element_type=\"widget\" data-e-type=\"widget\" data-widget_type=\"text-editor.default\">\n\t\t\t\t<div class=\"elementor-widget-container\">\n\t\t\t\t\t\t\t\t\t\n<p>Suivant les principes de l\u00e9galit\u00e9, de loyaut\u00e9 et de transparence, nous mettons ce document \u00e0 votre disposition.<br> Politique de confidentialit\u00e9.<\/p>\n\n\n\n<h2 class=\"wp-block-heading\"><br>Qui est responsable du traitement de vos donn\u00e9es ?<\/h2>\n\n\n\n<p>CLARO SOL CARTERA, SL<br> CIF : B79156063.<br> ADRESSE ENREGISTR\u00c9E : C\/ Ulises, 87, 28043 &#8211; Madrid.<br> Courriel : contacta@optimismus.es<br> T\u00e9l\u00e9phone : +34645989813.<br><\/p>\n\n\n\n<h2 class=\"wp-block-heading\">Dans quel but traitons-nous vos donn\u00e9es personnelles ?<\/h2>\n\n\n\n<p>Chez CLARO SOL CARTERA, SL, nous traitons les informations que vous nous fournissez dans le but de<br> g\u00e9rer la relation contractuelle qui nous unit, g\u00e9rer l&rsquo;envoi des informations que nous<br> demandes, pour fournir aux parties int\u00e9ress\u00e9es des offres de nos services et\/ou produits qui les int\u00e9ressent.<\/p>\n\n\n\n<h2 class=\"wp-block-heading\">Combien de temps conserverons-nous vos donn\u00e9es personnelles ?<\/h2>\n\n\n\n<p>Vos donn\u00e9es seront conserv\u00e9es pendant la dur\u00e9e minimale n\u00e9cessaire \u00e0 la bonne fourniture du service.<br> offertes, ainsi que d&rsquo;aborder les responsabilit\u00e9s qui peuvent en d\u00e9couler et de<br> toute autre exigence l\u00e9gale.<\/p>\n\n\n\n<h2 class=\"wp-block-heading\">Quelle est la l\u00e9gitimit\u00e9 du traitement de vos donn\u00e9es ?<\/h2>\n\n\n\n<p>La base juridique du traitement de vos donn\u00e9es personnelles est prot\u00e9g\u00e9e par le<br> pr\u00e9vu \u00e0 l&rsquo;article 6 du RGPD, et peut \u00eatre l&rsquo;ex\u00e9cution d&rsquo;une relation contractuelle<br> potentiel et\/ou souscrit, l&rsquo;int\u00e9r\u00eat l\u00e9gitime, l&rsquo;autorisation l\u00e9gale et\/ou le consentement du<br> int\u00e9ress\u00e9. Les donn\u00e9es que nous vous demandons sont ad\u00e9quates, pertinentes et strictement n\u00e9cessaires<br> et en aucun cas vous n&rsquo;\u00eates oblig\u00e9 de nous les fournir, mais votre d\u00e9faut de les communiquer peut affecter la<br> finalit\u00e9 du service ou l\u2019impossibilit\u00e9 de le fournir. <\/p>\n\n\n\n<h2 class=\"wp-block-heading\">\u00c0 quels destinataires vos donn\u00e9es seront-elles communiqu\u00e9es ?<\/h2>\n\n\n\n<p>CLARO SOL CARTERA, SL ne communiquera vos donn\u00e9es \u00e0 aucun tiers, sauf si vous en \u00eates inform\u00e9.<br> express\u00e9ment.<\/p>\n\n\n\n<h2 class=\"wp-block-heading\">Quels sont vos droits lorsque vous nous fournissez vos donn\u00e9es ?<\/h2>\n\n\n\n<p>Les droits en mati\u00e8re de protection des donn\u00e9es dont disposent les int\u00e9ress\u00e9s sont les suivants&nbsp;:<br> \u2022Droit de demander l&rsquo;acc\u00e8s aux donn\u00e9es personnelles relatives \u00e0 l&rsquo;int\u00e9ress\u00e9.<br> \u2022Droit de rectification ou de suppression.<br> \u2022Droit d&rsquo;opposition.<br> \u2022Droit de demander la limitation de votre traitement.<br> \u2022Droit \u00e0 la portabilit\u00e9 des donn\u00e9es.<\/p>\n\n\n\n<p>Les propri\u00e9taires des donn\u00e9es personnelles obtenues peuvent exercer leurs droits en mati\u00e8re de protection de la vie priv\u00e9e.<br> donn\u00e9es personnelles en envoyant une communication \u00e9crite au si\u00e8ge social de CLARO SOL<br> PORTFOLIO, SLo \u00e0 l&rsquo;e-mail activ\u00e9 \u00e0 cet effet, contacta@optimismus.es,<br> comprenant dans les deux cas une photocopie de votre DNI ou autre document d\u2019identification \u00e9quivalent.<br> Mod\u00e8les, formulaires et plus d&rsquo;informations disponibles sur vos droits sur le site Internet de<br> autorit\u00e9 nationale de contr\u00f4le, Agence espagnole de protection des donn\u00e9es, ci-apr\u00e8s, AEPD,<br> www.agpd.es.<\/p>\n\n\n\n<h2 class=\"wp-block-heading\">Puis-je retirer mon consentement ?<\/h2>\n\n\n\n<p>Vous avez la possibilit\u00e9 et le droit de retirer votre consentement \u00e0 quelque fin que ce soit.<br> sp\u00e9cificit\u00e9 accord\u00e9e \u00e0 l&rsquo;\u00e9poque, sans affecter la l\u00e9galit\u00e9 du traitement fond\u00e9 sur la<br> consentement avant son retrait.<\/p>\n\n\n\n<h2 class=\"wp-block-heading\">O\u00f9 puis-je me plaindre si je pense que mes donn\u00e9es ne sont pas trait\u00e9es correctement ?<\/h2>\n\n\n\n<p>Si une partie int\u00e9ress\u00e9e consid\u00e8re que ses donn\u00e9es ne sont pas trait\u00e9es correctement par CLARO SOL<br> CARTERA, SL peut adresser vos r\u00e9clamations \u00e0 l&rsquo;e-mail contacta@optimismus.es, ou au<br> autorit\u00e9 de protection des donn\u00e9es correspondante, l&rsquo;AEPD \u00e9tant celle indiqu\u00e9e sur le territoire<br> nationale, www.agpd.es<\/p>\n\n\n\n<h2 class=\"wp-block-heading\">S\u00e9curit\u00e9 et mise \u00e0 jour de vos donn\u00e9es personnelles<\/h2>\n\n\n\n<p>Afin de sauvegarder la s\u00e9curit\u00e9 de vos donn\u00e9es personnelles, nous vous informons que CLARO<br> SOL CARTERA, SL a adopt\u00e9 toutes les mesures techniques et organisationnelles n\u00e9cessaires<br> pour garantir la s\u00e9curit\u00e9 des donn\u00e9es personnelles fournies. Tout \u00e7a pour \u00e9viter<br> alt\u00e9ration, perte et\/ou traitement ou acc\u00e8s non autoris\u00e9, comme l&rsquo;exige la r\u00e9glementation, si<br> Eh bien, la s\u00e9curit\u00e9 absolue n\u2019existe pas.<br> Il est important que, afin que nous puissions maintenir vos donn\u00e9es personnelles \u00e0 jour, vous nous informiez<br> chaque fois qu&rsquo;une modification survient. <\/p>\n\n\n\n<h2 class=\"wp-block-heading\">Confidentialit\u00e9<\/h2>\n\n\n\n<p>CLARO SOL CARTERA, SL vous informe que vos donn\u00e9es seront trait\u00e9es avec le plus grand soin et<br> confidentialit\u00e9 par tout le personnel impliqu\u00e9 dans chacune des phases du traitement.<br> Nous ne transf\u00e9rerons ni ne communiquerons vos donn\u00e9es \u00e0 des tiers, sauf en cas de litige.<br> fourni, ou sauf si l&rsquo;int\u00e9ress\u00e9 nous a express\u00e9ment autoris\u00e9.<\/p>\n\t\t\t\t\t\t\t\t<\/div>\n\t\t\t\t<\/div>\n\t\t\t\t\t<\/div>\n\t\t\t\t<\/div>\n\t\t\t\t<\/div>\n\t\t","protected":false},"excerpt":{"rendered":"<p>politique de confidentialit\u00e9 Suivant les principes de l\u00e9galit\u00e9, de loyaut\u00e9 et de transparence, nous mettons ce document \u00e0 votre disposition. Politique de confidentialit\u00e9. Qui est responsable du traitement de vos donn\u00e9es ? CLARO SOL CARTERA, SL CIF : B79156063. ADRESSE ENREGISTR\u00c9E : C\/ Ulises, 87, 28043 &#8211; Madrid. Courriel : contacta@optimismus.es T\u00e9l\u00e9phone : +34645989813. Dans [&hellip;]<\/p>\n","protected":false},"author":1,"featured_media":0,"parent":0,"menu_order":0,"comment_status":"closed","ping_status":"closed","template":"","meta":{"_joinchat":[],"footnotes":""},"class_list":["post-1968","page","type-page","status-publish","hentry"],"yoast_head":"<!-- This site is optimized with the Yoast SEO plugin v27.2 - https:\/\/yoast.com\/product\/yoast-seo-wordpress\/ -->\n<title>politique de confidentialit\u00e9 - Optimismus<\/title>\n<meta name=\"robots\" content=\"index, follow, max-snippet:-1, max-image-preview:large, max-video-preview:-1\" \/>\n<link rel=\"canonical\" href=\"https:\/\/optimismus.es\/fr\/politique-de-confidentialite\/\" \/>\n<meta property=\"og:locale\" content=\"fr_FR\" \/>\n<meta property=\"og:type\" content=\"article\" \/>\n<meta property=\"og:title\" content=\"politique de confidentialit\u00e9 - Optimismus\" \/>\n<meta property=\"og:description\" content=\"politique de confidentialit\u00e9 Suivant les principes de l\u00e9galit\u00e9, de loyaut\u00e9 et de transparence, nous mettons ce document \u00e0 votre disposition. Politique de confidentialit\u00e9. Qui est responsable du traitement de vos donn\u00e9es ? CLARO SOL CARTERA, SL CIF : B79156063. ADRESSE ENREGISTR\u00c9E : C\/ Ulises, 87, 28043 &#8211; Madrid. Courriel : contacta@optimismus.es T\u00e9l\u00e9phone : +34645989813. Dans [&hellip;]\" \/>\n<meta property=\"og:url\" content=\"https:\/\/optimismus.es\/fr\/politique-de-confidentialite\/\" \/>\n<meta property=\"og:site_name\" content=\"Optimismus\" \/>\n<meta property=\"article:modified_time\" content=\"2024-11-25T09:13:04+00:00\" \/>\n<meta name=\"twitter:card\" content=\"summary_large_image\" \/>\n<meta name=\"twitter:label1\" content=\"Dur\u00e9e de lecture estim\u00e9e\" \/>\n\t<meta name=\"twitter:data1\" content=\"4 minutes\" \/>\n<script type=\"application\/ld+json\" class=\"yoast-schema-graph\">{\"@context\":\"https:\/\/schema.org\",\"@graph\":[{\"@type\":\"WebPage\",\"@id\":\"https:\/\/optimismus.es\/fr\/politique-de-confidentialite\/\",\"url\":\"https:\/\/optimismus.es\/fr\/politique-de-confidentialite\/\",\"name\":\"politique de confidentialit\u00e9 - Optimismus\",\"isPartOf\":{\"@id\":\"https:\/\/optimismus.es\/fr\/#website\"},\"datePublished\":\"2024-07-03T15:02:21+00:00\",\"dateModified\":\"2024-11-25T09:13:04+00:00\",\"breadcrumb\":{\"@id\":\"https:\/\/optimismus.es\/fr\/politique-de-confidentialite\/#breadcrumb\"},\"inLanguage\":\"fr-FR\",\"potentialAction\":[{\"@type\":\"ReadAction\",\"target\":[\"https:\/\/optimismus.es\/fr\/politique-de-confidentialite\/\"]}]},{\"@type\":\"BreadcrumbList\",\"@id\":\"https:\/\/optimismus.es\/fr\/politique-de-confidentialite\/#breadcrumb\",\"itemListElement\":[{\"@type\":\"ListItem\",\"position\":1,\"name\":\"Home\",\"item\":\"https:\/\/optimismus.es\/fr\/\"},{\"@type\":\"ListItem\",\"position\":2,\"name\":\"politique de confidentialit\u00e9\"}]},{\"@type\":\"WebSite\",\"@id\":\"https:\/\/optimismus.es\/fr\/#website\",\"url\":\"https:\/\/optimismus.es\/fr\/\",\"name\":\"Optimismus\",\"description\":\"Coworking Spaces\",\"publisher\":{\"@id\":\"https:\/\/optimismus.es\/fr\/#organization\"},\"potentialAction\":[{\"@type\":\"SearchAction\",\"target\":{\"@type\":\"EntryPoint\",\"urlTemplate\":\"https:\/\/optimismus.es\/fr\/?s={search_term_string}\"},\"query-input\":{\"@type\":\"PropertyValueSpecification\",\"valueRequired\":true,\"valueName\":\"search_term_string\"}}],\"inLanguage\":\"fr-FR\"},{\"@type\":\"Organization\",\"@id\":\"https:\/\/optimismus.es\/fr\/#organization\",\"name\":\"Optimismus\",\"url\":\"https:\/\/optimismus.es\/fr\/\",\"logo\":{\"@type\":\"ImageObject\",\"inLanguage\":\"fr-FR\",\"@id\":\"https:\/\/optimismus.es\/fr\/#\/schema\/logo\/image\/\",\"url\":\"https:\/\/optimismus.es\/wp-content\/uploads\/2024\/10\/Logo-Optimismus.svg\",\"contentUrl\":\"https:\/\/optimismus.es\/wp-content\/uploads\/2024\/10\/Logo-Optimismus.svg\",\"width\":432,\"height\":68,\"caption\":\"Optimismus\"},\"image\":{\"@id\":\"https:\/\/optimismus.es\/fr\/#\/schema\/logo\/image\/\"}}]}<\/script>\n<!-- \/ Yoast SEO plugin. -->","yoast_head_json":{"title":"politique de confidentialit\u00e9 - Optimismus","robots":{"index":"index","follow":"follow","max-snippet":"max-snippet:-1","max-image-preview":"max-image-preview:large","max-video-preview":"max-video-preview:-1"},"canonical":"https:\/\/optimismus.es\/fr\/politique-de-confidentialite\/","og_locale":"fr_FR","og_type":"article","og_title":"politique de confidentialit\u00e9 - Optimismus","og_description":"politique de confidentialit\u00e9 Suivant les principes de l\u00e9galit\u00e9, de loyaut\u00e9 et de transparence, nous mettons ce document \u00e0 votre disposition. Politique de confidentialit\u00e9. Qui est responsable du traitement de vos donn\u00e9es ? CLARO SOL CARTERA, SL CIF : B79156063. ADRESSE ENREGISTR\u00c9E : C\/ Ulises, 87, 28043 &#8211; Madrid. Courriel : contacta@optimismus.es T\u00e9l\u00e9phone : +34645989813. Dans [&hellip;]","og_url":"https:\/\/optimismus.es\/fr\/politique-de-confidentialite\/","og_site_name":"Optimismus","article_modified_time":"2024-11-25T09:13:04+00:00","twitter_card":"summary_large_image","twitter_misc":{"Dur\u00e9e de lecture estim\u00e9e":"4 minutes"},"schema":{"@context":"https:\/\/schema.org","@graph":[{"@type":"WebPage","@id":"https:\/\/optimismus.es\/fr\/politique-de-confidentialite\/","url":"https:\/\/optimismus.es\/fr\/politique-de-confidentialite\/","name":"politique de confidentialit\u00e9 - Optimismus","isPartOf":{"@id":"https:\/\/optimismus.es\/fr\/#website"},"datePublished":"2024-07-03T15:02:21+00:00","dateModified":"2024-11-25T09:13:04+00:00","breadcrumb":{"@id":"https:\/\/optimismus.es\/fr\/politique-de-confidentialite\/#breadcrumb"},"inLanguage":"fr-FR","potentialAction":[{"@type":"ReadAction","target":["https:\/\/optimismus.es\/fr\/politique-de-confidentialite\/"]}]},{"@type":"BreadcrumbList","@id":"https:\/\/optimismus.es\/fr\/politique-de-confidentialite\/#breadcrumb","itemListElement":[{"@type":"ListItem","position":1,"name":"Home","item":"https:\/\/optimismus.es\/fr\/"},{"@type":"ListItem","position":2,"name":"politique de confidentialit\u00e9"}]},{"@type":"WebSite","@id":"https:\/\/optimismus.es\/fr\/#website","url":"https:\/\/optimismus.es\/fr\/","name":"Optimismus","description":"Coworking Spaces","publisher":{"@id":"https:\/\/optimismus.es\/fr\/#organization"},"potentialAction":[{"@type":"SearchAction","target":{"@type":"EntryPoint","urlTemplate":"https:\/\/optimismus.es\/fr\/?s={search_term_string}"},"query-input":{"@type":"PropertyValueSpecification","valueRequired":true,"valueName":"search_term_string"}}],"inLanguage":"fr-FR"},{"@type":"Organization","@id":"https:\/\/optimismus.es\/fr\/#organization","name":"Optimismus","url":"https:\/\/optimismus.es\/fr\/","logo":{"@type":"ImageObject","inLanguage":"fr-FR","@id":"https:\/\/optimismus.es\/fr\/#\/schema\/logo\/image\/","url":"https:\/\/optimismus.es\/wp-content\/uploads\/2024\/10\/Logo-Optimismus.svg","contentUrl":"https:\/\/optimismus.es\/wp-content\/uploads\/2024\/10\/Logo-Optimismus.svg","width":432,"height":68,"caption":"Optimismus"},"image":{"@id":"https:\/\/optimismus.es\/fr\/#\/schema\/logo\/image\/"}}]}},"_links":{"self":[{"href":"https:\/\/optimismus.es\/fr\/wp-json\/wp\/v2\/pages\/1968","targetHints":{"allow":["GET"]}}],"collection":[{"href":"https:\/\/optimismus.es\/fr\/wp-json\/wp\/v2\/pages"}],"about":[{"href":"https:\/\/optimismus.es\/fr\/wp-json\/wp\/v2\/types\/page"}],"author":[{"embeddable":true,"href":"https:\/\/optimismus.es\/fr\/wp-json\/wp\/v2\/users\/1"}],"replies":[{"embeddable":true,"href":"https:\/\/optimismus.es\/fr\/wp-json\/wp\/v2\/comments?post=1968"}],"version-history":[{"count":5,"href":"https:\/\/optimismus.es\/fr\/wp-json\/wp\/v2\/pages\/1968\/revisions"}],"predecessor-version":[{"id":1979,"href":"https:\/\/optimismus.es\/fr\/wp-json\/wp\/v2\/pages\/1968\/revisions\/1979"}],"wp:attachment":[{"href":"https:\/\/optimismus.es\/fr\/wp-json\/wp\/v2\/media?parent=1968"}],"curies":[{"name":"wp","href":"https:\/\/api.w.org\/{rel}","templated":true}]}}