{"id":1921,"date":"2024-11-12T13:46:55","date_gmt":"2024-11-12T12:46:55","guid":{"rendered":"https:\/\/optimismus.es\/present\/"},"modified":"2026-01-09T08:04:37","modified_gmt":"2026-01-09T07:04:37","slug":"present","status":"publish","type":"page","link":"https:\/\/optimismus.es\/fr\/present\/","title":{"rendered":"Pr\u00e9sent"},"content":{"rendered":"\t\t<div data-elementor-type=\"wp-page\" data-elementor-id=\"1921\" class=\"elementor elementor-1921 elementor-1400\" data-elementor-post-type=\"page\">\n\t\t\t\t<div class=\"elementor-element elementor-element-5e59463 e-flex e-con-boxed e-con e-parent\" data-id=\"5e59463\" data-element_type=\"container\" data-e-type=\"container\" data-settings=\"{&quot;background_background&quot;:&quot;classic&quot;}\">\n\t\t\t\t\t<div class=\"e-con-inner\">\n\t\t\t\t<div class=\"elementor-element elementor-element-3f41156 elementor-invisible elementor-widget elementor-widget-heading\" data-id=\"3f41156\" data-element_type=\"widget\" data-e-type=\"widget\" data-settings=\"{&quot;_animation&quot;:&quot;fadeInDown&quot;}\" data-widget_type=\"heading.default\">\n\t\t\t\t<div class=\"elementor-widget-container\">\n\t\t\t\t\t<h1 class=\"elementor-heading-title elementor-size-default\">Pr\u00e9sent<\/h1>\t\t\t\t<\/div>\n\t\t\t\t<\/div>\n\t\t\t\t<div class=\"elementor-element elementor-element-6671380 elementor-grid-tablet-3 elementor-grid-3 elementor-grid-mobile-1 elementor-posts--thumbnail-top elementor-widget elementor-widget-posts\" data-id=\"6671380\" data-element_type=\"widget\" data-e-type=\"widget\" data-settings=\"{&quot;classic_columns_tablet&quot;:&quot;3&quot;,&quot;classic_row_gap_tablet&quot;:{&quot;unit&quot;:&quot;px&quot;,&quot;size&quot;:30,&quot;sizes&quot;:[]},&quot;pagination_type&quot;:&quot;prev_next&quot;,&quot;classic_columns&quot;:&quot;3&quot;,&quot;classic_columns_mobile&quot;:&quot;1&quot;,&quot;classic_row_gap&quot;:{&quot;unit&quot;:&quot;px&quot;,&quot;size&quot;:35,&quot;sizes&quot;:[]},&quot;classic_row_gap_mobile&quot;:{&quot;unit&quot;:&quot;px&quot;,&quot;size&quot;:&quot;&quot;,&quot;sizes&quot;:[]}}\" data-widget_type=\"posts.classic\">\n\t\t\t\t<div class=\"elementor-widget-container\">\n\t\t\t\t\t\t\t<div class=\"elementor-posts-container elementor-posts elementor-posts--skin-classic elementor-grid\" role=\"list\">\n\t\t\t\t<article class=\"elementor-post elementor-grid-item post-4420 post type-post status-publish format-standard has-post-thumbnail hentry category-non-classifiee\" role=\"listitem\">\n\t\t\t\t<a class=\"elementor-post__thumbnail__link\" href=\"https:\/\/optimismus.es\/fr\/mythes-sur-le-coworking\/\" tabindex=\"-1\" >\n\t\t\t<div class=\"elementor-post__thumbnail\"><img fetchpriority=\"high\" decoding=\"async\" width=\"800\" height=\"534\" src=\"https:\/\/optimismus.es\/wp-content\/uploads\/2025\/07\/Optimismus_Ulises-87_051-1024x684.jpg\" class=\"attachment-large size-large wp-image-3258\" alt=\"\" srcset=\"https:\/\/optimismus.es\/wp-content\/uploads\/2025\/07\/Optimismus_Ulises-87_051-1024x684.jpg 1024w, https:\/\/optimismus.es\/wp-content\/uploads\/2025\/07\/Optimismus_Ulises-87_051-300x200.jpg 300w, https:\/\/optimismus.es\/wp-content\/uploads\/2025\/07\/Optimismus_Ulises-87_051-768x513.jpg 768w, https:\/\/optimismus.es\/wp-content\/uploads\/2025\/07\/Optimismus_Ulises-87_051-1536x1025.jpg 1536w, https:\/\/optimismus.es\/wp-content\/uploads\/2025\/07\/Optimismus_Ulises-87_051.jpg 2000w\" sizes=\"(max-width: 800px) 100vw, 800px\" \/><\/div>\n\t\t<\/a>\n\t\t\t\t<div class=\"elementor-post__text\">\n\t\t\t\t<h3 class=\"elementor-post__title\">\n\t\t\t<a href=\"https:\/\/optimismus.es\/fr\/mythes-sur-le-coworking\/\" >\n\t\t\t\tMythes sur le coworking\t\t\t<\/a>\n\t\t<\/h3>\n\t\t\t\t<div class=\"elementor-post__meta-data\">\n\t\t\t\t\t<span class=\"elementor-post-date\">\n\t\t\t10 juillet 2025\t\t<\/span>\n\t\t\t\t<\/div>\n\t\t\t\t<div class=\"elementor-post__excerpt\">\n\t\t\t<p>Les espaces de coworking ont de beaux jours devant eux. Flexibles, fonctionnels et inspirants, ils sont cependant souvent entour\u00e9s de<\/p>\n\t\t<\/div>\n\t\t\n\t\t<a class=\"elementor-post__read-more\" href=\"https:\/\/optimismus.es\/fr\/mythes-sur-le-coworking\/\" aria-label=\"En savoir plus sur Mythes sur le coworking\" tabindex=\"-1\" >\n\t\t\tEn savoir plus \"\t\t<\/a>\n\n\t\t\t\t<\/div>\n\t\t\t\t<\/article>\n\t\t\t\t<article class=\"elementor-post elementor-grid-item post-4424 post type-post status-publish format-standard has-post-thumbnail hentry category-non-classifiee\" role=\"listitem\">\n\t\t\t\t<a class=\"elementor-post__thumbnail__link\" href=\"https:\/\/optimismus.es\/fr\/salles-de-reunion-a-madrid-comment-les-choisir\/\" tabindex=\"-1\" >\n\t\t\t<div class=\"elementor-post__thumbnail\"><img decoding=\"async\" width=\"800\" height=\"534\" src=\"https:\/\/optimismus.es\/wp-content\/uploads\/2025\/07\/Optimismus_Ulises-87_075-1024x684.jpg\" class=\"attachment-large size-large wp-image-3239\" alt=\"\" srcset=\"https:\/\/optimismus.es\/wp-content\/uploads\/2025\/07\/Optimismus_Ulises-87_075-1024x684.jpg 1024w, https:\/\/optimismus.es\/wp-content\/uploads\/2025\/07\/Optimismus_Ulises-87_075-300x200.jpg 300w, https:\/\/optimismus.es\/wp-content\/uploads\/2025\/07\/Optimismus_Ulises-87_075-768x513.jpg 768w, https:\/\/optimismus.es\/wp-content\/uploads\/2025\/07\/Optimismus_Ulises-87_075-1536x1025.jpg 1536w, https:\/\/optimismus.es\/wp-content\/uploads\/2025\/07\/Optimismus_Ulises-87_075.jpg 2000w\" sizes=\"(max-width: 800px) 100vw, 800px\" \/><\/div>\n\t\t<\/a>\n\t\t\t\t<div class=\"elementor-post__text\">\n\t\t\t\t<h3 class=\"elementor-post__title\">\n\t\t\t<a href=\"https:\/\/optimismus.es\/fr\/salles-de-reunion-a-madrid-comment-les-choisir\/\" >\n\t\t\t\tSalles de r\u00e9union \u00e0 Madrid&nbsp;: comment les choisir\t\t\t<\/a>\n\t\t<\/h3>\n\t\t\t\t<div class=\"elementor-post__meta-data\">\n\t\t\t\t\t<span class=\"elementor-post-date\">\n\t\t\t2 juillet 2025\t\t<\/span>\n\t\t\t\t<\/div>\n\t\t\t\t<div class=\"elementor-post__excerpt\">\n\t\t\t<p>Dans le monde du travail actuel, o\u00f9 tout va tr\u00e8s vite, la qualit\u00e9 de vos r\u00e9unions peut faire toute la<\/p>\n\t\t<\/div>\n\t\t\n\t\t<a class=\"elementor-post__read-more\" href=\"https:\/\/optimismus.es\/fr\/salles-de-reunion-a-madrid-comment-les-choisir\/\" aria-label=\"En savoir plus sur Salles de r\u00e9union \u00e0 Madrid&nbsp;: comment les choisir\" tabindex=\"-1\" >\n\t\t\tEn savoir plus \"\t\t<\/a>\n\n\t\t\t\t<\/div>\n\t\t\t\t<\/article>\n\t\t\t\t<article class=\"elementor-post elementor-grid-item post-4435 post type-post status-publish format-standard has-post-thumbnail hentry category-non-classifiee\" role=\"listitem\">\n\t\t\t\t<a class=\"elementor-post__thumbnail__link\" href=\"https:\/\/optimismus.es\/fr\/guide-organiser-un-evenement-a-madrid-qui-laisse-une-impression-durable\/\" tabindex=\"-1\" >\n\t\t\t<div class=\"elementor-post__thumbnail\"><img decoding=\"async\" width=\"800\" height=\"534\" src=\"https:\/\/optimismus.es\/wp-content\/uploads\/2025\/07\/DSC06843-1024x683.jpg\" class=\"attachment-large size-large wp-image-3264\" alt=\"\" srcset=\"https:\/\/optimismus.es\/wp-content\/uploads\/2025\/07\/DSC06843-1024x683.jpg 1024w, https:\/\/optimismus.es\/wp-content\/uploads\/2025\/07\/DSC06843-300x200.jpg 300w, https:\/\/optimismus.es\/wp-content\/uploads\/2025\/07\/DSC06843-768x512.jpg 768w, https:\/\/optimismus.es\/wp-content\/uploads\/2025\/07\/DSC06843-1536x1024.jpg 1536w, https:\/\/optimismus.es\/wp-content\/uploads\/2025\/07\/DSC06843-2048x1365.jpg 2048w\" sizes=\"(max-width: 800px) 100vw, 800px\" \/><\/div>\n\t\t<\/a>\n\t\t\t\t<div class=\"elementor-post__text\">\n\t\t\t\t<h3 class=\"elementor-post__title\">\n\t\t\t<a href=\"https:\/\/optimismus.es\/fr\/guide-organiser-un-evenement-a-madrid-qui-laisse-une-impression-durable\/\" >\n\t\t\t\tGUIDE : Organiser un \u00e9v\u00e9nement \u00e0 Madrid qui laisse une impression durable\t\t\t<\/a>\n\t\t<\/h3>\n\t\t\t\t<div class=\"elementor-post__meta-data\">\n\t\t\t\t\t<span class=\"elementor-post-date\">\n\t\t\t25 juin 2025\t\t<\/span>\n\t\t\t\t<\/div>\n\t\t\t\t<div class=\"elementor-post__excerpt\">\n\t\t\t<p>Organiser un \u00e9v\u00e9nement, qu&rsquo;il s&rsquo;agisse d&rsquo;un atelier , d&rsquo;un lancement de produit, d&rsquo;une formation, d&rsquo;une conf\u00e9rence ou d&rsquo;un \u00e9v\u00e9nement de<\/p>\n\t\t<\/div>\n\t\t\n\t\t<a class=\"elementor-post__read-more\" href=\"https:\/\/optimismus.es\/fr\/guide-organiser-un-evenement-a-madrid-qui-laisse-une-impression-durable\/\" aria-label=\"En savoir plus sur GUIDE : Organiser un \u00e9v\u00e9nement \u00e0 Madrid qui laisse une impression durable\" tabindex=\"-1\" >\n\t\t\tEn savoir plus \"\t\t<\/a>\n\n\t\t\t\t<\/div>\n\t\t\t\t<\/article>\n\t\t\t\t<article class=\"elementor-post elementor-grid-item post-4457 post type-post status-publish format-standard hentry category-non-classifiee\" role=\"listitem\">\n\t\t\t\t<div class=\"elementor-post__text\">\n\t\t\t\t<h3 class=\"elementor-post__title\">\n\t\t\t<a href=\"https:\/\/optimismus.es\/fr\/le-coworking-et-la-sante-mentale-comment-il-ameliore-votre-bien-etre\/\" >\n\t\t\t\tLe coworking et la sant\u00e9 mentale : comment il am\u00e9liore votre bien-\u00eatre\t\t\t<\/a>\n\t\t<\/h3>\n\t\t\t\t<div class=\"elementor-post__meta-data\">\n\t\t\t\t\t<span class=\"elementor-post-date\">\n\t\t\t18 juin 2025\t\t<\/span>\n\t\t\t\t<\/div>\n\t\t\t\t<div class=\"elementor-post__excerpt\">\n\t\t\t<p>Dans un monde o\u00f9 le t\u00e9l\u00e9travail est devenu la norme pour beaucoup, la sant\u00e9 mentale des professionnels est scrut\u00e9e de<\/p>\n\t\t<\/div>\n\t\t\n\t\t<a class=\"elementor-post__read-more\" href=\"https:\/\/optimismus.es\/fr\/le-coworking-et-la-sante-mentale-comment-il-ameliore-votre-bien-etre\/\" aria-label=\"En savoir plus sur Le coworking et la sant\u00e9 mentale : comment il am\u00e9liore votre bien-\u00eatre\" tabindex=\"-1\" >\n\t\t\tEn savoir plus \"\t\t<\/a>\n\n\t\t\t\t<\/div>\n\t\t\t\t<\/article>\n\t\t\t\t<article class=\"elementor-post elementor-grid-item post-4446 post type-post status-publish format-standard has-post-thumbnail hentry category-non-classifiee\" role=\"listitem\">\n\t\t\t\t<a class=\"elementor-post__thumbnail__link\" href=\"https:\/\/optimismus.es\/fr\/comment-choisir-un-espace-de-coworking-a-madrid-le-guide-ultime\/\" tabindex=\"-1\" >\n\t\t\t<div class=\"elementor-post__thumbnail\"><img loading=\"lazy\" decoding=\"async\" width=\"800\" height=\"600\" src=\"https:\/\/optimismus.es\/wp-content\/uploads\/2025\/05\/10.png\" class=\"attachment-large size-large wp-image-2496\" alt=\"\" srcset=\"https:\/\/optimismus.es\/wp-content\/uploads\/2025\/05\/10.png 800w, https:\/\/optimismus.es\/wp-content\/uploads\/2025\/05\/10-300x225.png 300w, https:\/\/optimismus.es\/wp-content\/uploads\/2025\/05\/10-768x576.png 768w\" sizes=\"(max-width: 800px) 100vw, 800px\" \/><\/div>\n\t\t<\/a>\n\t\t\t\t<div class=\"elementor-post__text\">\n\t\t\t\t<h3 class=\"elementor-post__title\">\n\t\t\t<a href=\"https:\/\/optimismus.es\/fr\/comment-choisir-un-espace-de-coworking-a-madrid-le-guide-ultime\/\" >\n\t\t\t\tComment choisir un espace de coworking \u00e0 Madrid&nbsp;: le guide ultime\t\t\t<\/a>\n\t\t<\/h3>\n\t\t\t\t<div class=\"elementor-post__meta-data\">\n\t\t\t\t\t<span class=\"elementor-post-date\">\n\t\t\t10 juin 2025\t\t<\/span>\n\t\t\t\t<\/div>\n\t\t\t\t<div class=\"elementor-post__excerpt\">\n\t\t\t<p>Choisir un espace de coworking \u00e0 Madrid peut para\u00eetre simple, mais en explorant les diff\u00e9rentes options, on d\u00e9couvre une multitude<\/p>\n\t\t<\/div>\n\t\t\n\t\t<a class=\"elementor-post__read-more\" href=\"https:\/\/optimismus.es\/fr\/comment-choisir-un-espace-de-coworking-a-madrid-le-guide-ultime\/\" aria-label=\"En savoir plus sur Comment choisir un espace de coworking \u00e0 Madrid&nbsp;: le guide ultime\" tabindex=\"-1\" >\n\t\t\tEn savoir plus \"\t\t<\/a>\n\n\t\t\t\t<\/div>\n\t\t\t\t<\/article>\n\t\t\t\t<article class=\"elementor-post elementor-grid-item post-1911 post type-post status-publish format-standard has-post-thumbnail hentry category-non-classifiee\" role=\"listitem\">\n\t\t\t\t<a class=\"elementor-post__thumbnail__link\" href=\"https:\/\/optimismus.es\/fr\/creer-des-espaces-pour-nouer-des-relations-commerciales-la-cle-du-succes-commercial\/\" tabindex=\"-1\" >\n\t\t\t<div class=\"elementor-post__thumbnail\"><img loading=\"lazy\" decoding=\"async\" width=\"800\" height=\"534\" src=\"https:\/\/optimismus.es\/wp-content\/uploads\/2024\/11\/Crear-Espacios-para-Forjar-Relaciones-Comerciales-1024x684.jpg\" class=\"attachment-large size-large wp-image-1744\" alt=\"\" srcset=\"https:\/\/optimismus.es\/wp-content\/uploads\/2024\/11\/Crear-Espacios-para-Forjar-Relaciones-Comerciales-1024x684.jpg 1024w, https:\/\/optimismus.es\/wp-content\/uploads\/2024\/11\/Crear-Espacios-para-Forjar-Relaciones-Comerciales-300x200.jpg 300w, https:\/\/optimismus.es\/wp-content\/uploads\/2024\/11\/Crear-Espacios-para-Forjar-Relaciones-Comerciales-768x513.jpg 768w, https:\/\/optimismus.es\/wp-content\/uploads\/2024\/11\/Crear-Espacios-para-Forjar-Relaciones-Comerciales.jpg 1400w\" sizes=\"(max-width: 800px) 100vw, 800px\" \/><\/div>\n\t\t<\/a>\n\t\t\t\t<div class=\"elementor-post__text\">\n\t\t\t\t<h3 class=\"elementor-post__title\">\n\t\t\t<a href=\"https:\/\/optimismus.es\/fr\/creer-des-espaces-pour-nouer-des-relations-commerciales-la-cle-du-succes-commercial\/\" >\n\t\t\t\tCr\u00e9er des espaces pour nouer des relations commerciales&nbsp;: la cl\u00e9 du succ\u00e8s commercial\t\t\t<\/a>\n\t\t<\/h3>\n\t\t\t\t<div class=\"elementor-post__meta-data\">\n\t\t\t\t\t<span class=\"elementor-post-date\">\n\t\t\t12 novembre 2024\t\t<\/span>\n\t\t\t\t<\/div>\n\t\t\t\t<div class=\"elementor-post__excerpt\">\n\t\t\t<p>Dans un monde de plus en plus connect\u00e9, la capacit\u00e9 \u00e0 \u00e9tablir des relations commerciales solides est essentielle au succ\u00e8s<\/p>\n\t\t<\/div>\n\t\t\n\t\t<a class=\"elementor-post__read-more\" href=\"https:\/\/optimismus.es\/fr\/creer-des-espaces-pour-nouer-des-relations-commerciales-la-cle-du-succes-commercial\/\" aria-label=\"En savoir plus sur Cr\u00e9er des espaces pour nouer des relations commerciales&nbsp;: la cl\u00e9 du succ\u00e8s commercial\" tabindex=\"-1\" >\n\t\t\tEn savoir plus \"\t\t<\/a>\n\n\t\t\t\t<\/div>\n\t\t\t\t<\/article>\n\t\t\t\t<article class=\"elementor-post elementor-grid-item post-1898 post type-post status-publish format-standard has-post-thumbnail hentry category-non-classifiee\" role=\"listitem\">\n\t\t\t\t<a class=\"elementor-post__thumbnail__link\" href=\"https:\/\/optimismus.es\/fr\/des-espaces-flexibles-pour-maximiser-votre-potentiel\/\" tabindex=\"-1\" >\n\t\t\t<div class=\"elementor-post__thumbnail\"><img loading=\"lazy\" decoding=\"async\" width=\"800\" height=\"534\" src=\"https:\/\/optimismus.es\/wp-content\/uploads\/2024\/11\/Espacios-Flexibles-para-Maximizar-tu-Potencial-1024x683.jpg\" class=\"attachment-large size-large wp-image-1738\" alt=\"\" srcset=\"https:\/\/optimismus.es\/wp-content\/uploads\/2024\/11\/Espacios-Flexibles-para-Maximizar-tu-Potencial-1024x683.jpg 1024w, https:\/\/optimismus.es\/wp-content\/uploads\/2024\/11\/Espacios-Flexibles-para-Maximizar-tu-Potencial-300x200.jpg 300w, https:\/\/optimismus.es\/wp-content\/uploads\/2024\/11\/Espacios-Flexibles-para-Maximizar-tu-Potencial-768x512.jpg 768w, https:\/\/optimismus.es\/wp-content\/uploads\/2024\/11\/Espacios-Flexibles-para-Maximizar-tu-Potencial.jpg 1400w\" sizes=\"(max-width: 800px) 100vw, 800px\" \/><\/div>\n\t\t<\/a>\n\t\t\t\t<div class=\"elementor-post__text\">\n\t\t\t\t<h3 class=\"elementor-post__title\">\n\t\t\t<a href=\"https:\/\/optimismus.es\/fr\/des-espaces-flexibles-pour-maximiser-votre-potentiel\/\" >\n\t\t\t\tDes espaces flexibles pour maximiser votre potentiel\t\t\t<\/a>\n\t\t<\/h3>\n\t\t\t\t<div class=\"elementor-post__meta-data\">\n\t\t\t\t\t<span class=\"elementor-post-date\">\n\t\t\t12 novembre 2024\t\t<\/span>\n\t\t\t\t<\/div>\n\t\t\t\t<div class=\"elementor-post__excerpt\">\n\t\t\t<p>Fatigu\u00e9 de la monotonie d&rsquo;un espace de travail statique ? Il est temps de r\u00e9imaginer votre environnement de travail. Les<\/p>\n\t\t<\/div>\n\t\t\n\t\t<a class=\"elementor-post__read-more\" href=\"https:\/\/optimismus.es\/fr\/des-espaces-flexibles-pour-maximiser-votre-potentiel\/\" aria-label=\"En savoir plus sur Des espaces flexibles pour maximiser votre potentiel\" tabindex=\"-1\" >\n\t\t\tEn savoir plus \"\t\t<\/a>\n\n\t\t\t\t<\/div>\n\t\t\t\t<\/article>\n\t\t\t\t<article class=\"elementor-post elementor-grid-item post-1901 post type-post status-publish format-standard has-post-thumbnail hentry category-non-classifiee\" role=\"listitem\">\n\t\t\t\t<a class=\"elementor-post__thumbnail__link\" href=\"https:\/\/optimismus.es\/fr\/coworking-votre-nouvel-espace-pour-evoluer-professionnellement\/\" tabindex=\"-1\" >\n\t\t\t<div class=\"elementor-post__thumbnail\"><img loading=\"lazy\" decoding=\"async\" width=\"800\" height=\"534\" src=\"https:\/\/optimismus.es\/wp-content\/uploads\/2024\/11\/Coworking-Tu-nuevo-espacio-para-crecer-profesionalmente-1024x683.jpg\" class=\"attachment-large size-large wp-image-1741\" alt=\"\" srcset=\"https:\/\/optimismus.es\/wp-content\/uploads\/2024\/11\/Coworking-Tu-nuevo-espacio-para-crecer-profesionalmente-1024x683.jpg 1024w, https:\/\/optimismus.es\/wp-content\/uploads\/2024\/11\/Coworking-Tu-nuevo-espacio-para-crecer-profesionalmente-300x200.jpg 300w, https:\/\/optimismus.es\/wp-content\/uploads\/2024\/11\/Coworking-Tu-nuevo-espacio-para-crecer-profesionalmente-768x512.jpg 768w, https:\/\/optimismus.es\/wp-content\/uploads\/2024\/11\/Coworking-Tu-nuevo-espacio-para-crecer-profesionalmente.jpg 1400w\" sizes=\"(max-width: 800px) 100vw, 800px\" \/><\/div>\n\t\t<\/a>\n\t\t\t\t<div class=\"elementor-post__text\">\n\t\t\t\t<h3 class=\"elementor-post__title\">\n\t\t\t<a href=\"https:\/\/optimismus.es\/fr\/coworking-votre-nouvel-espace-pour-evoluer-professionnellement\/\" >\n\t\t\t\tCoworking : Votre nouvel espace pour \u00e9voluer professionnellement\t\t\t<\/a>\n\t\t<\/h3>\n\t\t\t\t<div class=\"elementor-post__meta-data\">\n\t\t\t\t\t<span class=\"elementor-post-date\">\n\t\t\t12 f\u00e9vrier 2024\t\t<\/span>\n\t\t\t\t<\/div>\n\t\t\t\t<div class=\"elementor-post__excerpt\">\n\t\t\t<p>Les espaces de coworking ont r\u00e9volutionn\u00e9 notre fa\u00e7on de travailler. Il n\u2019est plus n\u00e9cessaire d\u2019\u00eatre li\u00e9 \u00e0 un bureau traditionnel<\/p>\n\t\t<\/div>\n\t\t\n\t\t<a class=\"elementor-post__read-more\" href=\"https:\/\/optimismus.es\/fr\/coworking-votre-nouvel-espace-pour-evoluer-professionnellement\/\" aria-label=\"En savoir plus sur Coworking : Votre nouvel espace pour \u00e9voluer professionnellement\" tabindex=\"-1\" >\n\t\t\tEn savoir plus \"\t\t<\/a>\n\n\t\t\t\t<\/div>\n\t\t\t\t<\/article>\n\t\t\t\t<\/div>\n\t\t\n\t\t\t\t\t\t<\/div>\n\t\t\t\t<\/div>\n\t\t\t\t\t<\/div>\n\t\t\t\t<\/div>\n\t\t\t\t<\/div>\n\t\t","protected":false},"excerpt":{"rendered":"<p>Pr\u00e9sent<\/p>\n","protected":false},"author":1,"featured_media":0,"parent":0,"menu_order":0,"comment_status":"closed","ping_status":"closed","template":"","meta":{"_joinchat":[],"footnotes":""},"class_list":["post-1921","page","type-page","status-publish","hentry"],"yoast_head":"<!-- This site is optimized with the Yoast SEO plugin v27.2 - https:\/\/yoast.com\/product\/yoast-seo-wordpress\/ -->\n<title>Pr\u00e9sent - Optimismus<\/title>\n<meta name=\"description\" content=\"D\u00e9couvrez les meilleurs quartiers et les avantages de travailler au c\u0153ur de Madrid. Choisissez un espace de coworking id\u00e9alement situ\u00e9 pour votre entreprise.\" \/>\n<meta name=\"robots\" content=\"index, follow, max-snippet:-1, max-image-preview:large, max-video-preview:-1\" \/>\n<link rel=\"canonical\" href=\"https:\/\/optimismus.es\/fr\/present\/\" \/>\n<meta property=\"og:locale\" content=\"fr_FR\" \/>\n<meta property=\"og:type\" content=\"article\" \/>\n<meta property=\"og:title\" content=\"Pr\u00e9sent - Optimismus\" \/>\n<meta property=\"og:description\" content=\"D\u00e9couvrez les meilleurs quartiers et les avantages de travailler au c\u0153ur de Madrid. Choisissez un espace de coworking id\u00e9alement situ\u00e9 pour votre entreprise.\" \/>\n<meta property=\"og:url\" content=\"https:\/\/optimismus.es\/fr\/present\/\" \/>\n<meta property=\"og:site_name\" content=\"Optimismus\" \/>\n<meta property=\"article:modified_time\" content=\"2026-01-09T07:04:37+00:00\" \/>\n<meta name=\"twitter:card\" content=\"summary_large_image\" \/>\n<script type=\"application\/ld+json\" class=\"yoast-schema-graph\">{\"@context\":\"https:\/\/schema.org\",\"@graph\":[{\"@type\":\"WebPage\",\"@id\":\"https:\/\/optimismus.es\/fr\/present\/\",\"url\":\"https:\/\/optimismus.es\/fr\/present\/\",\"name\":\"Pr\u00e9sent - Optimismus\",\"isPartOf\":{\"@id\":\"https:\/\/optimismus.es\/fr\/#website\"},\"datePublished\":\"2024-11-12T12:46:55+00:00\",\"dateModified\":\"2026-01-09T07:04:37+00:00\",\"description\":\"D\u00e9couvrez les meilleurs quartiers et les avantages de travailler au c\u0153ur de Madrid. Choisissez un espace de coworking id\u00e9alement situ\u00e9 pour votre entreprise.\",\"breadcrumb\":{\"@id\":\"https:\/\/optimismus.es\/fr\/present\/#breadcrumb\"},\"inLanguage\":\"fr-FR\",\"potentialAction\":[{\"@type\":\"ReadAction\",\"target\":[\"https:\/\/optimismus.es\/fr\/present\/\"]}]},{\"@type\":\"BreadcrumbList\",\"@id\":\"https:\/\/optimismus.es\/fr\/present\/#breadcrumb\",\"itemListElement\":[{\"@type\":\"ListItem\",\"position\":1,\"name\":\"Home\",\"item\":\"https:\/\/optimismus.es\/fr\/\"},{\"@type\":\"ListItem\",\"position\":2,\"name\":\"Pr\u00e9sent\"}]},{\"@type\":\"WebSite\",\"@id\":\"https:\/\/optimismus.es\/fr\/#website\",\"url\":\"https:\/\/optimismus.es\/fr\/\",\"name\":\"Optimismus\",\"description\":\"Coworking Spaces\",\"publisher\":{\"@id\":\"https:\/\/optimismus.es\/fr\/#organization\"},\"potentialAction\":[{\"@type\":\"SearchAction\",\"target\":{\"@type\":\"EntryPoint\",\"urlTemplate\":\"https:\/\/optimismus.es\/fr\/?s={search_term_string}\"},\"query-input\":{\"@type\":\"PropertyValueSpecification\",\"valueRequired\":true,\"valueName\":\"search_term_string\"}}],\"inLanguage\":\"fr-FR\"},{\"@type\":\"Organization\",\"@id\":\"https:\/\/optimismus.es\/fr\/#organization\",\"name\":\"Optimismus\",\"url\":\"https:\/\/optimismus.es\/fr\/\",\"logo\":{\"@type\":\"ImageObject\",\"inLanguage\":\"fr-FR\",\"@id\":\"https:\/\/optimismus.es\/fr\/#\/schema\/logo\/image\/\",\"url\":\"https:\/\/optimismus.es\/wp-content\/uploads\/2024\/10\/Logo-Optimismus.svg\",\"contentUrl\":\"https:\/\/optimismus.es\/wp-content\/uploads\/2024\/10\/Logo-Optimismus.svg\",\"width\":432,\"height\":68,\"caption\":\"Optimismus\"},\"image\":{\"@id\":\"https:\/\/optimismus.es\/fr\/#\/schema\/logo\/image\/\"}}]}<\/script>\n<!-- \/ Yoast SEO plugin. -->","yoast_head_json":{"title":"Pr\u00e9sent - Optimismus","description":"D\u00e9couvrez les meilleurs quartiers et les avantages de travailler au c\u0153ur de Madrid. Choisissez un espace de coworking id\u00e9alement situ\u00e9 pour votre entreprise.","robots":{"index":"index","follow":"follow","max-snippet":"max-snippet:-1","max-image-preview":"max-image-preview:large","max-video-preview":"max-video-preview:-1"},"canonical":"https:\/\/optimismus.es\/fr\/present\/","og_locale":"fr_FR","og_type":"article","og_title":"Pr\u00e9sent - Optimismus","og_description":"D\u00e9couvrez les meilleurs quartiers et les avantages de travailler au c\u0153ur de Madrid. Choisissez un espace de coworking id\u00e9alement situ\u00e9 pour votre entreprise.","og_url":"https:\/\/optimismus.es\/fr\/present\/","og_site_name":"Optimismus","article_modified_time":"2026-01-09T07:04:37+00:00","twitter_card":"summary_large_image","schema":{"@context":"https:\/\/schema.org","@graph":[{"@type":"WebPage","@id":"https:\/\/optimismus.es\/fr\/present\/","url":"https:\/\/optimismus.es\/fr\/present\/","name":"Pr\u00e9sent - Optimismus","isPartOf":{"@id":"https:\/\/optimismus.es\/fr\/#website"},"datePublished":"2024-11-12T12:46:55+00:00","dateModified":"2026-01-09T07:04:37+00:00","description":"D\u00e9couvrez les meilleurs quartiers et les avantages de travailler au c\u0153ur de Madrid. Choisissez un espace de coworking id\u00e9alement situ\u00e9 pour votre entreprise.","breadcrumb":{"@id":"https:\/\/optimismus.es\/fr\/present\/#breadcrumb"},"inLanguage":"fr-FR","potentialAction":[{"@type":"ReadAction","target":["https:\/\/optimismus.es\/fr\/present\/"]}]},{"@type":"BreadcrumbList","@id":"https:\/\/optimismus.es\/fr\/present\/#breadcrumb","itemListElement":[{"@type":"ListItem","position":1,"name":"Home","item":"https:\/\/optimismus.es\/fr\/"},{"@type":"ListItem","position":2,"name":"Pr\u00e9sent"}]},{"@type":"WebSite","@id":"https:\/\/optimismus.es\/fr\/#website","url":"https:\/\/optimismus.es\/fr\/","name":"Optimismus","description":"Coworking Spaces","publisher":{"@id":"https:\/\/optimismus.es\/fr\/#organization"},"potentialAction":[{"@type":"SearchAction","target":{"@type":"EntryPoint","urlTemplate":"https:\/\/optimismus.es\/fr\/?s={search_term_string}"},"query-input":{"@type":"PropertyValueSpecification","valueRequired":true,"valueName":"search_term_string"}}],"inLanguage":"fr-FR"},{"@type":"Organization","@id":"https:\/\/optimismus.es\/fr\/#organization","name":"Optimismus","url":"https:\/\/optimismus.es\/fr\/","logo":{"@type":"ImageObject","inLanguage":"fr-FR","@id":"https:\/\/optimismus.es\/fr\/#\/schema\/logo\/image\/","url":"https:\/\/optimismus.es\/wp-content\/uploads\/2024\/10\/Logo-Optimismus.svg","contentUrl":"https:\/\/optimismus.es\/wp-content\/uploads\/2024\/10\/Logo-Optimismus.svg","width":432,"height":68,"caption":"Optimismus"},"image":{"@id":"https:\/\/optimismus.es\/fr\/#\/schema\/logo\/image\/"}}]}},"_links":{"self":[{"href":"https:\/\/optimismus.es\/fr\/wp-json\/wp\/v2\/pages\/1921","targetHints":{"allow":["GET"]}}],"collection":[{"href":"https:\/\/optimismus.es\/fr\/wp-json\/wp\/v2\/pages"}],"about":[{"href":"https:\/\/optimismus.es\/fr\/wp-json\/wp\/v2\/types\/page"}],"author":[{"embeddable":true,"href":"https:\/\/optimismus.es\/fr\/wp-json\/wp\/v2\/users\/1"}],"replies":[{"embeddable":true,"href":"https:\/\/optimismus.es\/fr\/wp-json\/wp\/v2\/comments?post=1921"}],"version-history":[{"count":1,"href":"https:\/\/optimismus.es\/fr\/wp-json\/wp\/v2\/pages\/1921\/revisions"}],"predecessor-version":[{"id":1922,"href":"https:\/\/optimismus.es\/fr\/wp-json\/wp\/v2\/pages\/1921\/revisions\/1922"}],"wp:attachment":[{"href":"https:\/\/optimismus.es\/fr\/wp-json\/wp\/v2\/media?parent=1921"}],"curies":[{"name":"wp","href":"https:\/\/api.w.org\/{rel}","templated":true}]}}