{"id":1794,"date":"2024-10-29T13:17:37","date_gmt":"2024-10-29T12:17:37","guid":{"rendered":"https:\/\/optimismus.es\/politique-de-cookies\/"},"modified":"2024-11-25T09:59:49","modified_gmt":"2024-11-25T08:59:49","slug":"politique-de-cookies","status":"publish","type":"page","link":"https:\/\/optimismus.es\/fr\/politique-de-cookies\/","title":{"rendered":"Politique de cookies"},"content":{"rendered":"\t\t<div data-elementor-type=\"wp-page\" data-elementor-id=\"1794\" class=\"elementor elementor-1794 elementor-605\" data-elementor-post-type=\"page\">\n\t\t\t\t<div class=\"elementor-element elementor-element-22d4f951 e-flex e-con-boxed e-con e-parent\" data-id=\"22d4f951\" data-element_type=\"container\" data-e-type=\"container\" data-settings=\"{&quot;background_background&quot;:&quot;classic&quot;}\">\n\t\t\t\t\t<div class=\"e-con-inner\">\n\t\t\t\t<div class=\"elementor-element elementor-element-5cac5cb8 elementor-widget elementor-widget-heading\" data-id=\"5cac5cb8\" data-element_type=\"widget\" data-e-type=\"widget\" data-widget_type=\"heading.default\">\n\t\t\t\t<div class=\"elementor-widget-container\">\n\t\t\t\t\t<h1 class=\"elementor-heading-title elementor-size-default\">Politique de cookies<\/h1>\t\t\t\t<\/div>\n\t\t\t\t<\/div>\n\t\t\t\t\t<\/div>\n\t\t\t\t<\/div>\n\t\t<div class=\"elementor-element elementor-element-3b551e0a e-flex e-con-boxed e-con e-parent\" data-id=\"3b551e0a\" data-element_type=\"container\" data-e-type=\"container\">\n\t\t\t\t\t<div class=\"e-con-inner\">\n\t\t\t\t<div class=\"elementor-element elementor-element-4af2ec36 elementor-widget elementor-widget-text-editor\" data-id=\"4af2ec36\" data-element_type=\"widget\" data-e-type=\"widget\" data-widget_type=\"text-editor.default\">\n\t\t\t\t<div class=\"elementor-widget-container\">\n\t\t\t\t\t\t\t\t\t<p><\/p>\n<p>Conform\u00e9ment aux dispositions de la loi sur les services de la soci\u00e9t\u00e9 de l&rsquo;information (LSSI),<br> CLARO SOL CARTERA, SL peut utiliser des cookies sur le portail \u00e0 tout moment pendant la<br> fourniture de services par son interm\u00e9diaire.<\/p>\n<h2>Que sont les cookies ?<\/h2>\n<p>Les cookies sont des proc\u00e9dures g\u00e9n\u00e9r\u00e9es automatiquement lors de la navigation sur les sites.<br> la toile. Gr\u00e2ce \u00e0 ces proc\u00e9dures, certains <br>petits fichiers de donn\u00e9es, imperceptibles pour l&rsquo;Utilisateur, par l&rsquo;interm\u00e9diaire desquels CLARO SOL<br>CARTERA, SL peut avoir acc\u00e8s \u00e0 certaines informations personnelles de l&rsquo;utilisateur de mani\u00e8re<br> anonymes, entre autres, des informations relatives \u00e0 : la date et l&rsquo;heure de la derni\u00e8re visite de l&rsquo;Utilisateur sur le<br> Portail; Informations sur le portail consult\u00e9es par l&rsquo;utilisateur lors de sa derni\u00e8re visite&nbsp;;<br> origine de l&rsquo;utilisateur (page, pays et adresse IP), navigateur Internet utilis\u00e9, syst\u00e8me<br> fonctionnement et si un ordinateur ou un appareil mobile est utilis\u00e9.<br>De m\u00eame, chaque fois que l&rsquo;Utilisateur acc\u00e8de \u00e0 nouveau au Portail, les fichiers mentionn\u00e9s dans le<br> Le paragraphe pr\u00e9c\u00e9dent sera activ\u00e9 automatiquement, configurant ainsi le site Web avec le<br> pr\u00e9f\u00e9rences indiqu\u00e9es lors des visites pr\u00e9c\u00e9dentes de l\u2019Utilisateur.<br>Tous les utilisateurs ont la possibilit\u00e9 de d\u00e9sactiver la g\u00e9n\u00e9ration de fichiers cookies<br> ou pour avertir l&rsquo;Utilisateur lorsque lesdits fichiers vont \u00eatre cr\u00e9\u00e9s. Pour \u00e7a,<br> L&rsquo;Utilisateur doit s\u00e9lectionner l&rsquo;option qui correspond \u00e0 son programme Navigateur. <\/p>\n<p>Le Portail sera accessible \u00e0 tout Utilisateur sans qu&rsquo;il soit n\u00e9cessaire de l&rsquo;activer<br> sur votre \u00e9quipement informatique l\u2019option relative aux fichiers cookies. Cependant, la non-activation<br> Cette option pourrait emp\u00eacher le bon fonctionnement de certains services<br> propos\u00e9s sur le Portail. En ce sens et conform\u00e9ment aux dispositions de la LSSI, CLARO<br> SOL CARTERA, SL pourra proc\u00e9der au stockage ou \u00e0 l&rsquo;acc\u00e8s de nature technique dans le seul but de<br> effectuer la transmission d&rsquo;une communication sur un r\u00e9seau de communications \u00e9lectroniques ou, dans<br> la mesure strictement n\u00e9cessaire \u00e0 la fourniture d&rsquo;un service de l&rsquo;entreprise<br> des informations express\u00e9ment demand\u00e9es par l\u2019Utilisateur.  <br>De cette mani\u00e8re, dans le cas o\u00f9 CLARO SOL CARTERA, SL proc\u00e9derait au stockage et<br>r\u00e9cup\u00e9ration des donn\u00e9es sur les \u00e9quipements terminaux des Utilisateurs, dans un but autre que celui<br> mentionn\u00e9 dans le paragraphe pr\u00e9c\u00e9dent, CLARO SOL CARTERA, SL collectera pr\u00e9alablement les<br> consentement des Utilisateurs apr\u00e8s leur avoir fourni des informations claires et compl\u00e8tes<br> sur leur utilisation, en particulier sur les finalit\u00e9s du traitement des donn\u00e9es, conform\u00e9ment \u00e0 la<br> pr\u00e9vues par le R\u00e8glement G\u00e9n\u00e9ral sur la Protection des Donn\u00e9es.<\/p>\n<h2>Cookies utilis\u00e9s sur ce site<\/h2>\n<p>Les cookies utilis\u00e9s par ce site Web, ainsi que leur finalit\u00e9, sont d\u00e9crits ci-dessous :<\/p>\n<p><\/p>\n<h3>CONFORMIT\u00c9 R\u00c9GLEMENTAIRE RGPD &#8211; LSSI<\/h3>\n<p><\/p>\n<ul class=\"wp-block-list\">\n<li style=\"list-style-type: none;\">\n<ul class=\"wp-block-list\"><\/ul>\n<\/li>\n<\/ul>\n<ul class=\"wp-block-list\">\n<li style=\"list-style-type: none;\">\n<ul class=\"wp-block-list\">\n<li>Cookies techniques : Ce sont des cookies strictement n\u00e9cessaires au fonctionnement du site internet.<br> comme, par exemple, ceux qui servent \u00e0 une navigation correcte ou \u00e0 garantir que le<br> Le contenu des pages Web se charge efficacement.<\/li>\n<\/ul>\n<\/li>\n<\/ul>\n<p><\/p>\n<ul class=\"wp-block-list\">\n<li style=\"list-style-type: none;\">\n<ul class=\"wp-block-list\">\n<li>Cookies de session propres&nbsp;: ils sont utilis\u00e9s pour garantir que les utilisateurs qui \u00e9crivent<br> les commentaires sur le site Web sont des applications humaines et non automatis\u00e9es. De cette fa\u00e7on, il<br> lutter contre le spam. <\/li>\n<\/ul>\n<\/li>\n<\/ul>\n<p><\/p>\n<ul class=\"wp-block-list\">\n<li style=\"list-style-type: none;\">\n<ul class=\"wp-block-list\">\n<li>Cookies d&rsquo;analyse persistants (Google Analytics) : ce sont ceux qui, trait\u00e9s par nous et<br> par des tiers (Google Inc, Web CEO Ltd.), nous permettent de quantifier le nombre d&rsquo;utilisateurs,<br> analyser votre comportement de navigation et effectuer une analyse statistique de l&rsquo;utilisation qui<br> font les utilisateurs de nos services. Pour ce faire, votre navigation sur notre Site est analys\u00e9e.<br> Web afin d&rsquo;am\u00e9liorer l&rsquo;exp\u00e9rience de navigation et les services que nous proposons. Le<br> Les donn\u00e9es obtenues gr\u00e2ce \u00e0 ce type de cookies resteront stock\u00e9es dans le terminal du<br> L&rsquo;utilisateur peut \u00eatre trait\u00e9 \u00e0 chaque fois qu&rsquo;il acc\u00e8de au site Web jusqu&rsquo;\u00e0 ce que le<br> l&rsquo;expiration des cookies ou l&rsquo;Utilisateur lui-m\u00eame les supprime.<br> Les param\u00e8tres de Google Analytics et Google Tag Manager sont d\u00e9finis par d\u00e9faut par Google<br> Inc., nous vous sugg\u00e9rons donc de consulter la page de confidentialit\u00e9 de Google Analytics<br> (http:\/\/www.google.com\/intl\/es\/analytics\/privacyoverview.html) et consultez<br> https:\/\/www.webceo.com\/privacy.html pour obtenir plus d&rsquo;informations sur les \u00ab cookies \u00bb qui<br> utilisations et comment les d\u00e9sactiver.  <\/li>\n<\/ul>\n<\/li>\n<\/ul>\n<p><\/p>\n<ul class=\"wp-block-list\">\n<li>Cookies de publicit\u00e9 comportementale persistante (R\u00e9seaux sociaux) : Chaque r\u00e9seau social utilise<br> vos propres cookies afin que vous puissiez cliquer sur des boutons tels que J&rsquo;aime ou Partager.<\/li>\n<\/ul>\n<div><span style=\"color: inherit; font-family: inherit; font-size: 1.75rem; background-color: transparent; text-align: var(--text-align);\"> <\/span><\/div>\n<p><span style=\"color: inherit; font-family: inherit; font-size: 1.75rem; background-color: transparent; text-align: var(--text-align);\">ACCEPTATION ET CONFIGURATION DES COOKIES PAR L&rsquo;UTILISATEUR<\/span><\/p>\n<ul class=\"wp-block-list\">\n<li>Dans tous les cas, en tant qu&rsquo;utilisateur, vous devez accepter l&rsquo;utilisation de cookies pour que ceux-ci soient utilis\u00e9s.<br> en acceptant l&rsquo;avis pop-up sur notre site Web, qui sera valable pendant une p\u00e9riode<br> p\u00e9riode de 12 mois, apr\u00e8s quoi elle devra \u00eatre renouvel\u00e9e. Sinon, ils ne seront pas utilis\u00e9s<br> les cookies indiqu\u00e9s, \u00e0 l&rsquo;exception de ceux n\u00e9cessaires \u00e0 la navigation la plus \u00e9l\u00e9mentaire \u00e0 travers notre<br> site web. Si vous n&rsquo;acceptez pas l&rsquo;installation de cookies, nous ne pourrons garantir la visibilit\u00e9 ou<br> une navigation correcte sur l&rsquo;ensemble du site.<br> L&rsquo;Utilisateur peut bloquer ou supprimer les cookies install\u00e9s sur son ordinateur en cliquant sur<br> configuration des options du navigateur install\u00e9 sur celui-ci.  <br><br><\/li>\n<\/ul>\n<p><span style=\"background-color: transparent; color: var( --e-global-color-text ); text-align: var(--text-align);\">Vous pouvez trouver des informations sur la fa\u00e7on de proc\u00e9der dans le cas o\u00f9 vous utilisez comme navigateur&nbsp;:<\/span><\/p>\n<p><\/p>\n<p><\/p>\n<ul>\n<li>Firefox \u00e0 partir d&rsquo;ici&nbsp;: http:\/\/support.mozilla.org\/es\/kb\/habilitar-y-deshabilitar-cookies-que-los-<br> nous-sites<\/li>\n<li>Chrome \u00e0 partir d&rsquo;ici&nbsp;: http:\/\/support.google.com\/chrome\/bin\/answer.py?hl=es&amp;answer=95647<\/li>\n<li>Explorateur \u00e0 partir d&rsquo;ici&nbsp;: http:\/\/windows.microsoft.com\/es-es\/windows7\/how-to-manage-<br> cookies-dans-internet-explorer-9<\/li>\n<li>Safari \u00e0 partir d&rsquo;ici&nbsp;: http:\/\/support.apple.com\/kb\/ph5042<\/li>\n<li>Op\u00e9rez \u00e0 partir d&rsquo;ici&nbsp;: http:\/\/help.opera.com\/Windows\/11.50\/es-ES\/cookies.html<\/li>\n<\/ul>\n<p> <\/p>\n<p>Veuillez consulter les instructions et les manuels de votre navigateur pour d\u00e9velopper ceci<br> information.<\/p>\n<p><\/p>\t\t\t\t\t\t\t\t<\/div>\n\t\t\t\t<\/div>\n\t\t\t\t\t<\/div>\n\t\t\t\t<\/div>\n\t\t\t\t<\/div>\n\t\t","protected":false},"excerpt":{"rendered":"<p>Politique de cookies Conform\u00e9ment aux dispositions de la loi sur les services de la soci\u00e9t\u00e9 de l&rsquo;information (LSSI), CLARO SOL CARTERA, SL peut utiliser des cookies sur le portail \u00e0 tout moment pendant la fourniture de services par son interm\u00e9diaire. Que sont les cookies ? Les cookies sont des proc\u00e9dures g\u00e9n\u00e9r\u00e9es automatiquement lors de la [&hellip;]<\/p>\n","protected":false},"author":1,"featured_media":0,"parent":0,"menu_order":0,"comment_status":"closed","ping_status":"closed","template":"","meta":{"_joinchat":[],"footnotes":""},"class_list":["post-1794","page","type-page","status-publish","hentry"],"yoast_head":"<!-- This site is optimized with the Yoast SEO plugin v27.2 - https:\/\/yoast.com\/product\/yoast-seo-wordpress\/ -->\n<title>Politique de cookies - Optimismus<\/title>\n<meta name=\"robots\" content=\"index, follow, max-snippet:-1, max-image-preview:large, max-video-preview:-1\" \/>\n<link rel=\"canonical\" href=\"https:\/\/optimismus.es\/fr\/politique-de-cookies\/\" \/>\n<meta property=\"og:locale\" content=\"fr_FR\" \/>\n<meta property=\"og:type\" content=\"article\" \/>\n<meta property=\"og:title\" content=\"Politique de cookies - Optimismus\" \/>\n<meta property=\"og:description\" content=\"Politique de cookies Conform\u00e9ment aux dispositions de la loi sur les services de la soci\u00e9t\u00e9 de l&rsquo;information (LSSI), CLARO SOL CARTERA, SL peut utiliser des cookies sur le portail \u00e0 tout moment pendant la fourniture de services par son interm\u00e9diaire. Que sont les cookies ? Les cookies sont des proc\u00e9dures g\u00e9n\u00e9r\u00e9es automatiquement lors de la [&hellip;]\" \/>\n<meta property=\"og:url\" content=\"https:\/\/optimismus.es\/fr\/politique-de-cookies\/\" \/>\n<meta property=\"og:site_name\" content=\"Optimismus\" \/>\n<meta property=\"article:modified_time\" content=\"2024-11-25T08:59:49+00:00\" \/>\n<meta name=\"twitter:card\" content=\"summary_large_image\" \/>\n<meta name=\"twitter:label1\" content=\"Dur\u00e9e de lecture estim\u00e9e\" \/>\n\t<meta name=\"twitter:data1\" content=\"5 minutes\" \/>\n<script type=\"application\/ld+json\" class=\"yoast-schema-graph\">{\"@context\":\"https:\/\/schema.org\",\"@graph\":[{\"@type\":\"WebPage\",\"@id\":\"https:\/\/optimismus.es\/fr\/politique-de-cookies\/\",\"url\":\"https:\/\/optimismus.es\/fr\/politique-de-cookies\/\",\"name\":\"Politique de cookies - Optimismus\",\"isPartOf\":{\"@id\":\"https:\/\/optimismus.es\/fr\/#website\"},\"datePublished\":\"2024-10-29T12:17:37+00:00\",\"dateModified\":\"2024-11-25T08:59:49+00:00\",\"breadcrumb\":{\"@id\":\"https:\/\/optimismus.es\/fr\/politique-de-cookies\/#breadcrumb\"},\"inLanguage\":\"fr-FR\",\"potentialAction\":[{\"@type\":\"ReadAction\",\"target\":[\"https:\/\/optimismus.es\/fr\/politique-de-cookies\/\"]}]},{\"@type\":\"BreadcrumbList\",\"@id\":\"https:\/\/optimismus.es\/fr\/politique-de-cookies\/#breadcrumb\",\"itemListElement\":[{\"@type\":\"ListItem\",\"position\":1,\"name\":\"Home\",\"item\":\"https:\/\/optimismus.es\/fr\/\"},{\"@type\":\"ListItem\",\"position\":2,\"name\":\"Politique de cookies\"}]},{\"@type\":\"WebSite\",\"@id\":\"https:\/\/optimismus.es\/fr\/#website\",\"url\":\"https:\/\/optimismus.es\/fr\/\",\"name\":\"Optimismus\",\"description\":\"Coworking Spaces\",\"publisher\":{\"@id\":\"https:\/\/optimismus.es\/fr\/#organization\"},\"potentialAction\":[{\"@type\":\"SearchAction\",\"target\":{\"@type\":\"EntryPoint\",\"urlTemplate\":\"https:\/\/optimismus.es\/fr\/?s={search_term_string}\"},\"query-input\":{\"@type\":\"PropertyValueSpecification\",\"valueRequired\":true,\"valueName\":\"search_term_string\"}}],\"inLanguage\":\"fr-FR\"},{\"@type\":\"Organization\",\"@id\":\"https:\/\/optimismus.es\/fr\/#organization\",\"name\":\"Optimismus\",\"url\":\"https:\/\/optimismus.es\/fr\/\",\"logo\":{\"@type\":\"ImageObject\",\"inLanguage\":\"fr-FR\",\"@id\":\"https:\/\/optimismus.es\/fr\/#\/schema\/logo\/image\/\",\"url\":\"https:\/\/optimismus.es\/wp-content\/uploads\/2024\/10\/Logo-Optimismus.svg\",\"contentUrl\":\"https:\/\/optimismus.es\/wp-content\/uploads\/2024\/10\/Logo-Optimismus.svg\",\"width\":432,\"height\":68,\"caption\":\"Optimismus\"},\"image\":{\"@id\":\"https:\/\/optimismus.es\/fr\/#\/schema\/logo\/image\/\"}}]}<\/script>\n<!-- \/ Yoast SEO plugin. -->","yoast_head_json":{"title":"Politique de cookies - Optimismus","robots":{"index":"index","follow":"follow","max-snippet":"max-snippet:-1","max-image-preview":"max-image-preview:large","max-video-preview":"max-video-preview:-1"},"canonical":"https:\/\/optimismus.es\/fr\/politique-de-cookies\/","og_locale":"fr_FR","og_type":"article","og_title":"Politique de cookies - Optimismus","og_description":"Politique de cookies Conform\u00e9ment aux dispositions de la loi sur les services de la soci\u00e9t\u00e9 de l&rsquo;information (LSSI), CLARO SOL CARTERA, SL peut utiliser des cookies sur le portail \u00e0 tout moment pendant la fourniture de services par son interm\u00e9diaire. Que sont les cookies ? Les cookies sont des proc\u00e9dures g\u00e9n\u00e9r\u00e9es automatiquement lors de la [&hellip;]","og_url":"https:\/\/optimismus.es\/fr\/politique-de-cookies\/","og_site_name":"Optimismus","article_modified_time":"2024-11-25T08:59:49+00:00","twitter_card":"summary_large_image","twitter_misc":{"Dur\u00e9e de lecture estim\u00e9e":"5 minutes"},"schema":{"@context":"https:\/\/schema.org","@graph":[{"@type":"WebPage","@id":"https:\/\/optimismus.es\/fr\/politique-de-cookies\/","url":"https:\/\/optimismus.es\/fr\/politique-de-cookies\/","name":"Politique de cookies - Optimismus","isPartOf":{"@id":"https:\/\/optimismus.es\/fr\/#website"},"datePublished":"2024-10-29T12:17:37+00:00","dateModified":"2024-11-25T08:59:49+00:00","breadcrumb":{"@id":"https:\/\/optimismus.es\/fr\/politique-de-cookies\/#breadcrumb"},"inLanguage":"fr-FR","potentialAction":[{"@type":"ReadAction","target":["https:\/\/optimismus.es\/fr\/politique-de-cookies\/"]}]},{"@type":"BreadcrumbList","@id":"https:\/\/optimismus.es\/fr\/politique-de-cookies\/#breadcrumb","itemListElement":[{"@type":"ListItem","position":1,"name":"Home","item":"https:\/\/optimismus.es\/fr\/"},{"@type":"ListItem","position":2,"name":"Politique de cookies"}]},{"@type":"WebSite","@id":"https:\/\/optimismus.es\/fr\/#website","url":"https:\/\/optimismus.es\/fr\/","name":"Optimismus","description":"Coworking Spaces","publisher":{"@id":"https:\/\/optimismus.es\/fr\/#organization"},"potentialAction":[{"@type":"SearchAction","target":{"@type":"EntryPoint","urlTemplate":"https:\/\/optimismus.es\/fr\/?s={search_term_string}"},"query-input":{"@type":"PropertyValueSpecification","valueRequired":true,"valueName":"search_term_string"}}],"inLanguage":"fr-FR"},{"@type":"Organization","@id":"https:\/\/optimismus.es\/fr\/#organization","name":"Optimismus","url":"https:\/\/optimismus.es\/fr\/","logo":{"@type":"ImageObject","inLanguage":"fr-FR","@id":"https:\/\/optimismus.es\/fr\/#\/schema\/logo\/image\/","url":"https:\/\/optimismus.es\/wp-content\/uploads\/2024\/10\/Logo-Optimismus.svg","contentUrl":"https:\/\/optimismus.es\/wp-content\/uploads\/2024\/10\/Logo-Optimismus.svg","width":432,"height":68,"caption":"Optimismus"},"image":{"@id":"https:\/\/optimismus.es\/fr\/#\/schema\/logo\/image\/"}}]}},"_links":{"self":[{"href":"https:\/\/optimismus.es\/fr\/wp-json\/wp\/v2\/pages\/1794","targetHints":{"allow":["GET"]}}],"collection":[{"href":"https:\/\/optimismus.es\/fr\/wp-json\/wp\/v2\/pages"}],"about":[{"href":"https:\/\/optimismus.es\/fr\/wp-json\/wp\/v2\/types\/page"}],"author":[{"embeddable":true,"href":"https:\/\/optimismus.es\/fr\/wp-json\/wp\/v2\/users\/1"}],"replies":[{"embeddable":true,"href":"https:\/\/optimismus.es\/fr\/wp-json\/wp\/v2\/comments?post=1794"}],"version-history":[{"count":5,"href":"https:\/\/optimismus.es\/fr\/wp-json\/wp\/v2\/pages\/1794\/revisions"}],"predecessor-version":[{"id":1811,"href":"https:\/\/optimismus.es\/fr\/wp-json\/wp\/v2\/pages\/1794\/revisions\/1811"}],"wp:attachment":[{"href":"https:\/\/optimismus.es\/fr\/wp-json\/wp\/v2\/media?parent=1794"}],"curies":[{"name":"wp","href":"https:\/\/api.w.org\/{rel}","templated":true}]}}