{"id":1781,"date":"2024-10-29T13:26:34","date_gmt":"2024-10-29T12:26:34","guid":{"rendered":"https:\/\/optimismus.es\/conditions-generales\/"},"modified":"2024-11-25T09:59:53","modified_gmt":"2024-11-25T08:59:53","slug":"conditions-generales","status":"publish","type":"page","link":"https:\/\/optimismus.es\/fr\/conditions-generales\/","title":{"rendered":"Conditions g\u00e9n\u00e9rales"},"content":{"rendered":"\t\t<div data-elementor-type=\"wp-page\" data-elementor-id=\"1781\" class=\"elementor elementor-1781 elementor-608\" data-elementor-post-type=\"page\">\n\t\t\t\t<div class=\"elementor-element elementor-element-90424f6 e-flex e-con-boxed e-con e-parent\" data-id=\"90424f6\" data-element_type=\"container\" data-e-type=\"container\" data-settings=\"{&quot;background_background&quot;:&quot;classic&quot;}\">\n\t\t\t\t\t<div class=\"e-con-inner\">\n\t\t\t\t<div class=\"elementor-element elementor-element-f511ab8 elementor-widget elementor-widget-heading\" data-id=\"f511ab8\" data-element_type=\"widget\" data-e-type=\"widget\" data-widget_type=\"heading.default\">\n\t\t\t\t<div class=\"elementor-widget-container\">\n\t\t\t\t\t<h1 class=\"elementor-heading-title elementor-size-default\">Conditions g\u00e9n\u00e9rales<\/h1>\t\t\t\t<\/div>\n\t\t\t\t<\/div>\n\t\t\t\t\t<\/div>\n\t\t\t\t<\/div>\n\t\t<div class=\"elementor-element elementor-element-3b8efcfc e-flex e-con-boxed e-con e-parent\" data-id=\"3b8efcfc\" data-element_type=\"container\" data-e-type=\"container\">\n\t\t\t\t\t<div class=\"e-con-inner\">\n\t\t\t\t<div class=\"elementor-element elementor-element-16e28053 elementor-widget elementor-widget-text-editor\" data-id=\"16e28053\" data-element_type=\"widget\" data-e-type=\"widget\" data-widget_type=\"text-editor.default\">\n\t\t\t\t<div class=\"elementor-widget-container\">\n\t\t\t\t\t\t\t\t\t\n<h2 class=\"wp-block-heading\">1.- Informations l\u00e9gales.<\/h2>\n\n\n\n<p>Conform\u00e9ment \u00e0 la loi 34\/2002 sur les services de la soci\u00e9t\u00e9 de l&rsquo;information, il est d\u00e9clar\u00e9<br> que : www.optimismus.laminadigital.com (ci-apr\u00e8s, le SITE WEB) est un domaine enregistr\u00e9 par CLARO SOL<br> CARTERA, SL (ci-apr\u00e8s OPTIMISMUS), avec CIF B79156063 et inscrite au Registre<br> Mercantile de Madrid, Tome 9.660, Folio 166, Feuille M-88939, dont le si\u00e8ge social est C\/ Ulises,<br> 87, 28043 &#8211; Madrid (Espagne).<br> Vous pouvez nous contacter \u00e0 notre si\u00e8ge social, par t\u00e9l\u00e9phone +34645989813,<br> ou par e-mail \u00e0 contacta@optimismus.es.<\/p>\n\n\n\n<h2 class=\"wp-block-heading\">2.- Nature des prestations.<\/h2>\n\n\n\n<p>L&rsquo;acc\u00e8s au SITE WEB est gratuit. Nonobstant la sous-traitance des produits ou services<br> qui sont propos\u00e9s via le SITE WEB peuvent \u00eatre soumis \u00e0 une consid\u00e9ration \u00e9conomique. <\/p>\n\n\n\n<h2 class=\"wp-block-heading\">3.- Responsabilit\u00e9 de l&rsquo;UTILISATEUR.<\/h2>\n\n\n\n<p>L&rsquo;utilisation du SITE WEB et des informations qu&rsquo;il contient par toute personne est interdite.<br> partie de l&rsquo;UTILISATEUR pour mener des activit\u00e9s contraires \u00e0 la loi, aux bonnes m\u0153urs ou \u00e0 l&rsquo;ordre<br> public et, en g\u00e9n\u00e9ral, une utilisation non conforme aux conditions \u00e9tablies par OPTIMISMUS.<br>L&rsquo;UTILISATEUR sera responsable des opinions, du contenu et, en g\u00e9n\u00e9ral, de toutes les activit\u00e9s<br> effectu\u00e9s, sans qu&rsquo;OPTIMISMUS ne puisse \u00eatre tenu responsable des \u00e9ventuels dommages ou pertes que<br> pourraient r\u00e9sulter desdites activit\u00e9s ind\u00e9pendantes de leur volont\u00e9 et sans qu&rsquo;elles aient aucune<br> connaissance efficace de ceux-ci.<br>Si l&rsquo;UTILISATEUR d\u00e9couvre sur le SITE WEB des informations qui pourraient violer son droit ou le<br> de tiers, vous pouvez contacter OPTIMISMUS via les m\u00e9dias<br> fournis ci-dessus. OPTIMISMUS dans ces cas tentera de traiter les informations<br> avec la plus grande diligence et conform\u00e9ment \u00e0 la l\u00e9gislation en vigueur en la mati\u00e8re, retirera le<br> contenu qui viole ces droits. <\/p>\n\n\n\n<h2 class=\"wp-block-heading\">4.- Responsabilit\u00e9 d&rsquo;OPTIMISMUS.<\/h2>\n\n\n\n<p>OPTIMISMUS apportera le plus grand soin \u00e0 ce que les informations et contenus h\u00e9berg\u00e9s sur le site<br> Le SITE WEB ne contient pas d&rsquo;erreurs. Cependant, nous ne pouvons en \u00eatre tenus responsables.<br> dans l&rsquo;acc\u00e8s au SITE WEB ou dans son contenu ind\u00e9pendant de notre volont\u00e9.<br> OPTIMISMUS peut suspendre temporairement et sans pr\u00e9avis, le<br> l&rsquo;accessibilit\u00e9 du SITE WEB pour des raisons de r\u00e9alisation d&rsquo;op\u00e9rations de maintenance,<br> le r\u00e9parer, le mettre \u00e0 jour ou l&rsquo;am\u00e9liorer.<br> OPTIMISMUS n&rsquo;est pas responsable de&nbsp;:<br> \u25aa l&rsquo;indisponibilit\u00e9, la maintenance et le fonctionnement du site internet ou de ses services<br> ou contenu&nbsp;; <\/p>\n\n\n\n<p>\u25aa le manque d&rsquo;utilit\u00e9, d&rsquo;ad\u00e9quation ou de validit\u00e9 du SITE WEB ou de ses services ou contenus pour<br>satisfaire des besoins, des activit\u00e9s ou des r\u00e9sultats ou attentes sp\u00e9cifiques des utilisateurs&nbsp;;<br>\u25aa l&rsquo;existence de virus dans les contenus ;<br>\u25aa toute utilisation du contenu par les utilisateurs, et notamment les utilisations illicites,<br>n\u00e9gligente, frauduleuse ou contraire aux pr\u00e9sentes conditions g\u00e9n\u00e9rales, de bonne foi,<br>aux usages g\u00e9n\u00e9ralement admis et \u00e0 l\u2019ordre public&nbsp;;<br> \u25aa l&rsquo;ill\u00e9galit\u00e9, le manque de qualit\u00e9, de fiabilit\u00e9, d&rsquo;utilit\u00e9 et de disponibilit\u00e9 des services fournis par<br> des tiers et mis \u00e0 disposition ou annonc\u00e9s sur le SITE WEB&nbsp;;<br> \u25aa le non-respect par des tiers de leurs obligations ou engagements en mati\u00e8re de<br> avec les services fournis aux utilisateurs via le SITE WEB.<br><\/p>\n\n\n\n<p>5.- Envois \u00e9lectroniques ind\u00e9sirables (SPAM)<br> OPTIMISMUS n&rsquo;autorise pas l&rsquo;utilisation de soumissions \u00e9lectroniques ind\u00e9sirables, \u00e9galement connues sous le nom de<br> tels que le SPAM, ou toute fraude ou abus sur notre SITE WEB. OPTIMISMUS se r\u00e9serve le<br> droit d&rsquo;informer les autorit\u00e9s comp\u00e9tentes de toute utilisation du site<br> site Web contraire \u00e0 ce qui est \u00e9tabli dans la l\u00e9gislation en vigueur et dans ce document. <br>6.- Propri\u00e9t\u00e9 intellectuelle et industrielle.<br>Tout le contenu du SITE WEB (y compris, sans limitation, les bases de donn\u00e9es,<br> images, dessins, graphiques, fichiers texte, audio, vid\u00e9o et logiciels) sont la propri\u00e9t\u00e9 de<br> OPTIMISMUS et sont prot\u00e9g\u00e9s par des normes propri\u00e9taires nationales et internationales<br> intellectuel et industriel, tous droits r\u00e9serv\u00e9s.<br>Le nom de domaine, les marques, labels, signes distinctifs ou<br> logos qui apparaissent sur le SITE WEB.<br>Tous les textes, dessins graphiques, vid\u00e9os ou supports audio que l&rsquo;on pourrait trouver sur<br> \u00e0 l&rsquo;heure actuelle ou dans le futur sur ce site Internet, sont la propri\u00e9t\u00e9 d&rsquo;OPTIMISMUS et ne<br> pourront faire l&rsquo;objet de modifications ult\u00e9rieures, copie, alt\u00e9ration, reproduction totale ou partielle,<br> adaptation ou traduction par l&rsquo;UTILISATEUR ou des tiers sans l&rsquo;autorisation expresse de<br> fait partie d\u2019OPTIMISME.<br>L&rsquo;utilisation non autoris\u00e9e des informations contenues dans ce SITE WEB et la violation des droits<br> de propri\u00e9t\u00e9 intellectuelle ou industrielle entra\u00eenera les responsabilit\u00e9s l\u00e9galement \u00e9tablies.<br>Sans pr\u00e9judice de ce qui pr\u00e9c\u00e8de, OPTIMISMUS peut conc\u00e9der sous licence certains contenus sous d&rsquo;autres<br> modalit\u00e9s diff\u00e9rentes de ce qui est annonc\u00e9. Dans ces cas, il sera express\u00e9ment indiqu\u00e9 dans le<br> propre contenu. <\/p>\n\n\n\n<h2 class=\"wp-block-heading\"><br>7.- Hyperliens.<\/h2>\n\n\n\n<p><br>OPTIMISMUS permet la mise en place de liens hypertextes \u00e0 partir d&rsquo;un site Internet tiers,<br> l&rsquo;une des pages du SITE OPTIMISMUS sous r\u00e9serve du respect des conditions suivantes<br> conditions:<\/p>\n\n\n\n<p>\u25aa Les liens hypertextes pr\u00e9sents sur le SITE WEB ont fait l&rsquo;objet d&rsquo;un accord pr\u00e9alable<br> avec les propri\u00e9taires des pages Web li\u00e9es. OPTIMISMUS ne sera pas responsable du mal<br> utilisation ou activit\u00e9s contraires \u00e0 la loi, aux bonnes m\u0153urs ou \u00e0 l\u2019ordre public r\u00e9alis\u00e9es par<br> utilisateurs sur lesdites pages li\u00e9es. <br>\u25aa Tout lien hypertexte sera \u00e9tabli vers la page principale du SITE WEB.<br>\u25aa Reproduction totale ou partielle de l&rsquo;un des services contenus dans<br> le SITE WEB OPTIMISMUS.<br>\u25aa Aucune d\u00e9claration fausse, inexacte ou incorrecte ne sera incluse sur les pages du<br> SITE WEB OPTIMISMUS et ses services.<br>\u25aa OPTIMISMUS n&rsquo;est pas responsable du contenu accessible dans le cadre de ce<br> les liens susmentionn\u00e9s, ni des modifications qui y sont apport\u00e9es, ni<br> de l&rsquo;usage qui en est fait, ni de leur disponibilit\u00e9 technique.<\/p>\n\n\n\n<h2 class=\"wp-block-heading\">8.- Validit\u00e9 des conditions d&rsquo;utilisation.<\/h2>\n\n\n\n<p>OPTIMISMUS se r\u00e9serve le droit de modifier les conditions d&rsquo;utilisation et d&rsquo;acc\u00e8s au SITE<br> WEB. Ces conditions sont ind\u00e9finies. <\/p>\n\n\n\n<h2 class=\"wp-block-heading\">9.- Cookies.<\/h2>\n\n\n\n<p>Ce SITE WEB utilise des cookies, qui sont de petits fichiers de donn\u00e9es g\u00e9n\u00e9r\u00e9s dans<br> l&rsquo;ordinateur de l&rsquo;utilisateur et qui nous permettent d&rsquo;obtenir les informations suivantes :<br> \u25aa Donn\u00e9es statistiques sur l&rsquo;acc\u00e8s des utilisateurs \u00e0 notre SITE WEB.<br>\u25aa La conception du contenu que l&rsquo;utilisateur a choisi lors de sa premi\u00e8re visite sur notre SITE WEB.<br>\u25aa \u00c9l\u00e9ments de s\u00e9curit\u00e9 impliqu\u00e9s dans le contr\u00f4le de l&rsquo;acc\u00e8s aux zones r\u00e9glement\u00e9es.<br>\u25aa R\u00e9aliser des \u00e9tudes et des tests sur la conception et les fonctionnalit\u00e9s de notre SITE WEB.<br>L&rsquo;utilisateur a la possibilit\u00e9 d&#8217;emp\u00eacher la g\u00e9n\u00e9ration de cookies, en s\u00e9lectionnant l&rsquo;option<br> option correspondante dans votre programme de navigation. Cependant, OPTIMISMUS n&rsquo;est pas<br> responsable du fait que leur d\u00e9sactivation peut emp\u00eacher ou limiter le bon fonctionnement<br> fonctionnement de la page. Plus d&rsquo;informations Politique de cookies.  <\/p>\n\n\n\n<h2 class=\"wp-block-heading\">10.- Nullit\u00e9 et inefficacit\u00e9 des clauses.<\/h2>\n\n\n\n<p>Si une clause incluse dans ces conditions est d\u00e9clar\u00e9e totalement ou partiellement nulle ou<br> inefficace, cette nullit\u00e9 n&rsquo;affectera que ladite disposition ou la partie de celle-ci qui est<br> nulle ou inefficace, les conditions restant \u00e0 tous autres \u00e9gards.<\/p>\n\n\n\n<h2 class=\"wp-block-heading\">11.- L\u00e9gislation applicable et juridiction.<\/h2>\n\n\n\n<p>La fourniture du service de ce SITE WEB et les pr\u00e9sentes conditions d&rsquo;utilisation sont r\u00e9gies par le<br> Loi espagnole.<br> Tout litige concernant les services fournis via ce SITE WEB sera<br> r\u00e9solu par les cours et tribunaux de la capitale madril\u00e8ne.<\/p>\n\n\n\n<p>\u00a9 2024 CLARO SOL CARTERA, SL Tous droits r\u00e9serv\u00e9s et enregistr\u00e9s. Interdit<br> reproduction totale ou partielle. <\/p>\n\t\t\t\t\t\t\t\t<\/div>\n\t\t\t\t<\/div>\n\t\t\t\t\t<\/div>\n\t\t\t\t<\/div>\n\t\t\t\t<\/div>\n\t\t","protected":false},"excerpt":{"rendered":"<p>Conditions g\u00e9n\u00e9rales 1.- Informations l\u00e9gales. Conform\u00e9ment \u00e0 la loi 34\/2002 sur les services de la soci\u00e9t\u00e9 de l&rsquo;information, il est d\u00e9clar\u00e9 que : www.optimismus.laminadigital.com (ci-apr\u00e8s, le SITE WEB) est un domaine enregistr\u00e9 par CLARO SOL CARTERA, SL (ci-apr\u00e8s OPTIMISMUS), avec CIF B79156063 et inscrite au Registre Mercantile de Madrid, Tome 9.660, Folio 166, Feuille M-88939, [&hellip;]<\/p>\n","protected":false},"author":1,"featured_media":0,"parent":0,"menu_order":0,"comment_status":"closed","ping_status":"closed","template":"","meta":{"_joinchat":[],"footnotes":""},"class_list":["post-1781","page","type-page","status-publish","hentry"],"yoast_head":"<!-- This site is optimized with the Yoast SEO plugin v27.2 - https:\/\/yoast.com\/product\/yoast-seo-wordpress\/ -->\n<title>Conditions g\u00e9n\u00e9rales - Optimismus<\/title>\n<meta name=\"robots\" content=\"index, follow, max-snippet:-1, max-image-preview:large, max-video-preview:-1\" \/>\n<link rel=\"canonical\" href=\"https:\/\/optimismus.es\/fr\/conditions-generales\/\" \/>\n<meta property=\"og:locale\" content=\"fr_FR\" \/>\n<meta property=\"og:type\" content=\"article\" \/>\n<meta property=\"og:title\" content=\"Conditions g\u00e9n\u00e9rales - Optimismus\" \/>\n<meta property=\"og:description\" content=\"Conditions g\u00e9n\u00e9rales 1.- Informations l\u00e9gales. Conform\u00e9ment \u00e0 la loi 34\/2002 sur les services de la soci\u00e9t\u00e9 de l&rsquo;information, il est d\u00e9clar\u00e9 que : www.optimismus.laminadigital.com (ci-apr\u00e8s, le SITE WEB) est un domaine enregistr\u00e9 par CLARO SOL CARTERA, SL (ci-apr\u00e8s OPTIMISMUS), avec CIF B79156063 et inscrite au Registre Mercantile de Madrid, Tome 9.660, Folio 166, Feuille M-88939, [&hellip;]\" \/>\n<meta property=\"og:url\" content=\"https:\/\/optimismus.es\/fr\/conditions-generales\/\" \/>\n<meta property=\"og:site_name\" content=\"Optimismus\" \/>\n<meta property=\"article:modified_time\" content=\"2024-11-25T08:59:53+00:00\" \/>\n<meta name=\"twitter:card\" content=\"summary_large_image\" \/>\n<meta name=\"twitter:label1\" content=\"Dur\u00e9e de lecture estim\u00e9e\" \/>\n\t<meta name=\"twitter:data1\" content=\"6 minutes\" \/>\n<script type=\"application\/ld+json\" class=\"yoast-schema-graph\">{\"@context\":\"https:\/\/schema.org\",\"@graph\":[{\"@type\":\"WebPage\",\"@id\":\"https:\/\/optimismus.es\/fr\/conditions-generales\/\",\"url\":\"https:\/\/optimismus.es\/fr\/conditions-generales\/\",\"name\":\"Conditions g\u00e9n\u00e9rales - Optimismus\",\"isPartOf\":{\"@id\":\"https:\/\/optimismus.es\/fr\/#website\"},\"datePublished\":\"2024-10-29T12:26:34+00:00\",\"dateModified\":\"2024-11-25T08:59:53+00:00\",\"breadcrumb\":{\"@id\":\"https:\/\/optimismus.es\/fr\/conditions-generales\/#breadcrumb\"},\"inLanguage\":\"fr-FR\",\"potentialAction\":[{\"@type\":\"ReadAction\",\"target\":[\"https:\/\/optimismus.es\/fr\/conditions-generales\/\"]}]},{\"@type\":\"BreadcrumbList\",\"@id\":\"https:\/\/optimismus.es\/fr\/conditions-generales\/#breadcrumb\",\"itemListElement\":[{\"@type\":\"ListItem\",\"position\":1,\"name\":\"Home\",\"item\":\"https:\/\/optimismus.es\/fr\/\"},{\"@type\":\"ListItem\",\"position\":2,\"name\":\"Conditions g\u00e9n\u00e9rales\"}]},{\"@type\":\"WebSite\",\"@id\":\"https:\/\/optimismus.es\/fr\/#website\",\"url\":\"https:\/\/optimismus.es\/fr\/\",\"name\":\"Optimismus\",\"description\":\"Coworking Spaces\",\"publisher\":{\"@id\":\"https:\/\/optimismus.es\/fr\/#organization\"},\"potentialAction\":[{\"@type\":\"SearchAction\",\"target\":{\"@type\":\"EntryPoint\",\"urlTemplate\":\"https:\/\/optimismus.es\/fr\/?s={search_term_string}\"},\"query-input\":{\"@type\":\"PropertyValueSpecification\",\"valueRequired\":true,\"valueName\":\"search_term_string\"}}],\"inLanguage\":\"fr-FR\"},{\"@type\":\"Organization\",\"@id\":\"https:\/\/optimismus.es\/fr\/#organization\",\"name\":\"Optimismus\",\"url\":\"https:\/\/optimismus.es\/fr\/\",\"logo\":{\"@type\":\"ImageObject\",\"inLanguage\":\"fr-FR\",\"@id\":\"https:\/\/optimismus.es\/fr\/#\/schema\/logo\/image\/\",\"url\":\"https:\/\/optimismus.es\/wp-content\/uploads\/2024\/10\/Logo-Optimismus.svg\",\"contentUrl\":\"https:\/\/optimismus.es\/wp-content\/uploads\/2024\/10\/Logo-Optimismus.svg\",\"width\":432,\"height\":68,\"caption\":\"Optimismus\"},\"image\":{\"@id\":\"https:\/\/optimismus.es\/fr\/#\/schema\/logo\/image\/\"}}]}<\/script>\n<!-- \/ Yoast SEO plugin. -->","yoast_head_json":{"title":"Conditions g\u00e9n\u00e9rales - Optimismus","robots":{"index":"index","follow":"follow","max-snippet":"max-snippet:-1","max-image-preview":"max-image-preview:large","max-video-preview":"max-video-preview:-1"},"canonical":"https:\/\/optimismus.es\/fr\/conditions-generales\/","og_locale":"fr_FR","og_type":"article","og_title":"Conditions g\u00e9n\u00e9rales - Optimismus","og_description":"Conditions g\u00e9n\u00e9rales 1.- Informations l\u00e9gales. Conform\u00e9ment \u00e0 la loi 34\/2002 sur les services de la soci\u00e9t\u00e9 de l&rsquo;information, il est d\u00e9clar\u00e9 que : www.optimismus.laminadigital.com (ci-apr\u00e8s, le SITE WEB) est un domaine enregistr\u00e9 par CLARO SOL CARTERA, SL (ci-apr\u00e8s OPTIMISMUS), avec CIF B79156063 et inscrite au Registre Mercantile de Madrid, Tome 9.660, Folio 166, Feuille M-88939, [&hellip;]","og_url":"https:\/\/optimismus.es\/fr\/conditions-generales\/","og_site_name":"Optimismus","article_modified_time":"2024-11-25T08:59:53+00:00","twitter_card":"summary_large_image","twitter_misc":{"Dur\u00e9e de lecture estim\u00e9e":"6 minutes"},"schema":{"@context":"https:\/\/schema.org","@graph":[{"@type":"WebPage","@id":"https:\/\/optimismus.es\/fr\/conditions-generales\/","url":"https:\/\/optimismus.es\/fr\/conditions-generales\/","name":"Conditions g\u00e9n\u00e9rales - Optimismus","isPartOf":{"@id":"https:\/\/optimismus.es\/fr\/#website"},"datePublished":"2024-10-29T12:26:34+00:00","dateModified":"2024-11-25T08:59:53+00:00","breadcrumb":{"@id":"https:\/\/optimismus.es\/fr\/conditions-generales\/#breadcrumb"},"inLanguage":"fr-FR","potentialAction":[{"@type":"ReadAction","target":["https:\/\/optimismus.es\/fr\/conditions-generales\/"]}]},{"@type":"BreadcrumbList","@id":"https:\/\/optimismus.es\/fr\/conditions-generales\/#breadcrumb","itemListElement":[{"@type":"ListItem","position":1,"name":"Home","item":"https:\/\/optimismus.es\/fr\/"},{"@type":"ListItem","position":2,"name":"Conditions g\u00e9n\u00e9rales"}]},{"@type":"WebSite","@id":"https:\/\/optimismus.es\/fr\/#website","url":"https:\/\/optimismus.es\/fr\/","name":"Optimismus","description":"Coworking Spaces","publisher":{"@id":"https:\/\/optimismus.es\/fr\/#organization"},"potentialAction":[{"@type":"SearchAction","target":{"@type":"EntryPoint","urlTemplate":"https:\/\/optimismus.es\/fr\/?s={search_term_string}"},"query-input":{"@type":"PropertyValueSpecification","valueRequired":true,"valueName":"search_term_string"}}],"inLanguage":"fr-FR"},{"@type":"Organization","@id":"https:\/\/optimismus.es\/fr\/#organization","name":"Optimismus","url":"https:\/\/optimismus.es\/fr\/","logo":{"@type":"ImageObject","inLanguage":"fr-FR","@id":"https:\/\/optimismus.es\/fr\/#\/schema\/logo\/image\/","url":"https:\/\/optimismus.es\/wp-content\/uploads\/2024\/10\/Logo-Optimismus.svg","contentUrl":"https:\/\/optimismus.es\/wp-content\/uploads\/2024\/10\/Logo-Optimismus.svg","width":432,"height":68,"caption":"Optimismus"},"image":{"@id":"https:\/\/optimismus.es\/fr\/#\/schema\/logo\/image\/"}}]}},"_links":{"self":[{"href":"https:\/\/optimismus.es\/fr\/wp-json\/wp\/v2\/pages\/1781","targetHints":{"allow":["GET"]}}],"collection":[{"href":"https:\/\/optimismus.es\/fr\/wp-json\/wp\/v2\/pages"}],"about":[{"href":"https:\/\/optimismus.es\/fr\/wp-json\/wp\/v2\/types\/page"}],"author":[{"embeddable":true,"href":"https:\/\/optimismus.es\/fr\/wp-json\/wp\/v2\/users\/1"}],"replies":[{"embeddable":true,"href":"https:\/\/optimismus.es\/fr\/wp-json\/wp\/v2\/comments?post=1781"}],"version-history":[{"count":9,"href":"https:\/\/optimismus.es\/fr\/wp-json\/wp\/v2\/pages\/1781\/revisions"}],"predecessor-version":[{"id":1827,"href":"https:\/\/optimismus.es\/fr\/wp-json\/wp\/v2\/pages\/1781\/revisions\/1827"}],"wp:attachment":[{"href":"https:\/\/optimismus.es\/fr\/wp-json\/wp\/v2\/media?parent=1781"}],"curies":[{"name":"wp","href":"https:\/\/api.w.org\/{rel}","templated":true}]}}