{"id":1964,"date":"2024-07-03T17:02:21","date_gmt":"2024-07-03T15:02:21","guid":{"rendered":"https:\/\/optimismus.es\/datenschutzrichtlinie\/"},"modified":"2024-11-25T10:13:04","modified_gmt":"2024-11-25T09:13:04","slug":"datenschutzrichtlinie","status":"publish","type":"page","link":"https:\/\/optimismus.es\/de\/datenschutzrichtlinie\/","title":{"rendered":"Datenschutzrichtlinie"},"content":{"rendered":"\t\t<div data-elementor-type=\"wp-page\" data-elementor-id=\"1964\" class=\"elementor elementor-1964 elementor-3\" data-elementor-post-type=\"page\">\n\t\t\t\t<div class=\"elementor-element elementor-element-3c1cd896 e-flex e-con-boxed e-con e-parent\" data-id=\"3c1cd896\" data-element_type=\"container\" data-e-type=\"container\" data-settings=\"{&quot;background_background&quot;:&quot;classic&quot;}\">\n\t\t\t\t\t<div class=\"e-con-inner\">\n\t\t\t\t<div class=\"elementor-element elementor-element-1cef2f1a elementor-widget elementor-widget-heading\" data-id=\"1cef2f1a\" data-element_type=\"widget\" data-e-type=\"widget\" data-widget_type=\"heading.default\">\n\t\t\t\t<div class=\"elementor-widget-container\">\n\t\t\t\t\t<h1 class=\"elementor-heading-title elementor-size-default\">Datenschutzrichtlinie<\/h1>\t\t\t\t<\/div>\n\t\t\t\t<\/div>\n\t\t\t\t\t<\/div>\n\t\t\t\t<\/div>\n\t\t<div class=\"elementor-element elementor-element-4801af91 e-flex e-con-boxed e-con e-parent\" data-id=\"4801af91\" data-element_type=\"container\" data-e-type=\"container\">\n\t\t\t\t\t<div class=\"e-con-inner\">\n\t\t\t\t<div class=\"elementor-element elementor-element-5a3e4563 elementor-widget__width-initial elementor-widget elementor-widget-text-editor\" data-id=\"5a3e4563\" data-element_type=\"widget\" data-e-type=\"widget\" data-widget_type=\"text-editor.default\">\n\t\t\t\t<div class=\"elementor-widget-container\">\n\t\t\t\t\t\t\t\t\t\n<p>Gem\u00e4\u00df den Grunds\u00e4tzen der Legalit\u00e4t, Loyalit\u00e4t und Transparenz stellen wir Ihnen dieses Dokument zur Verf\u00fcgung.<br> Datenschutzrichtlinie.<\/p>\n\n\n\n<h2 class=\"wp-block-heading\"><br>Wer ist f\u00fcr die Verarbeitung Ihrer Daten verantwortlich?<\/h2>\n\n\n\n<p>CLARO SOL CARTERA, SL<br> CIF: B79156063.<br> REGISTRIERTE ADRESSE: C\/ Ulises, 87, 28043 \u2013 Madrid.<br> E-Mail: contacta@optimismus.es<br> Telefon: +34645989813.<br><\/p>\n\n\n\n<h2 class=\"wp-block-heading\">Zu welchem \u200b\u200bZweck verarbeiten wir Ihre personenbezogenen Daten?<\/h2>\n\n\n\n<p>Bei CLARO SOL CARTERA, SL verarbeiten wir die Informationen, die Sie uns zur Verf\u00fcgung stellen, zu dem Zweck<br> Verwaltung des Vertragsverh\u00e4ltnisses, das uns verbindet, Verwaltung der \u00dcbermittlung der von uns \u00fcbermittelten Informationen<br> Anfragen, um Interessenten Angebote unserer Dienstleistungen und\/oder f\u00fcr sie interessante Produkte zukommen zu lassen.<\/p>\n\n\n\n<h2 class=\"wp-block-heading\">Wie lange werden wir Ihre personenbezogenen Daten aufbewahren?<\/h2>\n\n\n\n<p>Ihre Daten werden so lange aufbewahrt, wie es f\u00fcr die ordnungsgem\u00e4\u00dfe Erbringung der Dienstleistung erforderlich ist.<br> angeboten werden, sowie auf die Verantwortlichkeiten einzugehen, die sich daraus und daraus ergeben k\u00f6nnen<br> jede andere gesetzliche Anforderung.<\/p>\n\n\n\n<h2 class=\"wp-block-heading\">Was ist die Legitimit\u00e4t f\u00fcr die Verarbeitung Ihrer Daten?<\/h2>\n\n\n\n<p>Die Rechtsgrundlage f\u00fcr die Verarbeitung Ihrer personenbezogenen Daten ist die<br> Art. 6 DSGVO vorgesehen und kann die Durchf\u00fchrung eines Vertragsverh\u00e4ltnisses sein<br> potenzielle und\/oder abonnierte Personen, das berechtigte Interesse, die gesetzliche Genehmigung und\/oder die Einwilligung des<br> interessiert. Die von uns angeforderten Daten sind angemessen, relevant und unbedingt erforderlich<br> Sie sind in keinem Fall dazu verpflichtet, uns diese zur Verf\u00fcgung zu stellen. Wenn Sie diese jedoch nicht mitteilen, kann dies Auswirkungen auf die Daten haben<br> Zweck der Leistung oder die Unm\u00f6glichkeit der Erbringung dieser Leistung. <\/p>\n\n\n\n<h2 class=\"wp-block-heading\">An welche Empf\u00e4nger werden Ihre Daten weitergegeben?<\/h2>\n\n\n\n<p>CLARO SOL CARTERA, SL gibt Ihre Daten nicht an Dritte weiter, es sei denn, Sie werden dar\u00fcber informiert.<br> ausdr\u00fccklich.<\/p>\n\n\n\n<h2 class=\"wp-block-heading\">Welche Rechte haben Sie, wenn Sie uns Ihre Daten zur Verf\u00fcgung stellen?<\/h2>\n\n\n\n<p>Die den Interessenten zustehenden Datenschutzrechte sind:<br> \u2022Recht, Zugang zu den personenbezogenen Daten des Interessenten zu verlangen.<br> \u2022Recht auf Berichtigung oder L\u00f6schung.<br> \u2022Widerspruchsrecht.<br> \u2022Recht, die Einschr\u00e4nkung Ihrer Behandlung zu verlangen.<br> \u2022Recht auf Daten\u00fcbertragbarkeit.<\/p>\n\n\n\n<p>Die Inhaber der erhaltenen personenbezogenen Daten k\u00f6nnen ihre Rechte zum Schutz der Privatsph\u00e4re aus\u00fcben.<br> personenbezogene Daten durch Senden einer schriftlichen Mitteilung an den Sitz von CLARO SOL<br> PORTFOLIO, SLo an die zu diesem Zweck aktivierte E-Mail, contacta@optimismus.es,<br> in beiden F\u00e4llen einschlie\u00dflich einer Fotokopie Ihres Personalausweises oder eines anderen gleichwertigen Ausweisdokuments.<br> Muster, Formulare und weitere Informationen zu Ihren Rechten finden Sie auf der Website des<br> nationale Kontrollbeh\u00f6rde, spanische Datenschutzbeh\u00f6rde, im Folgenden AEPD,<br> www.agpd.es.<\/p>\n\n\n\n<h2 class=\"wp-block-heading\">Kann ich die Einwilligung widerrufen?<\/h2>\n\n\n\n<p>Sie haben die M\u00f6glichkeit und das Recht, Ihre Einwilligung f\u00fcr jeden Zweck zu widerrufen.<br> zu diesem Zeitpunkt gew\u00e4hrte Spezifit\u00e4t, ohne die Rechtm\u00e4\u00dfigkeit der Behandlung auf der Grundlage des zu beeintr\u00e4chtigen<br> Einwilligung vor ihrem Widerruf einholen.<\/p>\n\n\n\n<h2 class=\"wp-block-heading\">Wo kann ich mich beschweren, wenn ich der Meinung bin, dass meine Daten nicht korrekt verarbeitet werden?<\/h2>\n\n\n\n<p>Wenn ein Interessent der Ansicht ist, dass seine Daten von CLARO SOL nicht korrekt verarbeitet werden<br> CARTERA, SL kann Ihre Beschwerden an die E-Mail-Adresse contacta@optimismus.es oder an die Adresse richten<br> zust\u00e4ndige Datenschutzbeh\u00f6rde, wobei die AEPD im jeweiligen Gebiet angegeben ist<br> national, www.agpd.es<\/p>\n\n\n\n<h2 class=\"wp-block-heading\">Sicherheit und Aktualisierung Ihrer pers\u00f6nlichen Daten<\/h2>\n\n\n\n<p>Um die Sicherheit Ihrer personenbezogenen Daten zu gew\u00e4hrleisten, informieren wir Sie dar\u00fcber, dass CLARO<br> SOL CARTERA, SL hat alle notwendigen technischen und organisatorischen Ma\u00dfnahmen ergriffen<br> um die Sicherheit der bereitgestellten personenbezogenen Daten zu gew\u00e4hrleisten. All dies gilt es zu vermeiden<br> \u00c4nderung, Verlust und\/oder unbefugte Behandlung oder unbefugter Zugriff, wie gesetzlich vorgeschrieben, wenn<br> Nun, absolute Sicherheit gibt es nicht.<br> Damit wir Ihre personenbezogenen Daten aktuell halten k\u00f6nnen, ist es wichtig, dass Sie uns informieren<br> wann immer eine \u00c4nderung auftritt. <\/p>\n\n\n\n<h2 class=\"wp-block-heading\">Vertraulichkeit<\/h2>\n\n\n\n<p>CLARO SOL CARTERA, SL informiert Sie dar\u00fcber, dass Ihre Daten mit gr\u00f6\u00dfter Sorgfalt behandelt werden<br> Vertraulichkeit durch das gesamte Personal, das an jeder Phase der Behandlung beteiligt ist.<br> Wir werden Ihre Daten nicht an Dritte weitergeben oder ihnen mitteilen, au\u00dfer in rechtlichen F\u00e4llen.<br> vorausgesetzt, oder es sei denn, der Interessent hat uns ausdr\u00fccklich dazu erm\u00e4chtigt.<\/p>\n\t\t\t\t\t\t\t\t<\/div>\n\t\t\t\t<\/div>\n\t\t\t\t\t<\/div>\n\t\t\t\t<\/div>\n\t\t\t\t<\/div>\n\t\t","protected":false},"excerpt":{"rendered":"<p>Datenschutzrichtlinie Gem\u00e4\u00df den Grunds\u00e4tzen der Legalit\u00e4t, Loyalit\u00e4t und Transparenz stellen wir Ihnen dieses Dokument zur Verf\u00fcgung. Datenschutzrichtlinie. Wer ist f\u00fcr die Verarbeitung Ihrer Daten verantwortlich? CLARO SOL CARTERA, SL CIF: B79156063. REGISTRIERTE ADRESSE: C\/ Ulises, 87, 28043 \u2013 Madrid. E-Mail: contacta@optimismus.es Telefon: +34645989813. Zu welchem \u200b\u200bZweck verarbeiten wir Ihre personenbezogenen Daten? Bei CLARO SOL CARTERA, [&hellip;]<\/p>\n","protected":false},"author":1,"featured_media":0,"parent":0,"menu_order":0,"comment_status":"closed","ping_status":"closed","template":"","meta":{"_joinchat":[],"footnotes":""},"class_list":["post-1964","page","type-page","status-publish","hentry"],"yoast_head":"<!-- This site is optimized with the Yoast SEO plugin v27.2 - https:\/\/yoast.com\/product\/yoast-seo-wordpress\/ -->\n<title>Datenschutzrichtlinie - Optimismus<\/title>\n<meta name=\"robots\" content=\"index, follow, max-snippet:-1, max-image-preview:large, max-video-preview:-1\" \/>\n<link rel=\"canonical\" href=\"https:\/\/optimismus.es\/de\/datenschutzrichtlinie\/\" \/>\n<meta property=\"og:locale\" content=\"de_DE\" \/>\n<meta property=\"og:type\" content=\"article\" \/>\n<meta property=\"og:title\" content=\"Datenschutzrichtlinie - Optimismus\" \/>\n<meta property=\"og:description\" content=\"Datenschutzrichtlinie Gem\u00e4\u00df den Grunds\u00e4tzen der Legalit\u00e4t, Loyalit\u00e4t und Transparenz stellen wir Ihnen dieses Dokument zur Verf\u00fcgung. Datenschutzrichtlinie. Wer ist f\u00fcr die Verarbeitung Ihrer Daten verantwortlich? CLARO SOL CARTERA, SL CIF: B79156063. REGISTRIERTE ADRESSE: C\/ Ulises, 87, 28043 \u2013 Madrid. E-Mail: contacta@optimismus.es Telefon: +34645989813. Zu welchem \u200b\u200bZweck verarbeiten wir Ihre personenbezogenen Daten? Bei CLARO SOL CARTERA, [&hellip;]\" \/>\n<meta property=\"og:url\" content=\"https:\/\/optimismus.es\/de\/datenschutzrichtlinie\/\" \/>\n<meta property=\"og:site_name\" content=\"Optimismus\" \/>\n<meta property=\"article:modified_time\" content=\"2024-11-25T09:13:04+00:00\" \/>\n<meta name=\"twitter:card\" content=\"summary_large_image\" \/>\n<meta name=\"twitter:label1\" content=\"Gesch\u00e4tzte Lesezeit\" \/>\n\t<meta name=\"twitter:data1\" content=\"3\u00a0Minuten\" \/>\n<script type=\"application\/ld+json\" class=\"yoast-schema-graph\">{\"@context\":\"https:\/\/schema.org\",\"@graph\":[{\"@type\":\"WebPage\",\"@id\":\"https:\/\/optimismus.es\/de\/datenschutzrichtlinie\/\",\"url\":\"https:\/\/optimismus.es\/de\/datenschutzrichtlinie\/\",\"name\":\"Datenschutzrichtlinie - Optimismus\",\"isPartOf\":{\"@id\":\"https:\/\/optimismus.es\/de\/#website\"},\"datePublished\":\"2024-07-03T15:02:21+00:00\",\"dateModified\":\"2024-11-25T09:13:04+00:00\",\"breadcrumb\":{\"@id\":\"https:\/\/optimismus.es\/de\/datenschutzrichtlinie\/#breadcrumb\"},\"inLanguage\":\"de\",\"potentialAction\":[{\"@type\":\"ReadAction\",\"target\":[\"https:\/\/optimismus.es\/de\/datenschutzrichtlinie\/\"]}]},{\"@type\":\"BreadcrumbList\",\"@id\":\"https:\/\/optimismus.es\/de\/datenschutzrichtlinie\/#breadcrumb\",\"itemListElement\":[{\"@type\":\"ListItem\",\"position\":1,\"name\":\"Home\",\"item\":\"https:\/\/optimismus.es\/de\/\"},{\"@type\":\"ListItem\",\"position\":2,\"name\":\"Datenschutzrichtlinie\"}]},{\"@type\":\"WebSite\",\"@id\":\"https:\/\/optimismus.es\/de\/#website\",\"url\":\"https:\/\/optimismus.es\/de\/\",\"name\":\"Optimismus\",\"description\":\"Coworking Spaces\",\"publisher\":{\"@id\":\"https:\/\/optimismus.es\/de\/#organization\"},\"potentialAction\":[{\"@type\":\"SearchAction\",\"target\":{\"@type\":\"EntryPoint\",\"urlTemplate\":\"https:\/\/optimismus.es\/de\/?s={search_term_string}\"},\"query-input\":{\"@type\":\"PropertyValueSpecification\",\"valueRequired\":true,\"valueName\":\"search_term_string\"}}],\"inLanguage\":\"de\"},{\"@type\":\"Organization\",\"@id\":\"https:\/\/optimismus.es\/de\/#organization\",\"name\":\"Optimismus\",\"url\":\"https:\/\/optimismus.es\/de\/\",\"logo\":{\"@type\":\"ImageObject\",\"inLanguage\":\"de\",\"@id\":\"https:\/\/optimismus.es\/de\/#\/schema\/logo\/image\/\",\"url\":\"https:\/\/optimismus.es\/wp-content\/uploads\/2024\/10\/Logo-Optimismus.svg\",\"contentUrl\":\"https:\/\/optimismus.es\/wp-content\/uploads\/2024\/10\/Logo-Optimismus.svg\",\"width\":432,\"height\":68,\"caption\":\"Optimismus\"},\"image\":{\"@id\":\"https:\/\/optimismus.es\/de\/#\/schema\/logo\/image\/\"}}]}<\/script>\n<!-- \/ Yoast SEO plugin. -->","yoast_head_json":{"title":"Datenschutzrichtlinie - Optimismus","robots":{"index":"index","follow":"follow","max-snippet":"max-snippet:-1","max-image-preview":"max-image-preview:large","max-video-preview":"max-video-preview:-1"},"canonical":"https:\/\/optimismus.es\/de\/datenschutzrichtlinie\/","og_locale":"de_DE","og_type":"article","og_title":"Datenschutzrichtlinie - Optimismus","og_description":"Datenschutzrichtlinie Gem\u00e4\u00df den Grunds\u00e4tzen der Legalit\u00e4t, Loyalit\u00e4t und Transparenz stellen wir Ihnen dieses Dokument zur Verf\u00fcgung. Datenschutzrichtlinie. Wer ist f\u00fcr die Verarbeitung Ihrer Daten verantwortlich? CLARO SOL CARTERA, SL CIF: B79156063. REGISTRIERTE ADRESSE: C\/ Ulises, 87, 28043 \u2013 Madrid. E-Mail: contacta@optimismus.es Telefon: +34645989813. Zu welchem \u200b\u200bZweck verarbeiten wir Ihre personenbezogenen Daten? Bei CLARO SOL CARTERA, [&hellip;]","og_url":"https:\/\/optimismus.es\/de\/datenschutzrichtlinie\/","og_site_name":"Optimismus","article_modified_time":"2024-11-25T09:13:04+00:00","twitter_card":"summary_large_image","twitter_misc":{"Gesch\u00e4tzte Lesezeit":"3\u00a0Minuten"},"schema":{"@context":"https:\/\/schema.org","@graph":[{"@type":"WebPage","@id":"https:\/\/optimismus.es\/de\/datenschutzrichtlinie\/","url":"https:\/\/optimismus.es\/de\/datenschutzrichtlinie\/","name":"Datenschutzrichtlinie - Optimismus","isPartOf":{"@id":"https:\/\/optimismus.es\/de\/#website"},"datePublished":"2024-07-03T15:02:21+00:00","dateModified":"2024-11-25T09:13:04+00:00","breadcrumb":{"@id":"https:\/\/optimismus.es\/de\/datenschutzrichtlinie\/#breadcrumb"},"inLanguage":"de","potentialAction":[{"@type":"ReadAction","target":["https:\/\/optimismus.es\/de\/datenschutzrichtlinie\/"]}]},{"@type":"BreadcrumbList","@id":"https:\/\/optimismus.es\/de\/datenschutzrichtlinie\/#breadcrumb","itemListElement":[{"@type":"ListItem","position":1,"name":"Home","item":"https:\/\/optimismus.es\/de\/"},{"@type":"ListItem","position":2,"name":"Datenschutzrichtlinie"}]},{"@type":"WebSite","@id":"https:\/\/optimismus.es\/de\/#website","url":"https:\/\/optimismus.es\/de\/","name":"Optimismus","description":"Coworking Spaces","publisher":{"@id":"https:\/\/optimismus.es\/de\/#organization"},"potentialAction":[{"@type":"SearchAction","target":{"@type":"EntryPoint","urlTemplate":"https:\/\/optimismus.es\/de\/?s={search_term_string}"},"query-input":{"@type":"PropertyValueSpecification","valueRequired":true,"valueName":"search_term_string"}}],"inLanguage":"de"},{"@type":"Organization","@id":"https:\/\/optimismus.es\/de\/#organization","name":"Optimismus","url":"https:\/\/optimismus.es\/de\/","logo":{"@type":"ImageObject","inLanguage":"de","@id":"https:\/\/optimismus.es\/de\/#\/schema\/logo\/image\/","url":"https:\/\/optimismus.es\/wp-content\/uploads\/2024\/10\/Logo-Optimismus.svg","contentUrl":"https:\/\/optimismus.es\/wp-content\/uploads\/2024\/10\/Logo-Optimismus.svg","width":432,"height":68,"caption":"Optimismus"},"image":{"@id":"https:\/\/optimismus.es\/de\/#\/schema\/logo\/image\/"}}]}},"_links":{"self":[{"href":"https:\/\/optimismus.es\/de\/wp-json\/wp\/v2\/pages\/1964","targetHints":{"allow":["GET"]}}],"collection":[{"href":"https:\/\/optimismus.es\/de\/wp-json\/wp\/v2\/pages"}],"about":[{"href":"https:\/\/optimismus.es\/de\/wp-json\/wp\/v2\/types\/page"}],"author":[{"embeddable":true,"href":"https:\/\/optimismus.es\/de\/wp-json\/wp\/v2\/users\/1"}],"replies":[{"embeddable":true,"href":"https:\/\/optimismus.es\/de\/wp-json\/wp\/v2\/comments?post=1964"}],"version-history":[{"count":7,"href":"https:\/\/optimismus.es\/de\/wp-json\/wp\/v2\/pages\/1964\/revisions"}],"predecessor-version":[{"id":1977,"href":"https:\/\/optimismus.es\/de\/wp-json\/wp\/v2\/pages\/1964\/revisions\/1977"}],"wp:attachment":[{"href":"https:\/\/optimismus.es\/de\/wp-json\/wp\/v2\/media?parent=1964"}],"curies":[{"name":"wp","href":"https:\/\/api.w.org\/{rel}","templated":true}]}}