{"id":1919,"date":"2024-11-12T13:46:55","date_gmt":"2024-11-12T12:46:55","guid":{"rendered":"https:\/\/optimismus.es\/gegenwaertig\/"},"modified":"2026-01-09T08:04:42","modified_gmt":"2026-01-09T07:04:42","slug":"gegenwaertig","status":"publish","type":"page","link":"https:\/\/optimismus.es\/de\/gegenwaertig\/","title":{"rendered":"Gegenw\u00e4rtig"},"content":{"rendered":"\t\t<div data-elementor-type=\"wp-page\" data-elementor-id=\"1919\" class=\"elementor elementor-1919 elementor-1400\" data-elementor-post-type=\"page\">\n\t\t\t\t<div class=\"elementor-element elementor-element-5e59463 e-flex e-con-boxed e-con e-parent\" data-id=\"5e59463\" data-element_type=\"container\" data-e-type=\"container\" data-settings=\"{&quot;background_background&quot;:&quot;classic&quot;}\">\n\t\t\t\t\t<div class=\"e-con-inner\">\n\t\t\t\t<div class=\"elementor-element elementor-element-3f41156 elementor-invisible elementor-widget elementor-widget-heading\" data-id=\"3f41156\" data-element_type=\"widget\" data-e-type=\"widget\" data-settings=\"{&quot;_animation&quot;:&quot;fadeInDown&quot;}\" data-widget_type=\"heading.default\">\n\t\t\t\t<div class=\"elementor-widget-container\">\n\t\t\t\t\t<h1 class=\"elementor-heading-title elementor-size-default\">Gegenw\u00e4rtig<\/h1>\t\t\t\t<\/div>\n\t\t\t\t<\/div>\n\t\t\t\t<div class=\"elementor-element elementor-element-6671380 elementor-grid-tablet-3 elementor-grid-3 elementor-grid-mobile-1 elementor-posts--thumbnail-top elementor-widget elementor-widget-posts\" data-id=\"6671380\" data-element_type=\"widget\" data-e-type=\"widget\" data-settings=\"{&quot;classic_columns_tablet&quot;:&quot;3&quot;,&quot;classic_row_gap_tablet&quot;:{&quot;unit&quot;:&quot;px&quot;,&quot;size&quot;:30,&quot;sizes&quot;:[]},&quot;pagination_type&quot;:&quot;prev_next&quot;,&quot;classic_columns&quot;:&quot;3&quot;,&quot;classic_columns_mobile&quot;:&quot;1&quot;,&quot;classic_row_gap&quot;:{&quot;unit&quot;:&quot;px&quot;,&quot;size&quot;:35,&quot;sizes&quot;:[]},&quot;classic_row_gap_mobile&quot;:{&quot;unit&quot;:&quot;px&quot;,&quot;size&quot;:&quot;&quot;,&quot;sizes&quot;:[]}}\" data-widget_type=\"posts.classic\">\n\t\t\t\t<div class=\"elementor-widget-container\">\n\t\t\t\t\t\t\t<div class=\"elementor-posts-container elementor-posts elementor-posts--skin-classic elementor-grid\" role=\"list\">\n\t\t\t\t<article class=\"elementor-post elementor-grid-item post-4426 post type-post status-publish format-standard has-post-thumbnail hentry category-unkategorisiert\" role=\"listitem\">\n\t\t\t\t<a class=\"elementor-post__thumbnail__link\" href=\"https:\/\/optimismus.es\/de\/mythen-ueber-coworking\/\" tabindex=\"-1\" >\n\t\t\t<div class=\"elementor-post__thumbnail\"><img fetchpriority=\"high\" decoding=\"async\" width=\"800\" height=\"534\" src=\"https:\/\/optimismus.es\/wp-content\/uploads\/2025\/07\/Optimismus_Ulises-87_051-1024x684.jpg\" class=\"attachment-large size-large wp-image-3259\" alt=\"\" srcset=\"https:\/\/optimismus.es\/wp-content\/uploads\/2025\/07\/Optimismus_Ulises-87_051-1024x684.jpg 1024w, https:\/\/optimismus.es\/wp-content\/uploads\/2025\/07\/Optimismus_Ulises-87_051-300x200.jpg 300w, https:\/\/optimismus.es\/wp-content\/uploads\/2025\/07\/Optimismus_Ulises-87_051-768x513.jpg 768w, https:\/\/optimismus.es\/wp-content\/uploads\/2025\/07\/Optimismus_Ulises-87_051-1536x1025.jpg 1536w, https:\/\/optimismus.es\/wp-content\/uploads\/2025\/07\/Optimismus_Ulises-87_051.jpg 2000w\" sizes=\"(max-width: 800px) 100vw, 800px\" \/><\/div>\n\t\t<\/a>\n\t\t\t\t<div class=\"elementor-post__text\">\n\t\t\t\t<h3 class=\"elementor-post__title\">\n\t\t\t<a href=\"https:\/\/optimismus.es\/de\/mythen-ueber-coworking\/\" >\n\t\t\t\tMythen \u00fcber Coworking\t\t\t<\/a>\n\t\t<\/h3>\n\t\t\t\t<div class=\"elementor-post__meta-data\">\n\t\t\t\t\t<span class=\"elementor-post-date\">\n\t\t\t10. Juli 2025\t\t<\/span>\n\t\t\t\t<\/div>\n\t\t\t\t<div class=\"elementor-post__excerpt\">\n\t\t\t<p>Coworking-Spaces sind gekommen, um zu bleiben. Sie sind flexibel, funktional und inspirierend \u2026 aber auch von Klischees umgeben, die nicht<\/p>\n\t\t<\/div>\n\t\t\n\t\t<a class=\"elementor-post__read-more\" href=\"https:\/\/optimismus.es\/de\/mythen-ueber-coworking\/\" aria-label=\"Mehr \u00fcber Mythen \u00fcber Coworking\" tabindex=\"-1\" >\n\t\t\tMehr lesen \"\t\t<\/a>\n\n\t\t\t\t<\/div>\n\t\t\t\t<\/article>\n\t\t\t\t<article class=\"elementor-post elementor-grid-item post-4428 post type-post status-publish format-standard has-post-thumbnail hentry category-unkategorisiert\" role=\"listitem\">\n\t\t\t\t<a class=\"elementor-post__thumbnail__link\" href=\"https:\/\/optimismus.es\/de\/tagungsraeume-in-madrid-wie-man-sie-auswaehlt\/\" tabindex=\"-1\" >\n\t\t\t<div class=\"elementor-post__thumbnail\"><img decoding=\"async\" width=\"800\" height=\"534\" src=\"https:\/\/optimismus.es\/wp-content\/uploads\/2025\/07\/Optimismus_Ulises-87_075-1024x684.jpg\" class=\"attachment-large size-large wp-image-3240\" alt=\"\" srcset=\"https:\/\/optimismus.es\/wp-content\/uploads\/2025\/07\/Optimismus_Ulises-87_075-1024x684.jpg 1024w, https:\/\/optimismus.es\/wp-content\/uploads\/2025\/07\/Optimismus_Ulises-87_075-300x200.jpg 300w, https:\/\/optimismus.es\/wp-content\/uploads\/2025\/07\/Optimismus_Ulises-87_075-768x513.jpg 768w, https:\/\/optimismus.es\/wp-content\/uploads\/2025\/07\/Optimismus_Ulises-87_075-1536x1025.jpg 1536w, https:\/\/optimismus.es\/wp-content\/uploads\/2025\/07\/Optimismus_Ulises-87_075.jpg 2000w\" sizes=\"(max-width: 800px) 100vw, 800px\" \/><\/div>\n\t\t<\/a>\n\t\t\t\t<div class=\"elementor-post__text\">\n\t\t\t\t<h3 class=\"elementor-post__title\">\n\t\t\t<a href=\"https:\/\/optimismus.es\/de\/tagungsraeume-in-madrid-wie-man-sie-auswaehlt\/\" >\n\t\t\t\tTagungsr\u00e4ume in Madrid: Wie man sie ausw\u00e4hlt\t\t\t<\/a>\n\t\t<\/h3>\n\t\t\t\t<div class=\"elementor-post__meta-data\">\n\t\t\t\t\t<span class=\"elementor-post-date\">\n\t\t\t2. Juli 2025\t\t<\/span>\n\t\t\t\t<\/div>\n\t\t\t\t<div class=\"elementor-post__excerpt\">\n\t\t\t<p>In der heutigen schnelllebigen Arbeitswelt kann die Qualit\u00e4t Ihrer Meetings entscheidend f\u00fcr Ihren Erfolg sein. Ob Sie als Freelancer einen<\/p>\n\t\t<\/div>\n\t\t\n\t\t<a class=\"elementor-post__read-more\" href=\"https:\/\/optimismus.es\/de\/tagungsraeume-in-madrid-wie-man-sie-auswaehlt\/\" aria-label=\"Mehr \u00fcber Tagungsr\u00e4ume in Madrid: Wie man sie ausw\u00e4hlt\" tabindex=\"-1\" >\n\t\t\tMehr lesen \"\t\t<\/a>\n\n\t\t\t\t<\/div>\n\t\t\t\t<\/article>\n\t\t\t\t<article class=\"elementor-post elementor-grid-item post-4442 post type-post status-publish format-standard has-post-thumbnail hentry category-unkategorisiert\" role=\"listitem\">\n\t\t\t\t<a class=\"elementor-post__thumbnail__link\" href=\"https:\/\/optimismus.es\/de\/leitfaden-so-organisieren-sie-eine-veranstaltung-in-madrid-die-einen-bleibenden-eindruck-hinterlaesst\/\" tabindex=\"-1\" >\n\t\t\t<div class=\"elementor-post__thumbnail\"><img decoding=\"async\" width=\"800\" height=\"534\" src=\"https:\/\/optimismus.es\/wp-content\/uploads\/2025\/07\/DSC06843-1024x683.jpg\" class=\"attachment-large size-large wp-image-3265\" alt=\"\" srcset=\"https:\/\/optimismus.es\/wp-content\/uploads\/2025\/07\/DSC06843-1024x683.jpg 1024w, https:\/\/optimismus.es\/wp-content\/uploads\/2025\/07\/DSC06843-300x200.jpg 300w, https:\/\/optimismus.es\/wp-content\/uploads\/2025\/07\/DSC06843-768x512.jpg 768w, https:\/\/optimismus.es\/wp-content\/uploads\/2025\/07\/DSC06843-1536x1024.jpg 1536w, https:\/\/optimismus.es\/wp-content\/uploads\/2025\/07\/DSC06843-2048x1365.jpg 2048w\" sizes=\"(max-width: 800px) 100vw, 800px\" \/><\/div>\n\t\t<\/a>\n\t\t\t\t<div class=\"elementor-post__text\">\n\t\t\t\t<h3 class=\"elementor-post__title\">\n\t\t\t<a href=\"https:\/\/optimismus.es\/de\/leitfaden-so-organisieren-sie-eine-veranstaltung-in-madrid-die-einen-bleibenden-eindruck-hinterlaesst\/\" >\n\t\t\t\tLEITFADEN: So organisieren Sie eine Veranstaltung in Madrid, die einen bleibenden Eindruck hinterl\u00e4sst\t\t\t<\/a>\n\t\t<\/h3>\n\t\t\t\t<div class=\"elementor-post__meta-data\">\n\t\t\t\t\t<span class=\"elementor-post-date\">\n\t\t\t25. Juni 2025\t\t<\/span>\n\t\t\t\t<\/div>\n\t\t\t\t<div class=\"elementor-post__excerpt\">\n\t\t\t<p>Die Organisation einer Veranstaltung \u2013 sei es ein Workshop , eine Produkteinf\u00fchrung, eine Schulung, eine Konferenz oder ein Networking- Event<\/p>\n\t\t<\/div>\n\t\t\n\t\t<a class=\"elementor-post__read-more\" href=\"https:\/\/optimismus.es\/de\/leitfaden-so-organisieren-sie-eine-veranstaltung-in-madrid-die-einen-bleibenden-eindruck-hinterlaesst\/\" aria-label=\"Mehr \u00fcber LEITFADEN: So organisieren Sie eine Veranstaltung in Madrid, die einen bleibenden Eindruck hinterl\u00e4sst\" tabindex=\"-1\" >\n\t\t\tMehr lesen \"\t\t<\/a>\n\n\t\t\t\t<\/div>\n\t\t\t\t<\/article>\n\t\t\t\t<article class=\"elementor-post elementor-grid-item post-4455 post type-post status-publish format-standard hentry category-unkategorisiert\" role=\"listitem\">\n\t\t\t\t<div class=\"elementor-post__text\">\n\t\t\t\t<h3 class=\"elementor-post__title\">\n\t\t\t<a href=\"https:\/\/optimismus.es\/de\/coworking-und-psychische-gesundheit-wie-es-ihr-wohlbefinden-verbessert\/\" >\n\t\t\t\tCoworking und psychische Gesundheit: Wie es Ihr Wohlbefinden verbessert\t\t\t<\/a>\n\t\t<\/h3>\n\t\t\t\t<div class=\"elementor-post__meta-data\">\n\t\t\t\t\t<span class=\"elementor-post-date\">\n\t\t\t18. Juni 2025\t\t<\/span>\n\t\t\t\t<\/div>\n\t\t\t\t<div class=\"elementor-post__excerpt\">\n\t\t\t<p>In einer Welt, in der mobiles Arbeiten f\u00fcr viele zur Norm geworden ist, r\u00fcckt die psychische Gesundheit von Berufst\u00e4tigen immer<\/p>\n\t\t<\/div>\n\t\t\n\t\t<a class=\"elementor-post__read-more\" href=\"https:\/\/optimismus.es\/de\/coworking-und-psychische-gesundheit-wie-es-ihr-wohlbefinden-verbessert\/\" aria-label=\"Mehr \u00fcber Coworking und psychische Gesundheit: Wie es Ihr Wohlbefinden verbessert\" tabindex=\"-1\" >\n\t\t\tMehr lesen \"\t\t<\/a>\n\n\t\t\t\t<\/div>\n\t\t\t\t<\/article>\n\t\t\t\t<article class=\"elementor-post elementor-grid-item post-4452 post type-post status-publish format-standard has-post-thumbnail hentry category-unkategorisiert\" role=\"listitem\">\n\t\t\t\t<a class=\"elementor-post__thumbnail__link\" href=\"https:\/\/optimismus.es\/de\/wie-man-einen-coworking-space-in-madrid-auswaehlt-der-ultimative-leitfaden\/\" tabindex=\"-1\" >\n\t\t\t<div class=\"elementor-post__thumbnail\"><img loading=\"lazy\" decoding=\"async\" width=\"800\" height=\"600\" src=\"https:\/\/optimismus.es\/wp-content\/uploads\/2025\/05\/10.png\" class=\"attachment-large size-large wp-image-2497\" alt=\"\" srcset=\"https:\/\/optimismus.es\/wp-content\/uploads\/2025\/05\/10.png 800w, https:\/\/optimismus.es\/wp-content\/uploads\/2025\/05\/10-300x225.png 300w, https:\/\/optimismus.es\/wp-content\/uploads\/2025\/05\/10-768x576.png 768w\" sizes=\"(max-width: 800px) 100vw, 800px\" \/><\/div>\n\t\t<\/a>\n\t\t\t\t<div class=\"elementor-post__text\">\n\t\t\t\t<h3 class=\"elementor-post__title\">\n\t\t\t<a href=\"https:\/\/optimismus.es\/de\/wie-man-einen-coworking-space-in-madrid-auswaehlt-der-ultimative-leitfaden\/\" >\n\t\t\t\tWie man einen Coworking-Space in Madrid ausw\u00e4hlt: Der ultimative Leitfaden\t\t\t<\/a>\n\t\t<\/h3>\n\t\t\t\t<div class=\"elementor-post__meta-data\">\n\t\t\t\t\t<span class=\"elementor-post-date\">\n\t\t\t10. Juni 2025\t\t<\/span>\n\t\t\t\t<\/div>\n\t\t\t\t<div class=\"elementor-post__excerpt\">\n\t\t\t<p>Die Wahl eines Coworking-Spaces in Madrid mag einfach erscheinen, doch bei genauerer Betrachtung der verschiedenen Angebote stellt man fest, dass<\/p>\n\t\t<\/div>\n\t\t\n\t\t<a class=\"elementor-post__read-more\" href=\"https:\/\/optimismus.es\/de\/wie-man-einen-coworking-space-in-madrid-auswaehlt-der-ultimative-leitfaden\/\" aria-label=\"Mehr \u00fcber Wie man einen Coworking-Space in Madrid ausw\u00e4hlt: Der ultimative Leitfaden\" tabindex=\"-1\" >\n\t\t\tMehr lesen \"\t\t<\/a>\n\n\t\t\t\t<\/div>\n\t\t\t\t<\/article>\n\t\t\t\t<article class=\"elementor-post elementor-grid-item post-1906 post type-post status-publish format-standard has-post-thumbnail hentry category-unkategorisiert\" role=\"listitem\">\n\t\t\t\t<a class=\"elementor-post__thumbnail__link\" href=\"https:\/\/optimismus.es\/de\/raeume-schaffen-um-geschaeftsbeziehungen-zu-knuepfen-der-schluessel-zum-geschaeftserfolg\/\" tabindex=\"-1\" >\n\t\t\t<div class=\"elementor-post__thumbnail\"><img loading=\"lazy\" decoding=\"async\" width=\"800\" height=\"534\" src=\"https:\/\/optimismus.es\/wp-content\/uploads\/2024\/11\/Crear-Espacios-para-Forjar-Relaciones-Comerciales-1024x684.jpg\" class=\"attachment-large size-large wp-image-1745\" alt=\"\" srcset=\"https:\/\/optimismus.es\/wp-content\/uploads\/2024\/11\/Crear-Espacios-para-Forjar-Relaciones-Comerciales-1024x684.jpg 1024w, https:\/\/optimismus.es\/wp-content\/uploads\/2024\/11\/Crear-Espacios-para-Forjar-Relaciones-Comerciales-300x200.jpg 300w, https:\/\/optimismus.es\/wp-content\/uploads\/2024\/11\/Crear-Espacios-para-Forjar-Relaciones-Comerciales-768x513.jpg 768w, https:\/\/optimismus.es\/wp-content\/uploads\/2024\/11\/Crear-Espacios-para-Forjar-Relaciones-Comerciales.jpg 1400w\" sizes=\"(max-width: 800px) 100vw, 800px\" \/><\/div>\n\t\t<\/a>\n\t\t\t\t<div class=\"elementor-post__text\">\n\t\t\t\t<h3 class=\"elementor-post__title\">\n\t\t\t<a href=\"https:\/\/optimismus.es\/de\/raeume-schaffen-um-geschaeftsbeziehungen-zu-knuepfen-der-schluessel-zum-geschaeftserfolg\/\" >\n\t\t\t\tR\u00e4ume schaffen, um Gesch\u00e4ftsbeziehungen zu kn\u00fcpfen: Der Schl\u00fcssel zum Gesch\u00e4ftserfolg\t\t\t<\/a>\n\t\t<\/h3>\n\t\t\t\t<div class=\"elementor-post__meta-data\">\n\t\t\t\t\t<span class=\"elementor-post-date\">\n\t\t\t12. November 2024\t\t<\/span>\n\t\t\t\t<\/div>\n\t\t\t\t<div class=\"elementor-post__excerpt\">\n\t\t\t<p>In einer zunehmend vernetzten Welt ist die F\u00e4higkeit, starke Gesch\u00e4ftsbeziehungen aufzubauen, f\u00fcr den Erfolg eines jeden Unternehmens von entscheidender Bedeutung.<\/p>\n\t\t<\/div>\n\t\t\n\t\t<a class=\"elementor-post__read-more\" href=\"https:\/\/optimismus.es\/de\/raeume-schaffen-um-geschaeftsbeziehungen-zu-knuepfen-der-schluessel-zum-geschaeftserfolg\/\" aria-label=\"Mehr \u00fcber R\u00e4ume schaffen, um Gesch\u00e4ftsbeziehungen zu kn\u00fcpfen: Der Schl\u00fcssel zum Gesch\u00e4ftserfolg\" tabindex=\"-1\" >\n\t\t\tMehr lesen \"\t\t<\/a>\n\n\t\t\t\t<\/div>\n\t\t\t\t<\/article>\n\t\t\t\t<article class=\"elementor-post elementor-grid-item post-1873 post type-post status-publish format-standard has-post-thumbnail hentry category-unkategorisiert\" role=\"listitem\">\n\t\t\t\t<a class=\"elementor-post__thumbnail__link\" href=\"https:\/\/optimismus.es\/de\/flexible-raeume-zur-maximierung-ihres-potenzials\/\" tabindex=\"-1\" >\n\t\t\t<div class=\"elementor-post__thumbnail\"><img loading=\"lazy\" decoding=\"async\" width=\"800\" height=\"534\" src=\"https:\/\/optimismus.es\/wp-content\/uploads\/2024\/11\/Espacios-Flexibles-para-Maximizar-tu-Potencial-1024x683.jpg\" class=\"attachment-large size-large wp-image-1739\" alt=\"\" srcset=\"https:\/\/optimismus.es\/wp-content\/uploads\/2024\/11\/Espacios-Flexibles-para-Maximizar-tu-Potencial-1024x683.jpg 1024w, https:\/\/optimismus.es\/wp-content\/uploads\/2024\/11\/Espacios-Flexibles-para-Maximizar-tu-Potencial-300x200.jpg 300w, https:\/\/optimismus.es\/wp-content\/uploads\/2024\/11\/Espacios-Flexibles-para-Maximizar-tu-Potencial-768x512.jpg 768w, https:\/\/optimismus.es\/wp-content\/uploads\/2024\/11\/Espacios-Flexibles-para-Maximizar-tu-Potencial.jpg 1400w\" sizes=\"(max-width: 800px) 100vw, 800px\" \/><\/div>\n\t\t<\/a>\n\t\t\t\t<div class=\"elementor-post__text\">\n\t\t\t\t<h3 class=\"elementor-post__title\">\n\t\t\t<a href=\"https:\/\/optimismus.es\/de\/flexible-raeume-zur-maximierung-ihres-potenzials\/\" >\n\t\t\t\tFlexible R\u00e4ume zur Maximierung Ihres Potenzials\t\t\t<\/a>\n\t\t<\/h3>\n\t\t\t\t<div class=\"elementor-post__meta-data\">\n\t\t\t\t\t<span class=\"elementor-post-date\">\n\t\t\t12. November 2024\t\t<\/span>\n\t\t\t\t<\/div>\n\t\t\t\t<div class=\"elementor-post__excerpt\">\n\t\t\t<p>Haben Sie genug von der Monotonie eines statischen Arbeitsplatzes? Es ist Zeit, Ihr Arbeitsumfeld neu zu gestalten. Flexible R\u00e4ume revolutionieren<\/p>\n\t\t<\/div>\n\t\t\n\t\t<a class=\"elementor-post__read-more\" href=\"https:\/\/optimismus.es\/de\/flexible-raeume-zur-maximierung-ihres-potenzials\/\" aria-label=\"Mehr \u00fcber Flexible R\u00e4ume zur Maximierung Ihres Potenzials\" tabindex=\"-1\" >\n\t\t\tMehr lesen \"\t\t<\/a>\n\n\t\t\t\t<\/div>\n\t\t\t\t<\/article>\n\t\t\t\t<article class=\"elementor-post elementor-grid-item post-1897 post type-post status-publish format-standard has-post-thumbnail hentry category-unkategorisiert\" role=\"listitem\">\n\t\t\t\t<a class=\"elementor-post__thumbnail__link\" href=\"https:\/\/optimismus.es\/de\/coworking-ihr-neuer-raum-um-sich-beruflich-weiterzuentwickeln\/\" tabindex=\"-1\" >\n\t\t\t<div class=\"elementor-post__thumbnail\"><img loading=\"lazy\" decoding=\"async\" width=\"800\" height=\"534\" src=\"https:\/\/optimismus.es\/wp-content\/uploads\/2024\/11\/Coworking-Tu-nuevo-espacio-para-crecer-profesionalmente-1024x683.jpg\" class=\"attachment-large size-large wp-image-1742\" alt=\"\" srcset=\"https:\/\/optimismus.es\/wp-content\/uploads\/2024\/11\/Coworking-Tu-nuevo-espacio-para-crecer-profesionalmente-1024x683.jpg 1024w, https:\/\/optimismus.es\/wp-content\/uploads\/2024\/11\/Coworking-Tu-nuevo-espacio-para-crecer-profesionalmente-300x200.jpg 300w, https:\/\/optimismus.es\/wp-content\/uploads\/2024\/11\/Coworking-Tu-nuevo-espacio-para-crecer-profesionalmente-768x512.jpg 768w, https:\/\/optimismus.es\/wp-content\/uploads\/2024\/11\/Coworking-Tu-nuevo-espacio-para-crecer-profesionalmente.jpg 1400w\" sizes=\"(max-width: 800px) 100vw, 800px\" \/><\/div>\n\t\t<\/a>\n\t\t\t\t<div class=\"elementor-post__text\">\n\t\t\t\t<h3 class=\"elementor-post__title\">\n\t\t\t<a href=\"https:\/\/optimismus.es\/de\/coworking-ihr-neuer-raum-um-sich-beruflich-weiterzuentwickeln\/\" >\n\t\t\t\tCoworking: Ihr neuer Raum, um sich beruflich weiterzuentwickeln\t\t\t<\/a>\n\t\t<\/h3>\n\t\t\t\t<div class=\"elementor-post__meta-data\">\n\t\t\t\t\t<span class=\"elementor-post-date\">\n\t\t\t12. Februar 2024\t\t<\/span>\n\t\t\t\t<\/div>\n\t\t\t\t<div class=\"elementor-post__excerpt\">\n\t\t\t<p>Coworking Spaces haben die Art und Weise, wie wir arbeiten, revolutioniert. Es ist nicht l\u00e4nger notwendig, an ein traditionelles B\u00fcro<\/p>\n\t\t<\/div>\n\t\t\n\t\t<a class=\"elementor-post__read-more\" href=\"https:\/\/optimismus.es\/de\/coworking-ihr-neuer-raum-um-sich-beruflich-weiterzuentwickeln\/\" aria-label=\"Mehr \u00fcber Coworking: Ihr neuer Raum, um sich beruflich weiterzuentwickeln\" tabindex=\"-1\" >\n\t\t\tMehr lesen \"\t\t<\/a>\n\n\t\t\t\t<\/div>\n\t\t\t\t<\/article>\n\t\t\t\t<\/div>\n\t\t\n\t\t\t\t\t\t<\/div>\n\t\t\t\t<\/div>\n\t\t\t\t\t<\/div>\n\t\t\t\t<\/div>\n\t\t\t\t<\/div>\n\t\t","protected":false},"excerpt":{"rendered":"<p>Gegenw\u00e4rtig<\/p>\n","protected":false},"author":1,"featured_media":0,"parent":0,"menu_order":0,"comment_status":"closed","ping_status":"closed","template":"","meta":{"_joinchat":[],"footnotes":""},"class_list":["post-1919","page","type-page","status-publish","hentry"],"yoast_head":"<!-- This site is optimized with the Yoast SEO plugin v27.2 - https:\/\/yoast.com\/product\/yoast-seo-wordpress\/ -->\n<title>Gegenw\u00e4rtig - Optimismus<\/title>\n<meta name=\"description\" content=\"Entdecken Sie die besten Standorte und Vorteile f\u00fcr Ihr Unternehmen im Herzen Madrids. W\u00e4hlen Sie einen zentral gelegenen Coworking-Space f\u00fcr Ihr Business.\" \/>\n<meta name=\"robots\" content=\"index, follow, max-snippet:-1, max-image-preview:large, max-video-preview:-1\" \/>\n<link rel=\"canonical\" href=\"https:\/\/optimismus.es\/de\/gegenwaertig\/\" \/>\n<meta property=\"og:locale\" content=\"de_DE\" \/>\n<meta property=\"og:type\" content=\"article\" \/>\n<meta property=\"og:title\" content=\"Gegenw\u00e4rtig - Optimismus\" \/>\n<meta property=\"og:description\" content=\"Entdecken Sie die besten Standorte und Vorteile f\u00fcr Ihr Unternehmen im Herzen Madrids. W\u00e4hlen Sie einen zentral gelegenen Coworking-Space f\u00fcr Ihr Business.\" \/>\n<meta property=\"og:url\" content=\"https:\/\/optimismus.es\/de\/gegenwaertig\/\" \/>\n<meta property=\"og:site_name\" content=\"Optimismus\" \/>\n<meta property=\"article:modified_time\" content=\"2026-01-09T07:04:42+00:00\" \/>\n<meta name=\"twitter:card\" content=\"summary_large_image\" \/>\n<script type=\"application\/ld+json\" class=\"yoast-schema-graph\">{\"@context\":\"https:\/\/schema.org\",\"@graph\":[{\"@type\":\"WebPage\",\"@id\":\"https:\/\/optimismus.es\/de\/gegenwaertig\/\",\"url\":\"https:\/\/optimismus.es\/de\/gegenwaertig\/\",\"name\":\"Gegenw\u00e4rtig - Optimismus\",\"isPartOf\":{\"@id\":\"https:\/\/optimismus.es\/de\/#website\"},\"datePublished\":\"2024-11-12T12:46:55+00:00\",\"dateModified\":\"2026-01-09T07:04:42+00:00\",\"description\":\"Entdecken Sie die besten Standorte und Vorteile f\u00fcr Ihr Unternehmen im Herzen Madrids. W\u00e4hlen Sie einen zentral gelegenen Coworking-Space f\u00fcr Ihr Business.\",\"breadcrumb\":{\"@id\":\"https:\/\/optimismus.es\/de\/gegenwaertig\/#breadcrumb\"},\"inLanguage\":\"de\",\"potentialAction\":[{\"@type\":\"ReadAction\",\"target\":[\"https:\/\/optimismus.es\/de\/gegenwaertig\/\"]}]},{\"@type\":\"BreadcrumbList\",\"@id\":\"https:\/\/optimismus.es\/de\/gegenwaertig\/#breadcrumb\",\"itemListElement\":[{\"@type\":\"ListItem\",\"position\":1,\"name\":\"Home\",\"item\":\"https:\/\/optimismus.es\/de\/\"},{\"@type\":\"ListItem\",\"position\":2,\"name\":\"Gegenw\u00e4rtig\"}]},{\"@type\":\"WebSite\",\"@id\":\"https:\/\/optimismus.es\/de\/#website\",\"url\":\"https:\/\/optimismus.es\/de\/\",\"name\":\"Optimismus\",\"description\":\"Coworking Spaces\",\"publisher\":{\"@id\":\"https:\/\/optimismus.es\/de\/#organization\"},\"potentialAction\":[{\"@type\":\"SearchAction\",\"target\":{\"@type\":\"EntryPoint\",\"urlTemplate\":\"https:\/\/optimismus.es\/de\/?s={search_term_string}\"},\"query-input\":{\"@type\":\"PropertyValueSpecification\",\"valueRequired\":true,\"valueName\":\"search_term_string\"}}],\"inLanguage\":\"de\"},{\"@type\":\"Organization\",\"@id\":\"https:\/\/optimismus.es\/de\/#organization\",\"name\":\"Optimismus\",\"url\":\"https:\/\/optimismus.es\/de\/\",\"logo\":{\"@type\":\"ImageObject\",\"inLanguage\":\"de\",\"@id\":\"https:\/\/optimismus.es\/de\/#\/schema\/logo\/image\/\",\"url\":\"https:\/\/optimismus.es\/wp-content\/uploads\/2024\/10\/Logo-Optimismus.svg\",\"contentUrl\":\"https:\/\/optimismus.es\/wp-content\/uploads\/2024\/10\/Logo-Optimismus.svg\",\"width\":432,\"height\":68,\"caption\":\"Optimismus\"},\"image\":{\"@id\":\"https:\/\/optimismus.es\/de\/#\/schema\/logo\/image\/\"}}]}<\/script>\n<!-- \/ Yoast SEO plugin. -->","yoast_head_json":{"title":"Gegenw\u00e4rtig - Optimismus","description":"Entdecken Sie die besten Standorte und Vorteile f\u00fcr Ihr Unternehmen im Herzen Madrids. W\u00e4hlen Sie einen zentral gelegenen Coworking-Space f\u00fcr Ihr Business.","robots":{"index":"index","follow":"follow","max-snippet":"max-snippet:-1","max-image-preview":"max-image-preview:large","max-video-preview":"max-video-preview:-1"},"canonical":"https:\/\/optimismus.es\/de\/gegenwaertig\/","og_locale":"de_DE","og_type":"article","og_title":"Gegenw\u00e4rtig - Optimismus","og_description":"Entdecken Sie die besten Standorte und Vorteile f\u00fcr Ihr Unternehmen im Herzen Madrids. W\u00e4hlen Sie einen zentral gelegenen Coworking-Space f\u00fcr Ihr Business.","og_url":"https:\/\/optimismus.es\/de\/gegenwaertig\/","og_site_name":"Optimismus","article_modified_time":"2026-01-09T07:04:42+00:00","twitter_card":"summary_large_image","schema":{"@context":"https:\/\/schema.org","@graph":[{"@type":"WebPage","@id":"https:\/\/optimismus.es\/de\/gegenwaertig\/","url":"https:\/\/optimismus.es\/de\/gegenwaertig\/","name":"Gegenw\u00e4rtig - Optimismus","isPartOf":{"@id":"https:\/\/optimismus.es\/de\/#website"},"datePublished":"2024-11-12T12:46:55+00:00","dateModified":"2026-01-09T07:04:42+00:00","description":"Entdecken Sie die besten Standorte und Vorteile f\u00fcr Ihr Unternehmen im Herzen Madrids. W\u00e4hlen Sie einen zentral gelegenen Coworking-Space f\u00fcr Ihr Business.","breadcrumb":{"@id":"https:\/\/optimismus.es\/de\/gegenwaertig\/#breadcrumb"},"inLanguage":"de","potentialAction":[{"@type":"ReadAction","target":["https:\/\/optimismus.es\/de\/gegenwaertig\/"]}]},{"@type":"BreadcrumbList","@id":"https:\/\/optimismus.es\/de\/gegenwaertig\/#breadcrumb","itemListElement":[{"@type":"ListItem","position":1,"name":"Home","item":"https:\/\/optimismus.es\/de\/"},{"@type":"ListItem","position":2,"name":"Gegenw\u00e4rtig"}]},{"@type":"WebSite","@id":"https:\/\/optimismus.es\/de\/#website","url":"https:\/\/optimismus.es\/de\/","name":"Optimismus","description":"Coworking Spaces","publisher":{"@id":"https:\/\/optimismus.es\/de\/#organization"},"potentialAction":[{"@type":"SearchAction","target":{"@type":"EntryPoint","urlTemplate":"https:\/\/optimismus.es\/de\/?s={search_term_string}"},"query-input":{"@type":"PropertyValueSpecification","valueRequired":true,"valueName":"search_term_string"}}],"inLanguage":"de"},{"@type":"Organization","@id":"https:\/\/optimismus.es\/de\/#organization","name":"Optimismus","url":"https:\/\/optimismus.es\/de\/","logo":{"@type":"ImageObject","inLanguage":"de","@id":"https:\/\/optimismus.es\/de\/#\/schema\/logo\/image\/","url":"https:\/\/optimismus.es\/wp-content\/uploads\/2024\/10\/Logo-Optimismus.svg","contentUrl":"https:\/\/optimismus.es\/wp-content\/uploads\/2024\/10\/Logo-Optimismus.svg","width":432,"height":68,"caption":"Optimismus"},"image":{"@id":"https:\/\/optimismus.es\/de\/#\/schema\/logo\/image\/"}}]}},"_links":{"self":[{"href":"https:\/\/optimismus.es\/de\/wp-json\/wp\/v2\/pages\/1919","targetHints":{"allow":["GET"]}}],"collection":[{"href":"https:\/\/optimismus.es\/de\/wp-json\/wp\/v2\/pages"}],"about":[{"href":"https:\/\/optimismus.es\/de\/wp-json\/wp\/v2\/types\/page"}],"author":[{"embeddable":true,"href":"https:\/\/optimismus.es\/de\/wp-json\/wp\/v2\/users\/1"}],"replies":[{"embeddable":true,"href":"https:\/\/optimismus.es\/de\/wp-json\/wp\/v2\/comments?post=1919"}],"version-history":[{"count":1,"href":"https:\/\/optimismus.es\/de\/wp-json\/wp\/v2\/pages\/1919\/revisions"}],"predecessor-version":[{"id":1920,"href":"https:\/\/optimismus.es\/de\/wp-json\/wp\/v2\/pages\/1919\/revisions\/1920"}],"wp:attachment":[{"href":"https:\/\/optimismus.es\/de\/wp-json\/wp\/v2\/media?parent=1919"}],"curies":[{"name":"wp","href":"https:\/\/api.w.org\/{rel}","templated":true}]}}