{"id":1785,"date":"2024-10-29T13:17:37","date_gmt":"2024-10-29T12:17:37","guid":{"rendered":"https:\/\/optimismus.es\/cookie-richtlinie\/"},"modified":"2024-11-25T09:59:49","modified_gmt":"2024-11-25T08:59:49","slug":"cookie-richtlinie","status":"publish","type":"page","link":"https:\/\/optimismus.es\/de\/cookie-richtlinie\/","title":{"rendered":"Cookie-Richtlinie"},"content":{"rendered":"\t\t<div data-elementor-type=\"wp-page\" data-elementor-id=\"1785\" class=\"elementor elementor-1785 elementor-605\" data-elementor-post-type=\"page\">\n\t\t\t\t<div class=\"elementor-element elementor-element-22d4f951 e-flex e-con-boxed e-con e-parent\" data-id=\"22d4f951\" data-element_type=\"container\" data-e-type=\"container\" data-settings=\"{&quot;background_background&quot;:&quot;classic&quot;}\">\n\t\t\t\t\t<div class=\"e-con-inner\">\n\t\t\t\t<div class=\"elementor-element elementor-element-5cac5cb8 elementor-widget elementor-widget-heading\" data-id=\"5cac5cb8\" data-element_type=\"widget\" data-e-type=\"widget\" data-widget_type=\"heading.default\">\n\t\t\t\t<div class=\"elementor-widget-container\">\n\t\t\t\t\t<h1 class=\"elementor-heading-title elementor-size-default\">Cookie-Richtlinie<\/h1>\t\t\t\t<\/div>\n\t\t\t\t<\/div>\n\t\t\t\t\t<\/div>\n\t\t\t\t<\/div>\n\t\t<div class=\"elementor-element elementor-element-3b551e0a e-flex e-con-boxed e-con e-parent\" data-id=\"3b551e0a\" data-element_type=\"container\" data-e-type=\"container\">\n\t\t\t\t\t<div class=\"e-con-inner\">\n\t\t\t\t<div class=\"elementor-element elementor-element-4af2ec36 elementor-widget elementor-widget-text-editor\" data-id=\"4af2ec36\" data-element_type=\"widget\" data-e-type=\"widget\" data-widget_type=\"text-editor.default\">\n\t\t\t\t<div class=\"elementor-widget-container\">\n\t\t\t\t\t\t\t\t\t<p><\/p>\n<p>In \u00dcbereinstimmung mit den Bestimmungen des Gesetzes \u00fcber Dienste der Informationsgesellschaft (LSSI)<br> CLARO SOL CARTERA, SL kann jederzeit w\u00e4hrend der Nutzung Cookies auf dem Portal verwenden<br> Bereitstellung von Dienstleistungen dar\u00fcber.<\/p>\n<h2>Was sind Cookies?<\/h2>\n<p>Cookies sind Verfahren, die beim Surfen auf den Websites automatisch generiert werden.<br> Web. Durch diese Verfahren einige <br>kleine, f\u00fcr den Benutzer nicht wahrnehmbare Datendateien, \u00fcber die CLARO SOL<br>CARTERA, SL kann in gewisser Weise Zugriff auf bestimmte pers\u00f6nliche Daten des Benutzers haben<br> Anonyme, unter anderem folgende Informationen: Datum und Uhrzeit des letzten Besuchs des Benutzers auf der Website<br> Portal; Portalinformationen, die der Benutzer bei seinem letzten Besuch konsultiert hat;<br> Herkunft des Nutzers (Seite, Land und IP-Adresse), verwendeter Internetbrowser, System<br> Betrieb und ob ein Computer oder ein mobiles Ger\u00e4t verwendet wird.<br>Ebenso werden bei jedem erneuten Zugriff des Nutzers auf das Portal die in der genannten Dateien gel\u00f6scht<br> Der vorherige Absatz wird automatisch aktiviert, wodurch die Website mit dem konfiguriert wird<br> Pr\u00e4ferenzen, die bei fr\u00fcheren Besuchen des Benutzers angegeben wurden.<br>Alle Benutzer haben die M\u00f6glichkeit, die Generierung von Cookie-Dateien zu deaktivieren<br> oder um den Benutzer zu warnen, wann diese Dateien erstellt werden. Daf\u00fcr,<br> Der Benutzer muss die Option ausw\u00e4hlen, die seinem Browserprogramm entspricht. <\/p>\n<p>Das Portal ist f\u00fcr jeden Benutzer zug\u00e4nglich, ohne dass eine Aktivierung erforderlich ist<br> auf Ihrer Computerausr\u00fcstung die Option im Zusammenhang mit Cookie-Dateien. Allerdings ist die Nichtaktivierung<br> Diese Option k\u00f6nnte die ordnungsgem\u00e4\u00dfe Funktion einiger Dienste beeintr\u00e4chtigen<br> auf dem Portal angeboten. In diesem Sinne und in \u00dcbereinstimmung mit den Bestimmungen des LSSI, CLARO<br> SOL CARTERA, SL kann die Speicherung oder den Zugriff technischer Art ausschlie\u00dflich zu dem Zweck vornehmen<br> die \u00dcbertragung einer Mitteilung \u00fcber ein elektronisches Kommunikationsnetz bewirken oder, in<br> die Ma\u00dfnahme, die f\u00fcr die Erbringung einer Dienstleistung des Unternehmens unbedingt erforderlich ist<br> der vom Nutzer ausdr\u00fccklich angeforderten Informationen.  <br>Auf diese Weise, falls CLARO SOL CARTERA, SL mit der Lagerung fortf\u00e4hrt und<br>Wiederherstellung von Daten auf dem Endger\u00e4t des Benutzers zu einem anderen Zweck als dem<br> Die im vorherigen Absatz genannten Daten werden von CLARO SOL CARTERA, SL zuvor eingezogen<br> Zustimmung der Benutzer, nachdem sie ihnen klare und vollst\u00e4ndige Informationen zur Verf\u00fcgung gestellt haben<br> \u00fcber deren Verwendung, insbesondere \u00fcber die Zwecke der Datenverarbeitung, gem<br> in der Datenschutz-Grundverordnung vorgesehen.<\/p>\n<h2>Auf dieser Website verwendete Cookies<\/h2>\n<p>Die von dieser Website verwendeten Cookies sowie ihr Zweck werden im Folgenden beschrieben:<\/p>\n<p><\/p>\n<h3>EINHALTUNG VON RECHTSVORSCHRIFTEN DSGVO \u2013 LSSI<\/h3>\n<p><\/p>\n<ul class=\"wp-block-list\">\n<li style=\"list-style-type: none;\">\n<ul class=\"wp-block-list\"><\/ul>\n<\/li>\n<\/ul>\n<ul class=\"wp-block-list\">\n<li style=\"list-style-type: none;\">\n<ul class=\"wp-block-list\">\n<li>Technische Cookies: Hierbei handelt es sich um Cookies, die f\u00fcr den Betrieb der Website unbedingt erforderlich sind.<br> wie zum Beispiel solche, die der korrekten Navigation dienen oder sicherstellen, dass die<br> Webseiteninhalte werden effizient geladen.<\/li>\n<\/ul>\n<\/li>\n<\/ul>\n<p><\/p>\n<ul class=\"wp-block-list\">\n<li style=\"list-style-type: none;\">\n<ul class=\"wp-block-list\">\n<li>Eigene Sitzungscookies: Diese werden verwendet, um sicherzustellen, dass Benutzer schreiben<br> Kommentare auf der Website sind menschliche und keine automatisierten Anwendungen. Auf diese Weise<br> Bek\u00e4mpfung von Spam. <\/li>\n<\/ul>\n<\/li>\n<\/ul>\n<p><\/p>\n<ul class=\"wp-block-list\">\n<li style=\"list-style-type: none;\">\n<ul class=\"wp-block-list\">\n<li>Dauerhafte Analyse-Cookies (Google Analytics): Das sind Cookies, die von uns verarbeitet werden<br> durch Dritte (Google Inc, Web CEO Ltd.), erm\u00f6glichen es uns, die Anzahl der Nutzer zu quantifizieren,<br> Analysieren Sie Ihr Surfverhalten und f\u00fchren Sie eine statistische Analyse der Nutzung durch<br> tun die Nutzer unserer Dienste. Zu diesem Zweck wird Ihre Navigation auf unserer Website analysiert.<br> Web, um das Surferlebnis und die von uns angebotenen Dienste zu verbessern. Der<br> Die durch diese Art von Cookies erhaltenen Daten bleiben im Endger\u00e4t des gespeichert<br> Der Benutzer kann bei jedem Zugriff desselben auf die Website bis zum n\u00e4chsten Mal verarbeitet werden<br> Ablauf von Cookies oder der Benutzer selbst l\u00f6scht sie.<br> Die Einstellungen f\u00fcr Google Analytics und Google Tag Manager werden von Google standardm\u00e4\u00dfig \u00fcbernommen<br> Inc., daher empfehlen wir Ihnen, die Datenschutzseite von Google Analytics zu konsultieren<br> (http:\/\/www.google.com\/intl\/es\/analytics\/privacyoverview.html) und konsultieren<br> https:\/\/www.webceo.com\/privacy.html, um weitere Informationen \u00fcber die \u201eCookies\u201c zu erhalten<br> verwendet und wie man sie deaktiviert.  <\/li>\n<\/ul>\n<\/li>\n<\/ul>\n<p><\/p>\n<ul class=\"wp-block-list\">\n<li>Dauerhafte verhaltensbezogene Werbe-Cookies (Soziale Netzwerke): Jedes soziale Netzwerk verwendet<br> Ihre eigenen Cookies, damit Sie auf Schaltfl\u00e4chen wie \u201eGef\u00e4llt mir\u201c oder \u201eTeilen\u201c klicken k\u00f6nnen.<\/li>\n<\/ul>\n<div><span style=\"color: inherit; font-family: inherit; font-size: 1.75rem; background-color: transparent; text-align: var(--text-align);\"> <\/span><\/div>\n<p><span style=\"color: inherit; font-family: inherit; font-size: 1.75rem; background-color: transparent; text-align: var(--text-align);\">ANNAHME UND KONFIGURATION VON COOKIES DURCH DEN NUTZER<\/span><\/p>\n<ul class=\"wp-block-list\">\n<li>In jedem Fall m\u00fcssen Sie als Nutzer der Verwendung von Cookies zustimmen, damit diese verwendet werden k\u00f6nnen.<br> indem Sie den Pop-up-Hinweis auf unserer Website akzeptieren, der f\u00fcr einen Zeitraum von einem Jahr g\u00fcltig ist<br> Die Laufzeit betr\u00e4gt 12 Monate und muss danach erneuert werden. Andernfalls werden sie nicht verwendet<br> die angegebenen Cookies, mit Ausnahme derjenigen, die f\u00fcr die einfachste Navigation durch unsere erforderlich sind<br> Webseite. Wenn Sie die Installation von Cookies nicht akzeptieren, k\u00f6nnen wir die Sichtbarkeit bzw<br> korrekte Navigation auf der Website.<br> Der Benutzer kann die auf seinem Computer installierten Cookies durch Klicken blockieren oder l\u00f6schen<br> Konfiguration der darauf installierten Browseroptionen.  <br><br><\/li>\n<\/ul>\n<p><span style=\"background-color: transparent; color: var( --e-global-color-text ); text-align: var(--text-align);\">Informationen zur Vorgehensweise bei der Nutzung als Browser finden Sie hier:<\/span><\/p>\n<p><\/p>\n<p><\/p>\n<ul>\n<li>Firefox von hier: http:\/\/support.mozilla.org\/es\/kb\/habilitar-y-deshabilitar-cookies-que-los-<br> Wir-Seiten<\/li>\n<li>Chrome von hier: http:\/\/support.google.com\/chrome\/bin\/answer.py?hl=es&amp;answer=95647<\/li>\n<li>Explorer von hier aus: http:\/\/windows.microsoft.com\/es-es\/windows7\/how-to-manage-<br> Cookies-im-Internet-Explorer-9<\/li>\n<li>Safari von hier aus: http:\/\/support.apple.com\/kb\/ph5042<\/li>\n<li>Gehen Sie von hier aus vor: http:\/\/help.opera.com\/Windows\/11.50\/es-ES\/cookies.html<\/li>\n<\/ul>\n<p> <\/p>\n<p>Bitte konsultieren Sie die Anleitungen und Handb\u00fccher Ihres Browsers, um dies zu erweitern<br> Information.<\/p>\n<p><\/p>\t\t\t\t\t\t\t\t<\/div>\n\t\t\t\t<\/div>\n\t\t\t\t\t<\/div>\n\t\t\t\t<\/div>\n\t\t\t\t<\/div>\n\t\t","protected":false},"excerpt":{"rendered":"<p>Cookie-Richtlinie In \u00dcbereinstimmung mit den Bestimmungen des Gesetzes \u00fcber Dienste der Informationsgesellschaft (LSSI) CLARO SOL CARTERA, SL kann jederzeit w\u00e4hrend der Nutzung Cookies auf dem Portal verwenden Bereitstellung von Dienstleistungen dar\u00fcber. Was sind Cookies? Cookies sind Verfahren, die beim Surfen auf den Websites automatisch generiert werden. Web. Durch diese Verfahren einige kleine, f\u00fcr den Benutzer [&hellip;]<\/p>\n","protected":false},"author":1,"featured_media":0,"parent":0,"menu_order":0,"comment_status":"closed","ping_status":"closed","template":"","meta":{"_joinchat":[],"footnotes":""},"class_list":["post-1785","page","type-page","status-publish","hentry"],"yoast_head":"<!-- This site is optimized with the Yoast SEO plugin v27.2 - https:\/\/yoast.com\/product\/yoast-seo-wordpress\/ -->\n<title>Cookie-Richtlinie - Optimismus<\/title>\n<meta name=\"robots\" content=\"index, follow, max-snippet:-1, max-image-preview:large, max-video-preview:-1\" \/>\n<link rel=\"canonical\" href=\"https:\/\/optimismus.es\/de\/cookie-richtlinie\/\" \/>\n<meta property=\"og:locale\" content=\"de_DE\" \/>\n<meta property=\"og:type\" content=\"article\" \/>\n<meta property=\"og:title\" content=\"Cookie-Richtlinie - Optimismus\" \/>\n<meta property=\"og:description\" content=\"Cookie-Richtlinie In \u00dcbereinstimmung mit den Bestimmungen des Gesetzes \u00fcber Dienste der Informationsgesellschaft (LSSI) CLARO SOL CARTERA, SL kann jederzeit w\u00e4hrend der Nutzung Cookies auf dem Portal verwenden Bereitstellung von Dienstleistungen dar\u00fcber. Was sind Cookies? Cookies sind Verfahren, die beim Surfen auf den Websites automatisch generiert werden. Web. Durch diese Verfahren einige kleine, f\u00fcr den Benutzer [&hellip;]\" \/>\n<meta property=\"og:url\" content=\"https:\/\/optimismus.es\/de\/cookie-richtlinie\/\" \/>\n<meta property=\"og:site_name\" content=\"Optimismus\" \/>\n<meta property=\"article:modified_time\" content=\"2024-11-25T08:59:49+00:00\" \/>\n<meta name=\"twitter:card\" content=\"summary_large_image\" \/>\n<meta name=\"twitter:label1\" content=\"Gesch\u00e4tzte Lesezeit\" \/>\n\t<meta name=\"twitter:data1\" content=\"4\u00a0Minuten\" \/>\n<script type=\"application\/ld+json\" class=\"yoast-schema-graph\">{\"@context\":\"https:\/\/schema.org\",\"@graph\":[{\"@type\":\"WebPage\",\"@id\":\"https:\/\/optimismus.es\/de\/cookie-richtlinie\/\",\"url\":\"https:\/\/optimismus.es\/de\/cookie-richtlinie\/\",\"name\":\"Cookie-Richtlinie - Optimismus\",\"isPartOf\":{\"@id\":\"https:\/\/optimismus.es\/de\/#website\"},\"datePublished\":\"2024-10-29T12:17:37+00:00\",\"dateModified\":\"2024-11-25T08:59:49+00:00\",\"breadcrumb\":{\"@id\":\"https:\/\/optimismus.es\/de\/cookie-richtlinie\/#breadcrumb\"},\"inLanguage\":\"de\",\"potentialAction\":[{\"@type\":\"ReadAction\",\"target\":[\"https:\/\/optimismus.es\/de\/cookie-richtlinie\/\"]}]},{\"@type\":\"BreadcrumbList\",\"@id\":\"https:\/\/optimismus.es\/de\/cookie-richtlinie\/#breadcrumb\",\"itemListElement\":[{\"@type\":\"ListItem\",\"position\":1,\"name\":\"Home\",\"item\":\"https:\/\/optimismus.es\/de\/\"},{\"@type\":\"ListItem\",\"position\":2,\"name\":\"Cookie-Richtlinie\"}]},{\"@type\":\"WebSite\",\"@id\":\"https:\/\/optimismus.es\/de\/#website\",\"url\":\"https:\/\/optimismus.es\/de\/\",\"name\":\"Optimismus\",\"description\":\"Coworking Spaces\",\"publisher\":{\"@id\":\"https:\/\/optimismus.es\/de\/#organization\"},\"potentialAction\":[{\"@type\":\"SearchAction\",\"target\":{\"@type\":\"EntryPoint\",\"urlTemplate\":\"https:\/\/optimismus.es\/de\/?s={search_term_string}\"},\"query-input\":{\"@type\":\"PropertyValueSpecification\",\"valueRequired\":true,\"valueName\":\"search_term_string\"}}],\"inLanguage\":\"de\"},{\"@type\":\"Organization\",\"@id\":\"https:\/\/optimismus.es\/de\/#organization\",\"name\":\"Optimismus\",\"url\":\"https:\/\/optimismus.es\/de\/\",\"logo\":{\"@type\":\"ImageObject\",\"inLanguage\":\"de\",\"@id\":\"https:\/\/optimismus.es\/de\/#\/schema\/logo\/image\/\",\"url\":\"https:\/\/optimismus.es\/wp-content\/uploads\/2024\/10\/Logo-Optimismus.svg\",\"contentUrl\":\"https:\/\/optimismus.es\/wp-content\/uploads\/2024\/10\/Logo-Optimismus.svg\",\"width\":432,\"height\":68,\"caption\":\"Optimismus\"},\"image\":{\"@id\":\"https:\/\/optimismus.es\/de\/#\/schema\/logo\/image\/\"}}]}<\/script>\n<!-- \/ Yoast SEO plugin. -->","yoast_head_json":{"title":"Cookie-Richtlinie - Optimismus","robots":{"index":"index","follow":"follow","max-snippet":"max-snippet:-1","max-image-preview":"max-image-preview:large","max-video-preview":"max-video-preview:-1"},"canonical":"https:\/\/optimismus.es\/de\/cookie-richtlinie\/","og_locale":"de_DE","og_type":"article","og_title":"Cookie-Richtlinie - Optimismus","og_description":"Cookie-Richtlinie In \u00dcbereinstimmung mit den Bestimmungen des Gesetzes \u00fcber Dienste der Informationsgesellschaft (LSSI) CLARO SOL CARTERA, SL kann jederzeit w\u00e4hrend der Nutzung Cookies auf dem Portal verwenden Bereitstellung von Dienstleistungen dar\u00fcber. Was sind Cookies? Cookies sind Verfahren, die beim Surfen auf den Websites automatisch generiert werden. Web. Durch diese Verfahren einige kleine, f\u00fcr den Benutzer [&hellip;]","og_url":"https:\/\/optimismus.es\/de\/cookie-richtlinie\/","og_site_name":"Optimismus","article_modified_time":"2024-11-25T08:59:49+00:00","twitter_card":"summary_large_image","twitter_misc":{"Gesch\u00e4tzte Lesezeit":"4\u00a0Minuten"},"schema":{"@context":"https:\/\/schema.org","@graph":[{"@type":"WebPage","@id":"https:\/\/optimismus.es\/de\/cookie-richtlinie\/","url":"https:\/\/optimismus.es\/de\/cookie-richtlinie\/","name":"Cookie-Richtlinie - Optimismus","isPartOf":{"@id":"https:\/\/optimismus.es\/de\/#website"},"datePublished":"2024-10-29T12:17:37+00:00","dateModified":"2024-11-25T08:59:49+00:00","breadcrumb":{"@id":"https:\/\/optimismus.es\/de\/cookie-richtlinie\/#breadcrumb"},"inLanguage":"de","potentialAction":[{"@type":"ReadAction","target":["https:\/\/optimismus.es\/de\/cookie-richtlinie\/"]}]},{"@type":"BreadcrumbList","@id":"https:\/\/optimismus.es\/de\/cookie-richtlinie\/#breadcrumb","itemListElement":[{"@type":"ListItem","position":1,"name":"Home","item":"https:\/\/optimismus.es\/de\/"},{"@type":"ListItem","position":2,"name":"Cookie-Richtlinie"}]},{"@type":"WebSite","@id":"https:\/\/optimismus.es\/de\/#website","url":"https:\/\/optimismus.es\/de\/","name":"Optimismus","description":"Coworking Spaces","publisher":{"@id":"https:\/\/optimismus.es\/de\/#organization"},"potentialAction":[{"@type":"SearchAction","target":{"@type":"EntryPoint","urlTemplate":"https:\/\/optimismus.es\/de\/?s={search_term_string}"},"query-input":{"@type":"PropertyValueSpecification","valueRequired":true,"valueName":"search_term_string"}}],"inLanguage":"de"},{"@type":"Organization","@id":"https:\/\/optimismus.es\/de\/#organization","name":"Optimismus","url":"https:\/\/optimismus.es\/de\/","logo":{"@type":"ImageObject","inLanguage":"de","@id":"https:\/\/optimismus.es\/de\/#\/schema\/logo\/image\/","url":"https:\/\/optimismus.es\/wp-content\/uploads\/2024\/10\/Logo-Optimismus.svg","contentUrl":"https:\/\/optimismus.es\/wp-content\/uploads\/2024\/10\/Logo-Optimismus.svg","width":432,"height":68,"caption":"Optimismus"},"image":{"@id":"https:\/\/optimismus.es\/de\/#\/schema\/logo\/image\/"}}]}},"_links":{"self":[{"href":"https:\/\/optimismus.es\/de\/wp-json\/wp\/v2\/pages\/1785","targetHints":{"allow":["GET"]}}],"collection":[{"href":"https:\/\/optimismus.es\/de\/wp-json\/wp\/v2\/pages"}],"about":[{"href":"https:\/\/optimismus.es\/de\/wp-json\/wp\/v2\/types\/page"}],"author":[{"embeddable":true,"href":"https:\/\/optimismus.es\/de\/wp-json\/wp\/v2\/users\/1"}],"replies":[{"embeddable":true,"href":"https:\/\/optimismus.es\/de\/wp-json\/wp\/v2\/comments?post=1785"}],"version-history":[{"count":7,"href":"https:\/\/optimismus.es\/de\/wp-json\/wp\/v2\/pages\/1785\/revisions"}],"predecessor-version":[{"id":1809,"href":"https:\/\/optimismus.es\/de\/wp-json\/wp\/v2\/pages\/1785\/revisions\/1809"}],"wp:attachment":[{"href":"https:\/\/optimismus.es\/de\/wp-json\/wp\/v2\/media?parent=1785"}],"curies":[{"name":"wp","href":"https:\/\/api.w.org\/{rel}","templated":true}]}}