{"id":1774,"date":"2024-10-29T13:26:34","date_gmt":"2024-10-29T12:26:34","guid":{"rendered":"https:\/\/optimismus.es\/allgemeine-geschaeftsbedingungen\/"},"modified":"2024-11-25T09:59:52","modified_gmt":"2024-11-25T08:59:52","slug":"allgemeine-geschaeftsbedingungen","status":"publish","type":"page","link":"https:\/\/optimismus.es\/de\/allgemeine-geschaeftsbedingungen\/","title":{"rendered":"Allgemeine Gesch\u00e4ftsbedingungen"},"content":{"rendered":"\t\t<div data-elementor-type=\"wp-page\" data-elementor-id=\"1774\" class=\"elementor elementor-1774 elementor-608\" data-elementor-post-type=\"page\">\n\t\t\t\t<div class=\"elementor-element elementor-element-90424f6 e-flex e-con-boxed e-con e-parent\" data-id=\"90424f6\" data-element_type=\"container\" data-e-type=\"container\" data-settings=\"{&quot;background_background&quot;:&quot;classic&quot;}\">\n\t\t\t\t\t<div class=\"e-con-inner\">\n\t\t\t\t<div class=\"elementor-element elementor-element-f511ab8 elementor-widget elementor-widget-heading\" data-id=\"f511ab8\" data-element_type=\"widget\" data-e-type=\"widget\" data-widget_type=\"heading.default\">\n\t\t\t\t<div class=\"elementor-widget-container\">\n\t\t\t\t\t<h1 class=\"elementor-heading-title elementor-size-default\">Allgemeine Gesch\u00e4ftsbedingungen<\/h1>\t\t\t\t<\/div>\n\t\t\t\t<\/div>\n\t\t\t\t\t<\/div>\n\t\t\t\t<\/div>\n\t\t<div class=\"elementor-element elementor-element-3b8efcfc e-flex e-con-boxed e-con e-parent\" data-id=\"3b8efcfc\" data-element_type=\"container\" data-e-type=\"container\">\n\t\t\t\t\t<div class=\"e-con-inner\">\n\t\t\t\t<div class=\"elementor-element elementor-element-16e28053 elementor-widget elementor-widget-text-editor\" data-id=\"16e28053\" data-element_type=\"widget\" data-e-type=\"widget\" data-widget_type=\"text-editor.default\">\n\t\t\t\t<div class=\"elementor-widget-container\">\n\t\t\t\t\t\t\t\t\t\n<h2 class=\"wp-block-heading\">1.- Rechtliche Informationen.<\/h2>\n\n\n\n<p>In \u00dcbereinstimmung mit dem Gesetz 34\/2002 \u00fcber Dienste der Informationsgesellschaft wird dies erkl\u00e4rt<br> dass: www.optimismus.laminadigital.com (im Folgenden die WEBSITE) eine von CLARO SOL registrierte Domain ist<br> CARTERA, SL (im Folgenden OPTIMISMUS), mit CIF B79156063 und im Register eingetragen<br> Mercantile of Madrid, Band 9.660, Folio 166, Blatt M-88939, mit Sitz in C\/ Ulises,<br> 87, 28043 \u2013 Madrid (Spanien).<br> Sie erreichen uns an unserem Firmensitz unter der Telefonnummer +34645989813,<br> oder per E-Mail an contacta@optimismus.es.<\/p>\n\n\n\n<h2 class=\"wp-block-heading\">2.- Art der Dienstleistungen.<\/h2>\n\n\n\n<p>Der Zugang zur WEBSITE ist kostenlos. Ungeachtet des Vertragsabschlusses der Produkte oder Dienstleistungen<br> die \u00fcber die WEBSITE angeboten werden, k\u00f6nnen einer wirtschaftlichen Gegenleistung unterliegen. <\/p>\n\n\n\n<h2 class=\"wp-block-heading\">3.- Verantwortung des BENUTZERS.<\/h2>\n\n\n\n<p>Die Nutzung der WEBSITE und der darin enthaltenen Informationen durch Dritte ist untersagt.<br> Es liegt am BENUTZER, Aktivit\u00e4ten durchzuf\u00fchren, die gegen das Gesetz, die guten Sitten oder die Ordnung versto\u00dfen<br> \u00f6ffentlich zug\u00e4nglich gemacht werden und im Allgemeinen nicht in \u00dcbereinstimmung mit den von OPTIMISMUS festgelegten Bedingungen verwendet werden.<br>Der NUTZER ist f\u00fcr die Meinungen, Inhalte und allgemein alle Aktivit\u00e4ten verantwortlich<br> durchgef\u00fchrt werden, ohne dass OPTIMISMUS f\u00fcr etwaige Sch\u00e4den oder Verluste haftbar gemacht werden kann<br> aus diesen Aktivit\u00e4ten entstehen k\u00f6nnten, die au\u00dferhalb ihrer Kontrolle liegen und ohne dass sie eine solche haben<br> effektives Wissen \u00fcber sie.<br>Wenn der NUTZER auf der WEBSITE Informationen findet, die sein Recht verletzen k\u00f6nnten<br> Dritter k\u00f6nnen Sie OPTIMISMUS \u00fcber die Medien kontaktieren<br> oben angegeben. OPTIMISMUS wird in diesen F\u00e4llen versuchen, die Informationen zu verarbeiten<br> mit gr\u00f6\u00dfter Sorgfalt und in \u00dcbereinstimmung mit der geltenden Gesetzgebung zu diesem Thema wird die zur\u00fcckziehen<br> Inhalte, die diese Rechte verletzen. <\/p>\n\n\n\n<h2 class=\"wp-block-heading\">4.- Verantwortung von OPTIMISMUS.<\/h2>\n\n\n\n<p>OPTIMISMUS wird mit gr\u00f6\u00dfter Sorgfalt sicherstellen, dass die auf der Website gehosteten Informationen und Inhalte gew\u00e4hrleistet sind<br> Die Website enth\u00e4lt keine Fehler. Wir k\u00f6nnen jedoch nicht daf\u00fcr verantwortlich gemacht werden.<br> im Zugriff auf die WEBSITE oder in deren Inhalten, die au\u00dferhalb unserer Kontrolle liegen.<br> OPTIMISMUS kann das vor\u00fcbergehend und ohne vorherige Ank\u00fcndigung aussetzen<br> Zug\u00e4nglichkeit der WEBSITE aus Gr\u00fcnden der Durchf\u00fchrung von Wartungsarbeiten,<br> reparieren, aktualisieren oder verbessern.<br> OPTIMISMUS ist nicht verantwortlich f\u00fcr:<br> \u25aa die Nichtverf\u00fcgbarkeit, Wartung und Betrieb der Website oder ihrer Dienste<br> oder Inhalte; <\/p>\n\n\n\n<p>\u25aa die mangelnde N\u00fctzlichkeit, Angemessenheit oder G\u00fcltigkeit der WEBSITE oder ihrer Dienste oder Inhalte f\u00fcr<br>Befriedigung spezifischer Bed\u00fcrfnisse, Aktivit\u00e4ten oder Ergebnisse oder Erwartungen der Benutzer;<br>\u25aa das Vorhandensein von Viren in den Inhalten;<br>\u25aa jegliche Nutzung der Inhalte durch Nutzer, insbesondere unerlaubte Nutzungen,<br>fahrl\u00e4ssig, betr\u00fcgerisch oder im Widerspruch zu diesen Allgemeinen Gesch\u00e4ftsbedingungen, Treu und Glauben,<br>f\u00fcr allgemein anerkannte Zwecke und die \u00f6ffentliche Ordnung;<br> \u25aa die Rechtswidrigkeit, mangelnde Qualit\u00e4t, Zuverl\u00e4ssigkeit, N\u00fctzlichkeit und Verf\u00fcgbarkeit der von bereitgestellten Dienste<br> an Dritte weitergegeben und auf der WEBSITE zur Verf\u00fcgung gestellt oder beworben werden;<br> \u25aa Vers\u00e4umnis Dritter, ihren Verpflichtungen oder Zusagen in Bezug auf nachzukommen<br> mit den den Benutzern \u00fcber die WEBSITE bereitgestellten Diensten.<br><\/p>\n\n\n\n<p>5.- Unerw\u00fcnschte E-Mails (SPAM)<br> OPTIMISMUS erlaubt nicht die Verwendung unerw\u00fcnschter elektronischer \u00dcbermittlungen, auch bekannt als<br> wie SPAM oder jeglicher Betrug oder Missbrauch auf unserer WEBSITE. OPTIMISMUS beh\u00e4lt sich das vor<br> Recht, die zust\u00e4ndigen Beh\u00f6rden \u00fcber jede Nutzung der Website zu informieren<br> Website, die im Widerspruch zu den Bestimmungen der geltenden Gesetzgebung und in diesem Dokument steht. <br>6.- Geistiges und gewerbliches Eigentum.<br>Alle Inhalte der WEBSITE (einschlie\u00dflich, aber nicht beschr\u00e4nkt auf Datenbanken,<br> Bilder, Zeichnungen, Grafiken, Textdateien, Audio, Video und Software) sind Eigentum von<br> OPTIMISMUS und sind durch nationale und internationale propriet\u00e4re Standards gesch\u00fctzt<br> geistige und gewerbliche, alle Rechte vorbehalten.<br>Der Domainname, Marken, Etiketten, Unterscheidungszeichen oder<br> Logos, die auf der WEBSITE erscheinen.<br>Alle Texte, Grafiken, Videos oder Audiomedien, die auf zu finden waren<br> zu diesem Zeitpunkt oder in Zukunft auf dieser Internetseite enthalten sind, sind Eigentum von OPTIMISMUS und nicht<br> kann nachtr\u00e4glich ge\u00e4ndert, kopiert, ver\u00e4ndert, vollst\u00e4ndig oder teilweise reproduziert werden,<br> Bearbeitung oder \u00dcbersetzung durch den NUTZER oder Dritte ohne ausdr\u00fcckliche Genehmigung von<br> Teil von OPTIMISMUS.<br>Die unbefugte Nutzung der auf dieser WEBSITE enthaltenen Informationen und die Verletzung von Rechten<br> Die Verletzung geistigen oder gewerblichen Eigentums bringt die gesetzlich festgelegten Verantwortlichkeiten mit sich.<br>Unbeschadet des Vorstehenden kann OPTIMISMUS einige Inhalte unter anderen lizenzieren<br> Modalit\u00e4ten, die von den Angaben abweichen. In diesen F\u00e4llen wird darauf ausdr\u00fccklich hingewiesen<br> eigene Inhalte. <\/p>\n\n\n\n<h2 class=\"wp-block-heading\"><br>7.- Hyperlinks.<\/h2>\n\n\n\n<p><br>OPTIMISMUS erm\u00f6glicht die Einrichtung von Hyperlinks von einer Website Dritter,<br> auf allen Seiten der OPTIMISMUS-WEBSITE vorbehaltlich der Einhaltung der folgenden Bestimmungen<br> Bedingungen:<\/p>\n\n\n\n<p>\u25aa Die auf der WEBSITE gefundenen Hyperlinks wurden zuvor vereinbart<br> mit den Inhabern der verlinkten Webseiten. OPTIMISMUS wird f\u00fcr das B\u00f6se nicht verantwortlich sein<br> Nutzung oder Aktivit\u00e4ten, die gegen das Gesetz, die guten Sitten oder die \u00f6ffentliche Ordnung versto\u00dfen<br> Benutzer auf den verlinkten Seiten. <br>\u25aa Jeder Hyperlink wird auf die Hauptseite der WEBSITE gesetzt.<br>\u25aa Vollst\u00e4ndige oder teilweise Reproduktion der darin enthaltenen Dienste<br> die OPTIMISMUS-WEBSITE.<br>\u25aa Auf den Seiten des werden keine falschen, ungenauen oder unrichtigen Angaben gemacht<br> OPTIMISMUS-WEBSITE und ihre Dienste.<br>\u25aa OPTIMISMUS \u00fcbernimmt keine Verantwortung f\u00fcr die hierunter abgerufenen Inhalte<br> der oben genannten Links, noch der darin vorgenommenen \u00c4nderungen, noch<br> von der Nutzung, die von ihnen gemacht wird, noch von ihrer technischen Verf\u00fcgbarkeit.<\/p>\n\n\n\n<h2 class=\"wp-block-heading\">8.- G\u00fcltigkeit der Nutzungsbedingungen.<\/h2>\n\n\n\n<p>OPTIMISMUS beh\u00e4lt sich das Recht vor, die Nutzungsbedingungen und den Zugang zur SITE zu \u00e4ndern<br> WEB. Diese Bedingungen sind unbefristet. <\/p>\n\n\n\n<h2 class=\"wp-block-heading\">9.- Kekse.<\/h2>\n\n\n\n<p>Diese WEBSITE verwendet Cookies, das sind kleine Datendateien, die in generiert werden<br> auf dem Computer des Nutzers gespeichert werden und die es uns erm\u00f6glichen, folgende Informationen zu erhalten:<br> \u25aa Statistische Daten \u00fcber den Benutzerzugriff auf unsere WEBSITE.<br>\u25aa Das Design der Inhalte, die der Benutzer bei seinem ersten Besuch auf unserer WEBSITE gew\u00e4hlt hat.<br>\u25aa Sicherheitselemente, die an der Zugangskontrolle zu Sperrbereichen beteiligt sind.<br>\u25aa Durchf\u00fchrung von Studien und Tests zum Design und zur Funktionalit\u00e4t unserer WEBSITE.<br>Der Benutzer hat die M\u00f6glichkeit, die Erzeugung von Cookies zu verhindern, indem er die Option ausw\u00e4hlt<br> entsprechende Option in Ihrem Browserprogramm. OPTIMISMUS ist es jedoch nicht<br> daf\u00fcr verantwortlich, dass ihre Deaktivierung die korrekte Funktion verhindern oder einschr\u00e4nken kann<br> Betrieb der Seite. Weitere Informationen zur Cookie-Richtlinie.  <\/p>\n\n\n\n<h2 class=\"wp-block-heading\">10.- Nichtigkeit und Unwirksamkeit der Klauseln.<\/h2>\n\n\n\n<p>Sollte eine in diesen Bedingungen enthaltene Klausel ganz oder teilweise f\u00fcr ung\u00fcltig erkl\u00e4rt werden oder<br> Ist die Nichtigkeit unwirksam, wirkt sich die Nichtigkeit nur auf die besagte Bestimmung oder den Teil davon aus, der wirksam ist<br> nichtig oder unwirksam, die Bedingungen bleiben im \u00dcbrigen bestehen.<\/p>\n\n\n\n<h2 class=\"wp-block-heading\">11.- Anwendbare Gesetzgebung und Gerichtsbarkeit.<\/h2>\n\n\n\n<p>F\u00fcr die Bereitstellung des Dienstes dieser WEBSITE und diese Nutzungsbedingungen gelten die<br> Spanisches Recht.<br> Alle Streitigkeiten, die die \u00fcber diese WEBSITE bereitgestellten Dienste betreffen, sind ausgeschlossen<br> durch die Gerichte der Hauptstadt Madrid gel\u00f6st werden.<\/p>\n\n\n\n<p>\u00a9 2024 CLARO SOL CARTERA, SL Alle Rechte vorbehalten und registriert. Verboten<br> vollst\u00e4ndige oder teilweise Reproduktion. <\/p>\n\t\t\t\t\t\t\t\t<\/div>\n\t\t\t\t<\/div>\n\t\t\t\t\t<\/div>\n\t\t\t\t<\/div>\n\t\t\t\t<\/div>\n\t\t","protected":false},"excerpt":{"rendered":"<p>Allgemeine Gesch\u00e4ftsbedingungen 1.- Rechtliche Informationen. In \u00dcbereinstimmung mit dem Gesetz 34\/2002 \u00fcber Dienste der Informationsgesellschaft wird dies erkl\u00e4rt dass: www.optimismus.laminadigital.com (im Folgenden die WEBSITE) eine von CLARO SOL registrierte Domain ist CARTERA, SL (im Folgenden OPTIMISMUS), mit CIF B79156063 und im Register eingetragen Mercantile of Madrid, Band 9.660, Folio 166, Blatt M-88939, mit Sitz in [&hellip;]<\/p>\n","protected":false},"author":1,"featured_media":0,"parent":0,"menu_order":0,"comment_status":"closed","ping_status":"closed","template":"","meta":{"_joinchat":[],"footnotes":""},"class_list":["post-1774","page","type-page","status-publish","hentry"],"yoast_head":"<!-- This site is optimized with the Yoast SEO plugin v27.4 - https:\/\/yoast.com\/product\/yoast-seo-wordpress\/ -->\n<title>Allgemeine Gesch\u00e4ftsbedingungen - Optimismus<\/title>\n<meta name=\"robots\" content=\"index, follow, max-snippet:-1, max-image-preview:large, max-video-preview:-1\" \/>\n<link rel=\"canonical\" href=\"https:\/\/optimismus.es\/de\/allgemeine-geschaeftsbedingungen\/\" \/>\n<meta property=\"og:locale\" content=\"de_DE\" \/>\n<meta property=\"og:type\" content=\"article\" \/>\n<meta property=\"og:title\" content=\"Allgemeine Gesch\u00e4ftsbedingungen - Optimismus\" \/>\n<meta property=\"og:description\" content=\"Allgemeine Gesch\u00e4ftsbedingungen 1.- Rechtliche Informationen. In \u00dcbereinstimmung mit dem Gesetz 34\/2002 \u00fcber Dienste der Informationsgesellschaft wird dies erkl\u00e4rt dass: www.optimismus.laminadigital.com (im Folgenden die WEBSITE) eine von CLARO SOL registrierte Domain ist CARTERA, SL (im Folgenden OPTIMISMUS), mit CIF B79156063 und im Register eingetragen Mercantile of Madrid, Band 9.660, Folio 166, Blatt M-88939, mit Sitz in [&hellip;]\" \/>\n<meta property=\"og:url\" content=\"https:\/\/optimismus.es\/de\/allgemeine-geschaeftsbedingungen\/\" \/>\n<meta property=\"og:site_name\" content=\"Optimismus\" \/>\n<meta property=\"article:modified_time\" content=\"2024-11-25T08:59:52+00:00\" \/>\n<meta name=\"twitter:card\" content=\"summary_large_image\" \/>\n<meta name=\"twitter:label1\" content=\"Gesch\u00e4tzte Lesezeit\" \/>\n\t<meta name=\"twitter:data1\" content=\"6\u00a0Minuten\" \/>\n<script type=\"application\/ld+json\" class=\"yoast-schema-graph\">{\"@context\":\"https:\\\/\\\/schema.org\",\"@graph\":[{\"@type\":\"WebPage\",\"@id\":\"https:\\\/\\\/optimismus.es\\\/de\\\/allgemeine-geschaeftsbedingungen\\\/\",\"url\":\"https:\\\/\\\/optimismus.es\\\/de\\\/allgemeine-geschaeftsbedingungen\\\/\",\"name\":\"Allgemeine Gesch\u00e4ftsbedingungen - Optimismus\",\"isPartOf\":{\"@id\":\"https:\\\/\\\/optimismus.es\\\/de\\\/#website\"},\"datePublished\":\"2024-10-29T12:26:34+00:00\",\"dateModified\":\"2024-11-25T08:59:52+00:00\",\"breadcrumb\":{\"@id\":\"https:\\\/\\\/optimismus.es\\\/de\\\/allgemeine-geschaeftsbedingungen\\\/#breadcrumb\"},\"inLanguage\":\"de\",\"potentialAction\":[{\"@type\":\"ReadAction\",\"target\":[\"https:\\\/\\\/optimismus.es\\\/de\\\/allgemeine-geschaeftsbedingungen\\\/\"]}]},{\"@type\":\"BreadcrumbList\",\"@id\":\"https:\\\/\\\/optimismus.es\\\/de\\\/allgemeine-geschaeftsbedingungen\\\/#breadcrumb\",\"itemListElement\":[{\"@type\":\"ListItem\",\"position\":1,\"name\":\"Home\",\"item\":\"https:\\\/\\\/optimismus.es\\\/de\\\/\"},{\"@type\":\"ListItem\",\"position\":2,\"name\":\"Allgemeine Gesch\u00e4ftsbedingungen\"}]},{\"@type\":\"WebSite\",\"@id\":\"https:\\\/\\\/optimismus.es\\\/de\\\/#website\",\"url\":\"https:\\\/\\\/optimismus.es\\\/de\\\/\",\"name\":\"Optimismus\",\"description\":\"Coworking Spaces\",\"publisher\":{\"@id\":\"https:\\\/\\\/optimismus.es\\\/de\\\/#organization\"},\"potentialAction\":[{\"@type\":\"SearchAction\",\"target\":{\"@type\":\"EntryPoint\",\"urlTemplate\":\"https:\\\/\\\/optimismus.es\\\/de\\\/?s={search_term_string}\"},\"query-input\":{\"@type\":\"PropertyValueSpecification\",\"valueRequired\":true,\"valueName\":\"search_term_string\"}}],\"inLanguage\":\"de\"},{\"@type\":\"Organization\",\"@id\":\"https:\\\/\\\/optimismus.es\\\/de\\\/#organization\",\"name\":\"Optimismus\",\"url\":\"https:\\\/\\\/optimismus.es\\\/de\\\/\",\"logo\":{\"@type\":\"ImageObject\",\"inLanguage\":\"de\",\"@id\":\"https:\\\/\\\/optimismus.es\\\/de\\\/#\\\/schema\\\/logo\\\/image\\\/\",\"url\":\"https:\\\/\\\/optimismus.es\\\/wp-content\\\/uploads\\\/2024\\\/10\\\/Logo-Optimismus.svg\",\"contentUrl\":\"https:\\\/\\\/optimismus.es\\\/wp-content\\\/uploads\\\/2024\\\/10\\\/Logo-Optimismus.svg\",\"width\":432,\"height\":68,\"caption\":\"Optimismus\"},\"image\":{\"@id\":\"https:\\\/\\\/optimismus.es\\\/de\\\/#\\\/schema\\\/logo\\\/image\\\/\"}}]}<\/script>\n<!-- \/ Yoast SEO plugin. -->","yoast_head_json":{"title":"Allgemeine Gesch\u00e4ftsbedingungen - Optimismus","robots":{"index":"index","follow":"follow","max-snippet":"max-snippet:-1","max-image-preview":"max-image-preview:large","max-video-preview":"max-video-preview:-1"},"canonical":"https:\/\/optimismus.es\/de\/allgemeine-geschaeftsbedingungen\/","og_locale":"de_DE","og_type":"article","og_title":"Allgemeine Gesch\u00e4ftsbedingungen - Optimismus","og_description":"Allgemeine Gesch\u00e4ftsbedingungen 1.- Rechtliche Informationen. In \u00dcbereinstimmung mit dem Gesetz 34\/2002 \u00fcber Dienste der Informationsgesellschaft wird dies erkl\u00e4rt dass: www.optimismus.laminadigital.com (im Folgenden die WEBSITE) eine von CLARO SOL registrierte Domain ist CARTERA, SL (im Folgenden OPTIMISMUS), mit CIF B79156063 und im Register eingetragen Mercantile of Madrid, Band 9.660, Folio 166, Blatt M-88939, mit Sitz in [&hellip;]","og_url":"https:\/\/optimismus.es\/de\/allgemeine-geschaeftsbedingungen\/","og_site_name":"Optimismus","article_modified_time":"2024-11-25T08:59:52+00:00","twitter_card":"summary_large_image","twitter_misc":{"Gesch\u00e4tzte Lesezeit":"6\u00a0Minuten"},"schema":{"@context":"https:\/\/schema.org","@graph":[{"@type":"WebPage","@id":"https:\/\/optimismus.es\/de\/allgemeine-geschaeftsbedingungen\/","url":"https:\/\/optimismus.es\/de\/allgemeine-geschaeftsbedingungen\/","name":"Allgemeine Gesch\u00e4ftsbedingungen - Optimismus","isPartOf":{"@id":"https:\/\/optimismus.es\/de\/#website"},"datePublished":"2024-10-29T12:26:34+00:00","dateModified":"2024-11-25T08:59:52+00:00","breadcrumb":{"@id":"https:\/\/optimismus.es\/de\/allgemeine-geschaeftsbedingungen\/#breadcrumb"},"inLanguage":"de","potentialAction":[{"@type":"ReadAction","target":["https:\/\/optimismus.es\/de\/allgemeine-geschaeftsbedingungen\/"]}]},{"@type":"BreadcrumbList","@id":"https:\/\/optimismus.es\/de\/allgemeine-geschaeftsbedingungen\/#breadcrumb","itemListElement":[{"@type":"ListItem","position":1,"name":"Home","item":"https:\/\/optimismus.es\/de\/"},{"@type":"ListItem","position":2,"name":"Allgemeine Gesch\u00e4ftsbedingungen"}]},{"@type":"WebSite","@id":"https:\/\/optimismus.es\/de\/#website","url":"https:\/\/optimismus.es\/de\/","name":"Optimismus","description":"Coworking Spaces","publisher":{"@id":"https:\/\/optimismus.es\/de\/#organization"},"potentialAction":[{"@type":"SearchAction","target":{"@type":"EntryPoint","urlTemplate":"https:\/\/optimismus.es\/de\/?s={search_term_string}"},"query-input":{"@type":"PropertyValueSpecification","valueRequired":true,"valueName":"search_term_string"}}],"inLanguage":"de"},{"@type":"Organization","@id":"https:\/\/optimismus.es\/de\/#organization","name":"Optimismus","url":"https:\/\/optimismus.es\/de\/","logo":{"@type":"ImageObject","inLanguage":"de","@id":"https:\/\/optimismus.es\/de\/#\/schema\/logo\/image\/","url":"https:\/\/optimismus.es\/wp-content\/uploads\/2024\/10\/Logo-Optimismus.svg","contentUrl":"https:\/\/optimismus.es\/wp-content\/uploads\/2024\/10\/Logo-Optimismus.svg","width":432,"height":68,"caption":"Optimismus"},"image":{"@id":"https:\/\/optimismus.es\/de\/#\/schema\/logo\/image\/"}}]}},"_links":{"self":[{"href":"https:\/\/optimismus.es\/de\/wp-json\/wp\/v2\/pages\/1774","targetHints":{"allow":["GET"]}}],"collection":[{"href":"https:\/\/optimismus.es\/de\/wp-json\/wp\/v2\/pages"}],"about":[{"href":"https:\/\/optimismus.es\/de\/wp-json\/wp\/v2\/types\/page"}],"author":[{"embeddable":true,"href":"https:\/\/optimismus.es\/de\/wp-json\/wp\/v2\/users\/1"}],"replies":[{"embeddable":true,"href":"https:\/\/optimismus.es\/de\/wp-json\/wp\/v2\/comments?post=1774"}],"version-history":[{"count":11,"href":"https:\/\/optimismus.es\/de\/wp-json\/wp\/v2\/pages\/1774\/revisions"}],"predecessor-version":[{"id":1825,"href":"https:\/\/optimismus.es\/de\/wp-json\/wp\/v2\/pages\/1774\/revisions\/1825"}],"wp:attachment":[{"href":"https:\/\/optimismus.es\/de\/wp-json\/wp\/v2\/media?parent=1774"}],"curies":[{"name":"wp","href":"https:\/\/api.w.org\/{rel}","templated":true}]}}